{"id":13505,"date":"2021-03-22T13:22:33","date_gmt":"2021-03-22T17:22:33","guid":{"rendered":"https:\/\/trimaco.wpengine.com\/productos\/papel-de-suelo\/"},"modified":"2022-03-25T14:15:35","modified_gmt":"2022-03-25T18:15:35","slug":"papel-de-suelo","status":"publish","type":"page","link":"https:\/\/trimaco.com\/es\/productos\/papel-de-suelo\/","title":{"rendered":"Papel de suelo"},"content":{"rendered":"<p>Cuando se trata de revestimientos de protecci\u00f3n de suelo, nadie supera la selecci\u00f3n de Trimaco como fabricantes de productos de revestimiento de protecci\u00f3n de suelo. Desde el tradicional papel de pisos de construcci\u00f3n <a href=\"https:\/\/trimaco.com\/es\/productos\/papel-de-suelo\/papel-de-suelo-de-resina-rojo-y-cafe\/\">de Colofonia roja<\/a> &amp; <a href=\"https:\/\/trimaco.com\/es\/productos\/papel-de-suelo\/papel-de-constructor-para-proteccion-de-suelos\/\">de constructor<\/a>, hasta <a href=\"https:\/\/trimaco.com\/es\/productos\/papel-de-suelo\/papel-de-piso-de-proteccion-de-50-lb\/\">el papel de piso de protecci\u00f3n de 50 lb<\/a> y <a href=\"https:\/\/trimaco.com\/es\/productos\/papel-de-suelo\/el-papel-de-parte-superior-blanca-para-construccion\/\">el papel de construcci\u00f3n de parte superior blanca<\/a>, nuestro papel de piso temporal proporcionar\u00e1 una protecci\u00f3n superior en el trabajo.<br \/>\n<br \/>\nEstos papeles de contratista de grado profesional proteger\u00e1n pisos de madera, de vinilo, de lin\u00f3leo, laminados, de concreto, alfombras y m\u00e1s. Mantenga sus pisos protegidos de manchas, pintura, pegamento y suciedad. \u00bfTiene un proyecto de pisos grandes? \u00a1Aseg\u00farese de explorar las opciones <a href=\"https:\/\/trimaco.com\/es\/productos\/papel-de-suelo\/papel-de-constructor-para-proteccion-de-suelos\/\">de papel de papel de tama\u00f1o profesional<\/a>de Trimaco y <a href=\"https:\/\/trimaco.com\/es\/productos\/papel-de-suelo\/papel-de-suelo-de-resina-rojo-y-cafe\/\">papel de colofonia roja<\/a>! Para obtener m\u00e1s informaci\u00f3n sobre todos los productos de protecci\u00f3n de sitios de trabajo de Trimaco, \u00a1eche un vistazo a nuestro <a href=\"https:\/\/trimaco.com\/es\/catalogo-de-productos\/\">cat\u00e1logo completo<\/a>!<\/p>\n","protected":false},"excerpt":{"rendered":"<p>Cuando se trata de revestimientos de protecci\u00f3n de suelo, nadie supera la selecci\u00f3n de Trimaco como fabricantes de productos de revestimiento de protecci\u00f3n de suelo. Desde el tradicional papel de pisos de construcci\u00f3n de Colofonia<a class=\"read-more\" href=\"https:\/\/trimaco.com\/es\/productos\/papel-de-suelo\/\"> &#8230;Continue Reading<\/a><\/p>\n","protected":false},"author":9,"featured_media":16756,"parent":10374,"menu_order":3,"comment_status":"closed","ping_status":"closed","template":"page_products-child.php","meta":{"_acf_changed":false,"footnotes":""},"class_list":["post-13505","page","type-page","status-publish","has-post-thumbnail","hentry"],"acf":[],"yoast_head":"<!-- This site is optimized with the Yoast SEO plugin v27.5 - https:\/\/yoast.com\/product\/yoast-seo-wordpress\/ -->\n<title>Revestimiento para Suelo - Papel Protector de Pisos<\/title>\n<meta name=\"description\" content=\"Nuestra variedad de productos de revestimiento protector de suelos mantendr\u00e1 sus superficies protegidas durante el trabajo.\" \/>\n<meta name=\"robots\" content=\"index, follow, max-snippet:-1, max-image-preview:large, max-video-preview:-1\" \/>\n<link rel=\"canonical\" href=\"https:\/\/trimaco.com\/es\/productos\/papel-de-suelo\/\" \/>\n<meta property=\"og:locale\" content=\"es_ES\" \/>\n<meta property=\"og:type\" content=\"article\" \/>\n<meta property=\"og:title\" content=\"Revestimiento para Suelo - Papel Protector de Pisos\" \/>\n<meta property=\"og:description\" content=\"Nuestra variedad de productos de revestimiento protector de suelos mantendr\u00e1 sus superficies protegidas durante el trabajo.\" \/>\n<meta property=\"og:url\" content=\"https:\/\/trimaco.com\/es\/productos\/papel-de-suelo\/\" \/>\n<meta property=\"og:site_name\" content=\"Trimaco\" \/>\n<meta property=\"article:publisher\" content=\"https:\/\/www.facebook.com\/pages\/Trimaco\/346858225385747?ref=ts\" \/>\n<meta property=\"article:modified_time\" content=\"2022-03-25T18:15:35+00:00\" \/>\n<meta property=\"og:image\" content=\"https:\/\/trimaco.com\/wp-content\/uploads\/2016\/08\/redrosinpaper-1.jpg\" \/>\n\t<meta property=\"og:image:width\" content=\"1000\" \/>\n\t<meta property=\"og:image:height\" content=\"1000\" \/>\n\t<meta property=\"og:image:type\" content=\"image\/jpeg\" \/>\n<meta name=\"twitter:card\" content=\"summary_large_image\" \/>\n<meta name=\"twitter:site\" content=\"@trimacoinc\" \/>\n<meta name=\"twitter:label1\" content=\"Tiempo de lectura\" \/>\n\t<meta name=\"twitter:data1\" content=\"1 minuto\" \/>\n<!-- \/ Yoast SEO plugin. -->","yoast_head_json":{"title":"Revestimiento para Suelo - Papel Protector de Pisos","description":"Nuestra variedad de productos de revestimiento protector de suelos mantendr\u00e1 sus superficies protegidas durante el trabajo.","robots":{"index":"index","follow":"follow","max-snippet":"max-snippet:-1","max-image-preview":"max-image-preview:large","max-video-preview":"max-video-preview:-1"},"canonical":"https:\/\/trimaco.com\/es\/productos\/papel-de-suelo\/","og_locale":"es_ES","og_type":"article","og_title":"Revestimiento para Suelo - Papel Protector de Pisos","og_description":"Nuestra variedad de productos de revestimiento protector de suelos mantendr\u00e1 sus superficies protegidas durante el trabajo.","og_url":"https:\/\/trimaco.com\/es\/productos\/papel-de-suelo\/","og_site_name":"Trimaco","article_publisher":"https:\/\/www.facebook.com\/pages\/Trimaco\/346858225385747?ref=ts","article_modified_time":"2022-03-25T18:15:35+00:00","og_image":[{"width":1000,"height":1000,"url":"https:\/\/trimaco.com\/wp-content\/uploads\/2016\/08\/redrosinpaper-1.jpg","type":"image\/jpeg"}],"twitter_card":"summary_large_image","twitter_site":"@trimacoinc","twitter_misc":{"Tiempo de lectura":"1 minuto"},"schema":{"@context":"https:\/\/schema.org","@graph":[{"@type":"WebPage","@id":"https:\/\/trimaco.com\/es\/productos\/papel-de-suelo\/","url":"https:\/\/trimaco.com\/es\/productos\/papel-de-suelo\/","name":"Revestimiento para Suelo - Papel Protector de Pisos","isPartOf":{"@id":"https:\/\/trimaco.com\/#website"},"primaryImageOfPage":{"@id":"https:\/\/trimaco.com\/es\/productos\/papel-de-suelo\/#primaryimage"},"image":{"@id":"https:\/\/trimaco.com\/es\/productos\/papel-de-suelo\/#primaryimage"},"thumbnailUrl":"https:\/\/trimaco.com\/wp-content\/uploads\/2016\/08\/redrosinpaper-1.jpg","datePublished":"2021-03-22T17:22:33+00:00","dateModified":"2022-03-25T18:15:35+00:00","description":"Nuestra variedad de productos de revestimiento protector de suelos mantendr\u00e1 sus superficies protegidas durante el trabajo.","breadcrumb":{"@id":"https:\/\/trimaco.com\/es\/productos\/papel-de-suelo\/#breadcrumb"},"inLanguage":"es","potentialAction":[{"@type":"ReadAction","target":["https:\/\/trimaco.com\/es\/productos\/papel-de-suelo\/"]}]},{"@type":"ImageObject","inLanguage":"es","@id":"https:\/\/trimaco.com\/es\/productos\/papel-de-suelo\/#primaryimage","url":"https:\/\/trimaco.com\/wp-content\/uploads\/2016\/08\/redrosinpaper-1.jpg","contentUrl":"https:\/\/trimaco.com\/wp-content\/uploads\/2016\/08\/redrosinpaper-1.jpg","width":1000,"height":1000,"caption":"red rosin paper laid out"},{"@type":"BreadcrumbList","@id":"https:\/\/trimaco.com\/es\/productos\/papel-de-suelo\/#breadcrumb","itemListElement":[{"@type":"ListItem","position":1,"name":"Home","item":"https:\/\/trimaco.com\/"},{"@type":"ListItem","position":2,"name":"Productos","item":"https:\/\/trimaco.com\/es\/productos\/"},{"@type":"ListItem","position":3,"name":"Papel de suelo"}]},{"@type":"WebSite","@id":"https:\/\/trimaco.com\/#website","url":"https:\/\/trimaco.com\/","name":"Trimaco","description":"Total Jobsite Protection\u2122","publisher":{"@id":"https:\/\/trimaco.com\/#organization"},"potentialAction":[{"@type":"SearchAction","target":{"@type":"EntryPoint","urlTemplate":"https:\/\/trimaco.com\/?s={search_term_string}"},"query-input":{"@type":"PropertyValueSpecification","valueRequired":true,"valueName":"search_term_string"}}],"inLanguage":"es"},{"@type":"Organization","@id":"https:\/\/trimaco.com\/#organization","name":"Trimaco","url":"https:\/\/trimaco.com\/","logo":{"@type":"ImageObject","inLanguage":"es","@id":"https:\/\/trimaco.com\/#\/schema\/logo\/image\/","url":"https:\/\/trimaco.com\/wp-content\/uploads\/2016\/08\/login-logo.png","contentUrl":"https:\/\/trimaco.com\/wp-content\/uploads\/2016\/08\/login-logo.png","width":450,"height":69,"caption":"Trimaco"},"image":{"@id":"https:\/\/trimaco.com\/#\/schema\/logo\/image\/"},"sameAs":["https:\/\/www.facebook.com\/pages\/Trimaco\/346858225385747?ref=ts","https:\/\/x.com\/trimacoinc","https:\/\/www.instagram.com\/trimaco_inc\/","https:\/\/pinterest.com\/trimaco\/","https:\/\/www.youtube.com\/c\/trimacoinc"]}]}},"_links":{"self":[{"href":"https:\/\/trimaco.com\/es\/wp-json\/wp\/v2\/pages\/13505","targetHints":{"allow":["GET"]}}],"collection":[{"href":"https:\/\/trimaco.com\/es\/wp-json\/wp\/v2\/pages"}],"about":[{"href":"https:\/\/trimaco.com\/es\/wp-json\/wp\/v2\/types\/page"}],"author":[{"embeddable":true,"href":"https:\/\/trimaco.com\/es\/wp-json\/wp\/v2\/users\/9"}],"replies":[{"embeddable":true,"href":"https:\/\/trimaco.com\/es\/wp-json\/wp\/v2\/comments?post=13505"}],"version-history":[{"count":0,"href":"https:\/\/trimaco.com\/es\/wp-json\/wp\/v2\/pages\/13505\/revisions"}],"up":[{"embeddable":true,"href":"https:\/\/trimaco.com\/es\/wp-json\/wp\/v2\/pages\/10374"}],"wp:featuredmedia":[{"embeddable":true,"href":"https:\/\/trimaco.com\/es\/wp-json\/wp\/v2\/media\/16756"}],"wp:attachment":[{"href":"https:\/\/trimaco.com\/es\/wp-json\/wp\/v2\/media?parent=13505"}],"curies":[{"name":"wp","href":"https:\/\/api.w.org\/{rel}","templated":true}]}}