{"id":13324,"date":"2021-02-16T15:21:12","date_gmt":"2021-02-16T19:21:12","guid":{"rendered":"https:\/\/trimaco.wpengine.com\/productos\/proteccion-de-superficies-de-servicio-pesado\/protector-de-superficie-absorbente-supertuff-de-servicio-pesado\/"},"modified":"2025-01-06T15:58:12","modified_gmt":"2025-01-06T19:58:12","slug":"protector-de-superficie-absorbente-supertuff-de-servicio-pesado","status":"publish","type":"page","link":"https:\/\/trimaco.com\/es\/productos\/proteccion-de-superficies-de-servicio-pesado\/protector-de-superficie-absorbente-supertuff-de-servicio-pesado\/","title":{"rendered":"Protector de Superficie Absorbente SuperTuff\u00ae"},"content":{"rendered":"<p>El protector de superficies Supertuff de Trimaco ya no est\u00e1 disponible, pero recomendamos <a href=\"https:\/\/www.surfaceshields.com\/es\/floor-protection\/pro-shield\/\" rel=\"noopener\" target=\"_blank\">Pro Shield\u00ae<\/a> de Surface Shields.<\/em><\/p>\n<p>Este <a href=\"https:\/\/trimaco.com\/es\/productos\/proteccion-de-superficies-de-servicio-pesado\/\">protector de superficie resistente<\/a> es absorbente, antideslizante y reutilizable. Ideal para todas las necesidades de protecci\u00f3n de la construcci\u00f3n. Heavy Duty SuperTuff Surface Protector es perfecto para cualquier trabajo de construcci\u00f3n, reparaci\u00f3n, renovaci\u00f3n o pintura. Cuenta con protecci\u00f3n resistente a los impactos, adem\u00e1s es de larga duraci\u00f3n y f\u00e1cil de limpiar. El tejido absorbente est\u00e1 hecho de botellas de PET recicladas 100% post-consumo. \u00a1Protecci\u00f3n de multi-superficies que se hace en los EE.UU.!<\/p>\n<p>Para usar, simplemente despliegue y superponga capas aproximadamente a media pulgada. \u00a1No se necesita cinta con el respaldo antideslizante! Com\u00fanmente utilizado en las entradas del lugar de trabajo para quitar la suciedad de los zapatos y carros.<\/p>\n<p>Los productos adicionales de protecci\u00f3n de superficies y de construcci\u00f3n de Trimaco incluyen nuestro <a href=\"https:\/\/trimaco.com\/es\/productos\/proteccion-de-superficies-de-servicio-pesado\/proteccion-de-superficie-retardante-de-llamas-aqua-shield\/\">AquaShield<\/a> retardante de llamas y nuestra l\u00ednea completa <a href=\"https:\/\/trimaco.com\/es\/productos\/peliculas-protectoras-de-superficie\/\">de pel\u00edculas protectoras<\/a> y <a href=\"https:\/\/trimaco.com\/es\/productos\/papel-de-suelo\/\">papel de superficies<\/a>.<\/p>\n<ul>\n<li>Resistente a los impactos<\/li>\n<li>Absorbente, antideslizante + reutilizable<\/li>\n<li>Ideal para todo tipo de pisos + mostradores<\/li>\n<li>Herm\u00e9tico<\/li>\n<li>Hecho en los EE.UU.<\/li>\n<li>De larga duraci\u00f3n + f\u00e1cil de limpiar<\/li>\n<\/ul>\n<p><em>Protector de superficie \u00ae SuperTuff de servicio pesado<\/em><\/p>\n<table>\n<tbody>\n<tr>\n<th># de Art\u00edculo<\/th>\n<th>Paquete de<\/th>\n<th>Tama\u00f1o<\/th>\n<\/tr>\n<tr>\n<td>86360<\/td>\n<td>1<\/td>\n<td>36&#8243; x 6&#8242;<\/td>\n<\/tr>\n<tr>\n<td>86365<\/td>\n<td>1<\/td>\n<td>36&#8243; x 50&#8242;<\/td>\n<\/tr>\n<tr>\n<td>86100<\/td>\n<td>1<\/td>\n<td>36&#8243; x 100&#8242;<\/td>\n<\/tr>\n<\/tbody>\n<\/table>\n<p><em>S\u00f3lo para uso temporal. Trimaco no es responsable por problemas de adhesi\u00f3n. Pruebe antes de usar. Consulte con el fabricante de pisos y\/o acabados para determinar si este producto es adecuado para usar antes del curado. No lo utilice cuando el producto no pueda fijarse firmemente a la superficie. En ning\u00fan caso la responsabilidad agregada de Trimaco exceder\u00e1 la cantidad pagada por este producto.<\/em><\/p>\n","protected":false},"excerpt":{"rendered":"<p>Protecci\u00f3n resistente, absorbente y antideslizante para suelos y mesones.<\/p>\n","protected":false},"author":2,"featured_media":13326,"parent":10376,"menu_order":9,"comment_status":"closed","ping_status":"closed","template":"page_products-grandchild.php","meta":{"_acf_changed":false,"footnotes":""},"class_list":["post-13324","page","type-page","status-publish","has-post-thumbnail","hentry"],"acf":[],"yoast_head":"<!-- This site is optimized with the Yoast SEO plugin v27.3 - https:\/\/yoast.com\/product\/yoast-seo-wordpress\/ -->\n<title>Protecci\u00f3n de Superficies durante Construcci\u00f3n - SuperTuff<\/title>\n<meta name=\"description\" content=\"Este protector de superficie absorbente es resistente a los impactos, antideslizante y reutilizable. Ideal para todas sus necesidades en cualquier construcci\u00f3n.\" \/>\n<meta name=\"robots\" content=\"index, follow, max-snippet:-1, max-image-preview:large, max-video-preview:-1\" \/>\n<link rel=\"canonical\" href=\"https:\/\/trimaco.com\/es\/productos\/proteccion-de-superficies-de-servicio-pesado\/protector-de-superficie-absorbente-supertuff-de-servicio-pesado\/\" \/>\n<meta property=\"og:locale\" content=\"es_ES\" \/>\n<meta property=\"og:type\" content=\"article\" \/>\n<meta property=\"og:title\" content=\"Protecci\u00f3n de Superficies durante Construcci\u00f3n - SuperTuff\" \/>\n<meta property=\"og:description\" content=\"Este protector de superficie absorbente es resistente a los impactos, antideslizante y reutilizable. Ideal para todas sus necesidades en cualquier construcci\u00f3n.\" \/>\n<meta property=\"og:url\" content=\"https:\/\/trimaco.com\/es\/productos\/proteccion-de-superficies-de-servicio-pesado\/protector-de-superficie-absorbente-supertuff-de-servicio-pesado\/\" \/>\n<meta property=\"og:site_name\" content=\"Trimaco\" \/>\n<meta property=\"article:publisher\" content=\"https:\/\/www.facebook.com\/pages\/Trimaco\/346858225385747?ref=ts\" \/>\n<meta property=\"article:modified_time\" content=\"2025-01-06T19:58:12+00:00\" \/>\n<meta property=\"og:image\" content=\"https:\/\/trimaco.com\/wp-content\/uploads\/2016\/10\/supertuff-2.jpg\" \/>\n\t<meta property=\"og:image:width\" content=\"1000\" \/>\n\t<meta property=\"og:image:height\" content=\"1000\" \/>\n\t<meta property=\"og:image:type\" content=\"image\/jpeg\" \/>\n<meta name=\"twitter:card\" content=\"summary_large_image\" \/>\n<meta name=\"twitter:site\" content=\"@trimacoinc\" \/>\n<meta name=\"twitter:label1\" content=\"Tiempo de lectura\" \/>\n\t<meta name=\"twitter:data1\" content=\"2 minutos\" \/>\n<!-- \/ Yoast SEO plugin. -->","yoast_head_json":{"title":"Protecci\u00f3n de Superficies durante Construcci\u00f3n - SuperTuff","description":"Este protector de superficie absorbente es resistente a los impactos, antideslizante y reutilizable. Ideal para todas sus necesidades en cualquier construcci\u00f3n.","robots":{"index":"index","follow":"follow","max-snippet":"max-snippet:-1","max-image-preview":"max-image-preview:large","max-video-preview":"max-video-preview:-1"},"canonical":"https:\/\/trimaco.com\/es\/productos\/proteccion-de-superficies-de-servicio-pesado\/protector-de-superficie-absorbente-supertuff-de-servicio-pesado\/","og_locale":"es_ES","og_type":"article","og_title":"Protecci\u00f3n de Superficies durante Construcci\u00f3n - SuperTuff","og_description":"Este protector de superficie absorbente es resistente a los impactos, antideslizante y reutilizable. Ideal para todas sus necesidades en cualquier construcci\u00f3n.","og_url":"https:\/\/trimaco.com\/es\/productos\/proteccion-de-superficies-de-servicio-pesado\/protector-de-superficie-absorbente-supertuff-de-servicio-pesado\/","og_site_name":"Trimaco","article_publisher":"https:\/\/www.facebook.com\/pages\/Trimaco\/346858225385747?ref=ts","article_modified_time":"2025-01-06T19:58:12+00:00","og_image":[{"width":1000,"height":1000,"url":"https:\/\/trimaco.com\/wp-content\/uploads\/2016\/10\/supertuff-2.jpg","type":"image\/jpeg"}],"twitter_card":"summary_large_image","twitter_site":"@trimacoinc","twitter_misc":{"Tiempo de lectura":"2 minutos"},"schema":{"@context":"https:\/\/schema.org","@graph":[{"@type":"WebPage","@id":"https:\/\/trimaco.com\/es\/productos\/proteccion-de-superficies-de-servicio-pesado\/protector-de-superficie-absorbente-supertuff-de-servicio-pesado\/","url":"https:\/\/trimaco.com\/es\/productos\/proteccion-de-superficies-de-servicio-pesado\/protector-de-superficie-absorbente-supertuff-de-servicio-pesado\/","name":"Protecci\u00f3n de Superficies durante Construcci\u00f3n - SuperTuff","isPartOf":{"@id":"https:\/\/trimaco.com\/#website"},"primaryImageOfPage":{"@id":"https:\/\/trimaco.com\/es\/productos\/proteccion-de-superficies-de-servicio-pesado\/protector-de-superficie-absorbente-supertuff-de-servicio-pesado\/#primaryimage"},"image":{"@id":"https:\/\/trimaco.com\/es\/productos\/proteccion-de-superficies-de-servicio-pesado\/protector-de-superficie-absorbente-supertuff-de-servicio-pesado\/#primaryimage"},"thumbnailUrl":"https:\/\/trimaco.com\/wp-content\/uploads\/2016\/10\/supertuff-2.jpg","datePublished":"2021-02-16T19:21:12+00:00","dateModified":"2025-01-06T19:58:12+00:00","description":"Este protector de superficie absorbente es resistente a los impactos, antideslizante y reutilizable. Ideal para todas sus necesidades en cualquier construcci\u00f3n.","breadcrumb":{"@id":"https:\/\/trimaco.com\/es\/productos\/proteccion-de-superficies-de-servicio-pesado\/protector-de-superficie-absorbente-supertuff-de-servicio-pesado\/#breadcrumb"},"inLanguage":"es","potentialAction":[{"@type":"ReadAction","target":["https:\/\/trimaco.com\/es\/productos\/proteccion-de-superficies-de-servicio-pesado\/protector-de-superficie-absorbente-supertuff-de-servicio-pesado\/"]}]},{"@type":"ImageObject","inLanguage":"es","@id":"https:\/\/trimaco.com\/es\/productos\/proteccion-de-superficies-de-servicio-pesado\/protector-de-superficie-absorbente-supertuff-de-servicio-pesado\/#primaryimage","url":"https:\/\/trimaco.com\/wp-content\/uploads\/2016\/10\/supertuff-2.jpg","contentUrl":"https:\/\/trimaco.com\/wp-content\/uploads\/2016\/10\/supertuff-2.jpg","width":1000,"height":1000,"caption":"Stairs covered with a heavy-duty absorbent surface protector"},{"@type":"BreadcrumbList","@id":"https:\/\/trimaco.com\/es\/productos\/proteccion-de-superficies-de-servicio-pesado\/protector-de-superficie-absorbente-supertuff-de-servicio-pesado\/#breadcrumb","itemListElement":[{"@type":"ListItem","position":1,"name":"Home","item":"https:\/\/trimaco.com\/"},{"@type":"ListItem","position":2,"name":"Productos","item":"https:\/\/trimaco.com\/es\/productos\/"},{"@type":"ListItem","position":3,"name":"Protecci\u00f3n de Superficies para Trabajo Pesado","item":"https:\/\/trimaco.com\/es\/productos\/proteccion-de-superficies-de-servicio-pesado\/"},{"@type":"ListItem","position":4,"name":"Protector de Superficie Absorbente SuperTuff\u00ae"}]},{"@type":"WebSite","@id":"https:\/\/trimaco.com\/#website","url":"https:\/\/trimaco.com\/","name":"Trimaco","description":"Total Jobsite Protection\u2122","publisher":{"@id":"https:\/\/trimaco.com\/#organization"},"potentialAction":[{"@type":"SearchAction","target":{"@type":"EntryPoint","urlTemplate":"https:\/\/trimaco.com\/?s={search_term_string}"},"query-input":{"@type":"PropertyValueSpecification","valueRequired":true,"valueName":"search_term_string"}}],"inLanguage":"es"},{"@type":"Organization","@id":"https:\/\/trimaco.com\/#organization","name":"Trimaco","url":"https:\/\/trimaco.com\/","logo":{"@type":"ImageObject","inLanguage":"es","@id":"https:\/\/trimaco.com\/#\/schema\/logo\/image\/","url":"https:\/\/trimaco.com\/wp-content\/uploads\/2016\/08\/login-logo.png","contentUrl":"https:\/\/trimaco.com\/wp-content\/uploads\/2016\/08\/login-logo.png","width":450,"height":69,"caption":"Trimaco"},"image":{"@id":"https:\/\/trimaco.com\/#\/schema\/logo\/image\/"},"sameAs":["https:\/\/www.facebook.com\/pages\/Trimaco\/346858225385747?ref=ts","https:\/\/x.com\/trimacoinc","https:\/\/www.instagram.com\/trimaco_inc\/","https:\/\/pinterest.com\/trimaco\/","https:\/\/www.youtube.com\/c\/trimacoinc"]}]}},"_links":{"self":[{"href":"https:\/\/trimaco.com\/es\/wp-json\/wp\/v2\/pages\/13324","targetHints":{"allow":["GET"]}}],"collection":[{"href":"https:\/\/trimaco.com\/es\/wp-json\/wp\/v2\/pages"}],"about":[{"href":"https:\/\/trimaco.com\/es\/wp-json\/wp\/v2\/types\/page"}],"author":[{"embeddable":true,"href":"https:\/\/trimaco.com\/es\/wp-json\/wp\/v2\/users\/2"}],"replies":[{"embeddable":true,"href":"https:\/\/trimaco.com\/es\/wp-json\/wp\/v2\/comments?post=13324"}],"version-history":[{"count":0,"href":"https:\/\/trimaco.com\/es\/wp-json\/wp\/v2\/pages\/13324\/revisions"}],"up":[{"embeddable":true,"href":"https:\/\/trimaco.com\/es\/wp-json\/wp\/v2\/pages\/10376"}],"wp:featuredmedia":[{"embeddable":true,"href":"https:\/\/trimaco.com\/es\/wp-json\/wp\/v2\/media\/13326"}],"wp:attachment":[{"href":"https:\/\/trimaco.com\/es\/wp-json\/wp\/v2\/media?parent=13324"}],"curies":[{"name":"wp","href":"https:\/\/api.w.org\/{rel}","templated":true}]}}