{"id":13322,"date":"2021-02-16T15:15:24","date_gmt":"2021-02-16T19:15:24","guid":{"rendered":"https:\/\/trimaco.wpengine.com\/productos\/proteccion-de-superficies-de-servicio-pesado\/supertuff-tack-back-para-trabajos-pesados-2\/"},"modified":"2024-04-08T17:00:10","modified_gmt":"2024-04-08T21:00:10","slug":"supertuff-tack-back-para-trabajos-pesados-2","status":"publish","type":"page","link":"https:\/\/trimaco.com\/es\/productos\/proteccion-de-superficies-de-servicio-pesado\/supertuff-tack-back-para-trabajos-pesados-2\/","title":{"rendered":"Rollo SuperTuff\u00ae Para Proteger Suelo de Cargas Pesadas"},"content":{"rendered":"<p>El SuperTuff\u00ae Tack Back para trabajos pesados es resistente a las filtraciones y se queda donde la colocas. El rollo de protecci\u00f3n de suelos consta de dos capas: Una capa absorbente hecha de una mezcla de PET reciclado post-consumo y post-industrial y una l\u00e1mina protectora de pel\u00edcula PET con un adhesivo sensible a la presi\u00f3n acuosa.<\/p>\n<p>El respaldo adhesivo permite la protecci\u00f3n de superficies de trabajo verticales y horizontales, como suelos o mesones. Adem\u00e1s, es f\u00e1cil de usar y quitar de superficies duras. Este protector de superficies de servicio pesado puede soportar montacargas y alto tr\u00e1fico durante un largo per\u00edodo de tiempo, por lo tanto, es ideal para ser usado como una alfombrilla para evitar las marcas de pintura, suciedad, agua o suelo en el lugar de trabajo. Reduzca las limpiezas desordenadas protegiendo su lugar de trabajo y materiales con el SuperTuff Tack Back.<\/p>\n<ul>\n<li>Respaldo adhesivo para resistencia al deslizamiento<\/li>\n<li>Resistente a las filtraciones<\/li>\n<li>Funciona en una gran variedad de superficies<\/li>\n<li>Durabilidad superior para equipos pesados<\/li>\n<li>Protecci\u00f3n de la superficie contra aceites, l\u00edquidos, pintura + otros derrames<\/li>\n<li>F\u00e1cil de quitar<\/li>\n<li>Hecho en los EE.UU.<\/li>\n<li>Rollo de protecci\u00f3n de suelo y superficie de larga duraci\u00f3n<\/li>\n<\/ul>\n<p>Aseg\u00farese de explorar la l\u00ednea completa de <a href=\"https:\/\/trimaco.com\/es\/productos\/proteccion-de-superficies-de-servicio-pesado\/\">protectores de superficie<\/a> de servicio pesado y otros productos de protecci\u00f3n de Trimaco.<\/p>\n<p><em>Heavy Duty SuperTuff Tack Back<\/em><\/p>\n<table>\n<tbody>\n<tr>\n<th># de Art\u00edculo<\/th>\n<th>Paquete<\/th>\n<th>Tama\u00f1o<\/th>\n<\/tr>\n<tr>\n<td>86550<\/td>\n<td>1<\/td>\n<td>36&#8243; x 50&#8242;<\/td>\n<\/tr>\n<tr>\n<td>86510<\/td>\n<td>1<\/td>\n<td>36&#8243; x 100&#8242;<\/td>\n<\/tr>\n<\/tbody>\n<\/table>\n<p><em>S\u00f3lo para uso temporal. Deje hasta 60 d\u00edas sobre la superficie. Para uso en temperaturas de 0-140oF. Trimaco no es responsable por problemas de adhesi\u00f3n. Todos los productos adhesivos tienen cierto potencial para dejar residuos o levantar o descolorar revestimientos de acabado, pintura, y baldosas sueltas o que est\u00e1n ya da\u00f1adas dependiendo de la condici\u00f3n y la edad de la superficie del suelo. Prueba en un \u00e1rea no cr\u00edtica antes de su uso. Consulte con el fabricante de pisos y\/o acabados para determinar si este producto es adecuado para usar antes del curado. No se recomienda para pisos de madera acabados en el sitio, hormig\u00f3n pulido, hormig\u00f3n no completamente curado, piedra caliza, o \u00e1reas con lluvia intensa y viento. No aplicar sobre superficies h\u00famedas o h\u00famedas. No lo utilice cuando el producto no pueda fijarse firmemente a la superficie. El Cliente asume el riesgo de que lel producto SuperTuff Tack Back pueda da\u00f1ar o alterar el pavimento o revestimiento del suelo existente del cliente. Trimaco no ofrece ninguna garant\u00eda de idoneidad para un prop\u00f3sito particular y ninguna garant\u00eda de que el uso de una alfombrilla con respaldo adhesivo ser\u00e1 aceptable para su uso en las instalaciones del cliente. Trimaco no tendr\u00e1 ninguna responsabilidad y el cliente por la presente libera y descarga a Trimaco de cualquier da\u00f1o directo, indirecto, incidental o consecuente a los pisos, material de pisos, o cualquier otra superficie del cliente. El Cliente es el \u00fanico responsable de determinar la idoneidad y adecuaci\u00f3n del uso de un producto de Trimaco con respaldo adhesivo en las instalaciones del cliente. En ning\u00fan caso la responsabilidad agregada de Trimaco exceder\u00e1 la cantidad pagada por este producto.<\/em><\/p>\n","protected":false},"excerpt":{"rendered":"<p>Protecci\u00f3n resistente a las fugas de dos capas con un respaldo pegajoso.<\/p>\n","protected":false},"author":2,"featured_media":9889,"parent":10376,"menu_order":8,"comment_status":"closed","ping_status":"closed","template":"page_products-grandchild.php","meta":{"_acf_changed":false,"footnotes":""},"class_list":["post-13322","page","type-page","status-publish","has-post-thumbnail","hentry"],"acf":[],"yoast_head":"<!-- This site is optimized with the Yoast SEO plugin v27.3 - https:\/\/yoast.com\/product\/yoast-seo-wordpress\/ -->\n<title>Rollo SuperTuff\u00ae Para Proteger Suelo - Trimaco<\/title>\n<meta name=\"description\" content=\"El SuperTuff es un rollo de protecci\u00f3n de suelo ideal para trabajos pesados que puede soportar montacargas y tr\u00e1fico durante un largo per\u00edodo de tiempo.\" \/>\n<meta name=\"robots\" content=\"index, follow, max-snippet:-1, max-image-preview:large, max-video-preview:-1\" \/>\n<link rel=\"canonical\" href=\"https:\/\/trimaco.com\/es\/productos\/proteccion-de-superficies-de-servicio-pesado\/supertuff-tack-back-para-trabajos-pesados-2\/\" \/>\n<meta property=\"og:locale\" content=\"es_ES\" \/>\n<meta property=\"og:type\" content=\"article\" \/>\n<meta property=\"og:title\" content=\"Rollo SuperTuff\u00ae Para Proteger Suelo - Trimaco\" \/>\n<meta property=\"og:description\" content=\"El SuperTuff es un rollo de protecci\u00f3n de suelo ideal para trabajos pesados que puede soportar montacargas y tr\u00e1fico durante un largo per\u00edodo de tiempo.\" \/>\n<meta property=\"og:url\" content=\"https:\/\/trimaco.com\/es\/productos\/proteccion-de-superficies-de-servicio-pesado\/supertuff-tack-back-para-trabajos-pesados-2\/\" \/>\n<meta property=\"og:site_name\" content=\"Trimaco\" \/>\n<meta property=\"article:publisher\" content=\"https:\/\/www.facebook.com\/pages\/Trimaco\/346858225385747?ref=ts\" \/>\n<meta property=\"article:modified_time\" content=\"2024-04-08T21:00:10+00:00\" \/>\n<meta property=\"og:image\" content=\"https:\/\/trimaco.com\/wp-content\/uploads\/2020\/09\/Tack-Back-scaled.jpg\" \/>\n\t<meta property=\"og:image:width\" content=\"1024\" \/>\n\t<meta property=\"og:image:height\" content=\"683\" \/>\n\t<meta property=\"og:image:type\" content=\"image\/jpeg\" \/>\n<meta name=\"twitter:card\" content=\"summary_large_image\" \/>\n<meta name=\"twitter:site\" content=\"@trimacoinc\" \/>\n<meta name=\"twitter:label1\" content=\"Tiempo de lectura\" \/>\n\t<meta name=\"twitter:data1\" content=\"3 minutos\" \/>\n<!-- \/ Yoast SEO plugin. -->","yoast_head_json":{"title":"Rollo SuperTuff\u00ae Para Proteger Suelo - Trimaco","description":"El SuperTuff es un rollo de protecci\u00f3n de suelo ideal para trabajos pesados que puede soportar montacargas y tr\u00e1fico durante un largo per\u00edodo de tiempo.","robots":{"index":"index","follow":"follow","max-snippet":"max-snippet:-1","max-image-preview":"max-image-preview:large","max-video-preview":"max-video-preview:-1"},"canonical":"https:\/\/trimaco.com\/es\/productos\/proteccion-de-superficies-de-servicio-pesado\/supertuff-tack-back-para-trabajos-pesados-2\/","og_locale":"es_ES","og_type":"article","og_title":"Rollo SuperTuff\u00ae Para Proteger Suelo - Trimaco","og_description":"El SuperTuff es un rollo de protecci\u00f3n de suelo ideal para trabajos pesados que puede soportar montacargas y tr\u00e1fico durante un largo per\u00edodo de tiempo.","og_url":"https:\/\/trimaco.com\/es\/productos\/proteccion-de-superficies-de-servicio-pesado\/supertuff-tack-back-para-trabajos-pesados-2\/","og_site_name":"Trimaco","article_publisher":"https:\/\/www.facebook.com\/pages\/Trimaco\/346858225385747?ref=ts","article_modified_time":"2024-04-08T21:00:10+00:00","og_image":[{"width":1024,"height":683,"url":"https:\/\/trimaco.com\/wp-content\/uploads\/2020\/09\/Tack-Back-scaled.jpg","type":"image\/jpeg"}],"twitter_card":"summary_large_image","twitter_site":"@trimacoinc","twitter_misc":{"Tiempo de lectura":"3 minutos"},"schema":{"@context":"https:\/\/schema.org","@graph":[{"@type":"WebPage","@id":"https:\/\/trimaco.com\/es\/productos\/proteccion-de-superficies-de-servicio-pesado\/supertuff-tack-back-para-trabajos-pesados-2\/","url":"https:\/\/trimaco.com\/es\/productos\/proteccion-de-superficies-de-servicio-pesado\/supertuff-tack-back-para-trabajos-pesados-2\/","name":"Rollo SuperTuff\u00ae Para Proteger Suelo - Trimaco","isPartOf":{"@id":"https:\/\/trimaco.com\/#website"},"primaryImageOfPage":{"@id":"https:\/\/trimaco.com\/es\/productos\/proteccion-de-superficies-de-servicio-pesado\/supertuff-tack-back-para-trabajos-pesados-2\/#primaryimage"},"image":{"@id":"https:\/\/trimaco.com\/es\/productos\/proteccion-de-superficies-de-servicio-pesado\/supertuff-tack-back-para-trabajos-pesados-2\/#primaryimage"},"thumbnailUrl":"https:\/\/trimaco.com\/wp-content\/uploads\/2020\/09\/Tack-Back-scaled.jpg","datePublished":"2021-02-16T19:15:24+00:00","dateModified":"2024-04-08T21:00:10+00:00","description":"El SuperTuff es un rollo de protecci\u00f3n de suelo ideal para trabajos pesados que puede soportar montacargas y tr\u00e1fico durante un largo per\u00edodo de tiempo.","breadcrumb":{"@id":"https:\/\/trimaco.com\/es\/productos\/proteccion-de-superficies-de-servicio-pesado\/supertuff-tack-back-para-trabajos-pesados-2\/#breadcrumb"},"inLanguage":"es","potentialAction":[{"@type":"ReadAction","target":["https:\/\/trimaco.com\/es\/productos\/proteccion-de-superficies-de-servicio-pesado\/supertuff-tack-back-para-trabajos-pesados-2\/"]}]},{"@type":"ImageObject","inLanguage":"es","@id":"https:\/\/trimaco.com\/es\/productos\/proteccion-de-superficies-de-servicio-pesado\/supertuff-tack-back-para-trabajos-pesados-2\/#primaryimage","url":"https:\/\/trimaco.com\/wp-content\/uploads\/2020\/09\/Tack-Back-scaled.jpg","contentUrl":"https:\/\/trimaco.com\/wp-content\/uploads\/2020\/09\/Tack-Back-scaled.jpg","width":1024,"height":683,"caption":"SuperTuff Tack Back"},{"@type":"BreadcrumbList","@id":"https:\/\/trimaco.com\/es\/productos\/proteccion-de-superficies-de-servicio-pesado\/supertuff-tack-back-para-trabajos-pesados-2\/#breadcrumb","itemListElement":[{"@type":"ListItem","position":1,"name":"Home","item":"https:\/\/trimaco.com\/"},{"@type":"ListItem","position":2,"name":"Productos","item":"https:\/\/trimaco.com\/es\/productos\/"},{"@type":"ListItem","position":3,"name":"Protecci\u00f3n de Superficies para Trabajo Pesado","item":"https:\/\/trimaco.com\/es\/productos\/proteccion-de-superficies-de-servicio-pesado\/"},{"@type":"ListItem","position":4,"name":"Rollo SuperTuff\u00ae Para Proteger Suelo de Cargas Pesadas"}]},{"@type":"WebSite","@id":"https:\/\/trimaco.com\/#website","url":"https:\/\/trimaco.com\/","name":"Trimaco","description":"Total Jobsite Protection\u2122","publisher":{"@id":"https:\/\/trimaco.com\/#organization"},"potentialAction":[{"@type":"SearchAction","target":{"@type":"EntryPoint","urlTemplate":"https:\/\/trimaco.com\/?s={search_term_string}"},"query-input":{"@type":"PropertyValueSpecification","valueRequired":true,"valueName":"search_term_string"}}],"inLanguage":"es"},{"@type":"Organization","@id":"https:\/\/trimaco.com\/#organization","name":"Trimaco","url":"https:\/\/trimaco.com\/","logo":{"@type":"ImageObject","inLanguage":"es","@id":"https:\/\/trimaco.com\/#\/schema\/logo\/image\/","url":"https:\/\/trimaco.com\/wp-content\/uploads\/2016\/08\/login-logo.png","contentUrl":"https:\/\/trimaco.com\/wp-content\/uploads\/2016\/08\/login-logo.png","width":450,"height":69,"caption":"Trimaco"},"image":{"@id":"https:\/\/trimaco.com\/#\/schema\/logo\/image\/"},"sameAs":["https:\/\/www.facebook.com\/pages\/Trimaco\/346858225385747?ref=ts","https:\/\/x.com\/trimacoinc","https:\/\/www.instagram.com\/trimaco_inc\/","https:\/\/pinterest.com\/trimaco\/","https:\/\/www.youtube.com\/c\/trimacoinc"]}]}},"_links":{"self":[{"href":"https:\/\/trimaco.com\/es\/wp-json\/wp\/v2\/pages\/13322","targetHints":{"allow":["GET"]}}],"collection":[{"href":"https:\/\/trimaco.com\/es\/wp-json\/wp\/v2\/pages"}],"about":[{"href":"https:\/\/trimaco.com\/es\/wp-json\/wp\/v2\/types\/page"}],"author":[{"embeddable":true,"href":"https:\/\/trimaco.com\/es\/wp-json\/wp\/v2\/users\/2"}],"replies":[{"embeddable":true,"href":"https:\/\/trimaco.com\/es\/wp-json\/wp\/v2\/comments?post=13322"}],"version-history":[{"count":0,"href":"https:\/\/trimaco.com\/es\/wp-json\/wp\/v2\/pages\/13322\/revisions"}],"up":[{"embeddable":true,"href":"https:\/\/trimaco.com\/es\/wp-json\/wp\/v2\/pages\/10376"}],"wp:featuredmedia":[{"embeddable":true,"href":"https:\/\/trimaco.com\/es\/wp-json\/wp\/v2\/media\/9889"}],"wp:attachment":[{"href":"https:\/\/trimaco.com\/es\/wp-json\/wp\/v2\/media?parent=13322"}],"curies":[{"name":"wp","href":"https:\/\/api.w.org\/{rel}","templated":true}]}}