{"id":13318,"date":"2021-02-16T14:53:15","date_gmt":"2021-02-16T18:53:15","guid":{"rendered":"https:\/\/trimaco.wpengine.com\/productos\/proteccion-de-superficies-de-servicio-pesado\/edicion-de-protector-de-cabina-de-pulverizacion-aquashield\/"},"modified":"2024-04-08T16:58:47","modified_gmt":"2024-04-08T20:58:47","slug":"edicion-de-protector-de-cabina-de-pulverizacion-aquashield","status":"publish","type":"page","link":"https:\/\/trimaco.com\/es\/productos\/proteccion-de-superficies-de-servicio-pesado\/edicion-de-protector-de-cabina-de-pulverizacion-aquashield\/","title":{"rendered":"Cabina de Pulverizaci\u00f3n AquaShield"},"content":{"rendered":"<h2>Protecci\u00f3n de cabina de pulverizaci\u00f3n ign\u00edfuga<\/h2>\n<p>Se utiliza para cubrir suelos y paredes de su \u00e1rea de trabajo durante el proceso de solicitud. Esta edici\u00f3n del Protector de cabina de pulverizaci\u00f3n Aqua Shield es ign\u00edfuga, a prueba de fugas, antideslizante, antiest\u00e1tica y duradera. Tambi\u00e9n proporciona protecci\u00f3n libre de polvo y se puede reciclar una vez que haya terminado con \u00e9l. \u00bfQu\u00e9 hace que esta versi\u00f3n de AquaShield sea genial? \u00a1Hemos hecho el protector de cabina de pulverizaci\u00f3n de color blanco para una mejor visibilidad! <\/p>\n<p>Este protector de superficie ligero de 10mil tiene todas las mismas grandes cualidades que el AquaShield original. El color blanco brillante y neutro elimina el riesgo de demasiadas capas o un acabado contaminado en su \u00e1rea de trabajo. Mantenga el valor de su cabina de pulverizaci\u00f3n de pintura y evite el polvo no deseado, la pulverizaci\u00f3n de pintura, la pintura seca y la suciedad con el protector de superficie m\u00e1s nuevo de Trimaco.<\/p>\n<ul>\n<li>Ideal para cabinas de pulverizaci\u00f3n<\/li>\n<li>Retardador de llamas + antiest\u00e1tico<\/li>\n<li>Textura libre de polvo + antideslizante<\/li>\n<li>Protecci\u00f3n a prueba de fugas + duradera<\/li>\n<li>Blanco para una mejor visibilidad<\/li>\n<li>Instalaci\u00f3n r\u00e1pida + f\u00e1cil del equipo<\/li>\n<\/ul>\n<p><em>AquaShield\u00ae Edici\u00f3n Protector de cabina de pulverizaci\u00f3n<\/em><\/p>\n<table>\n<tbody>\n<tr>\n<th># de Art\u00edculo<\/th>\n<th>Mil (Grosor)<\/th>\n<th>Paquete de<\/th>\n<th>Tama\u00f1o<\/th>\n<\/tr>\n<tr>\n<td>87210<\/td>\n<td>10 mil<\/td>\n<td>1<\/td>\n<td>36&#8243; x 140&#8242;<\/td>\n<\/tr>\n<\/tbody>\n<\/table>\n<p><em><a href=\"https:\/\/trimaco.com\/es\/productos\/cintas-de-trabajo-pesado\/la-cinta-de-union-aqua-shield-recubierta-de-pe-para-pisos\/\">Cinta de uni\u00f3n AquaShield<\/a> <\/em><\/p>\n<table>\n<tbody>\n<tr>\n<th># de Art\u00edculo<\/th>\n<th>Paquete de<\/th>\n<th>Tama\u00f1o<\/th>\n<\/tr>\n<tr>\n<td>87090<\/td>\n<td>16<\/td>\n<td>72mm x 55m (2.83&#8243; x 180&#8242; \u2013<br \/>\nutilizar como 3&#8243;)<\/td>\n<\/tr>\n<\/tbody>\n<\/table>\n<p><em>AquaShield: Solo para uso temporal. Trimaco no es responsable por problemas de adhesi\u00f3n. Pruebe antes de usar. Consulte con el fabricante de pisos y\/o acabados para determinar si este producto es adecuado para usar antes del curado. No lo utilice cuando el producto no pueda fijarse firmemente a la superficie. En ning\u00fan caso la responsabilidad agregada de Trimaco exceder\u00e1 la cantidad pagada por este producto.<\/em><\/p>\n","protected":false},"excerpt":{"rendered":"<p>Se utiliza para cubrir pisos y paredes durante el proceso de solicitud de cabina de pulverizaci\u00f3n.<\/p>\n","protected":false},"author":2,"featured_media":13613,"parent":10376,"menu_order":6,"comment_status":"closed","ping_status":"closed","template":"page_products-grandchild.php","meta":{"_acf_changed":false,"footnotes":""},"class_list":["post-13318","page","type-page","status-publish","has-post-thumbnail","hentry"],"acf":[],"yoast_head":"<!-- This site is optimized with the Yoast SEO plugin v27.5 - https:\/\/yoast.com\/product\/yoast-seo-wordpress\/ -->\n<title>Cabina de Pulverizaci\u00f3n AquaShield- Trimaco<\/title>\n<meta name=\"description\" content=\"Cabina de pulverizaci\u00f3n Aqua Shield, es el protector ideal para cubrir pisos y paredes durante el proceso de cualquier aplicaci\u00f3n en cabinas de pulverizaci\u00f3n.\" \/>\n<meta name=\"robots\" content=\"index, follow, max-snippet:-1, max-image-preview:large, max-video-preview:-1\" \/>\n<link rel=\"canonical\" href=\"https:\/\/trimaco.com\/es\/productos\/proteccion-de-superficies-de-servicio-pesado\/edicion-de-protector-de-cabina-de-pulverizacion-aquashield\/\" \/>\n<meta property=\"og:locale\" content=\"es_ES\" \/>\n<meta property=\"og:type\" content=\"article\" \/>\n<meta property=\"og:title\" content=\"Cabina de Pulverizaci\u00f3n AquaShield- Trimaco\" \/>\n<meta property=\"og:description\" content=\"Cabina de pulverizaci\u00f3n Aqua Shield, es el protector ideal para cubrir pisos y paredes durante el proceso de cualquier aplicaci\u00f3n en cabinas de pulverizaci\u00f3n.\" \/>\n<meta property=\"og:url\" content=\"https:\/\/trimaco.com\/es\/productos\/proteccion-de-superficies-de-servicio-pesado\/edicion-de-protector-de-cabina-de-pulverizacion-aquashield\/\" \/>\n<meta property=\"og:site_name\" content=\"Trimaco\" \/>\n<meta property=\"article:publisher\" content=\"https:\/\/www.facebook.com\/pages\/Trimaco\/346858225385747?ref=ts\" \/>\n<meta property=\"article:modified_time\" content=\"2024-04-08T20:58:47+00:00\" \/>\n<meta property=\"og:image\" content=\"https:\/\/trimaco.com\/wp-content\/uploads\/2021\/04\/customer-testimonials-spring2021.jpg\" \/>\n\t<meta property=\"og:image:width\" content=\"435\" \/>\n\t<meta property=\"og:image:height\" content=\"435\" \/>\n\t<meta property=\"og:image:type\" content=\"image\/jpeg\" \/>\n<meta name=\"twitter:card\" content=\"summary_large_image\" \/>\n<meta name=\"twitter:site\" content=\"@trimacoinc\" \/>\n<meta name=\"twitter:label1\" content=\"Tiempo de lectura\" \/>\n\t<meta name=\"twitter:data1\" content=\"2 minutos\" \/>\n<!-- \/ Yoast SEO plugin. -->","yoast_head_json":{"title":"Cabina de Pulverizaci\u00f3n AquaShield- Trimaco","description":"Cabina de pulverizaci\u00f3n Aqua Shield, es el protector ideal para cubrir pisos y paredes durante el proceso de cualquier aplicaci\u00f3n en cabinas de pulverizaci\u00f3n.","robots":{"index":"index","follow":"follow","max-snippet":"max-snippet:-1","max-image-preview":"max-image-preview:large","max-video-preview":"max-video-preview:-1"},"canonical":"https:\/\/trimaco.com\/es\/productos\/proteccion-de-superficies-de-servicio-pesado\/edicion-de-protector-de-cabina-de-pulverizacion-aquashield\/","og_locale":"es_ES","og_type":"article","og_title":"Cabina de Pulverizaci\u00f3n AquaShield- Trimaco","og_description":"Cabina de pulverizaci\u00f3n Aqua Shield, es el protector ideal para cubrir pisos y paredes durante el proceso de cualquier aplicaci\u00f3n en cabinas de pulverizaci\u00f3n.","og_url":"https:\/\/trimaco.com\/es\/productos\/proteccion-de-superficies-de-servicio-pesado\/edicion-de-protector-de-cabina-de-pulverizacion-aquashield\/","og_site_name":"Trimaco","article_publisher":"https:\/\/www.facebook.com\/pages\/Trimaco\/346858225385747?ref=ts","article_modified_time":"2024-04-08T20:58:47+00:00","og_image":[{"width":435,"height":435,"url":"https:\/\/trimaco.com\/wp-content\/uploads\/2021\/04\/customer-testimonials-spring2021.jpg","type":"image\/jpeg"}],"twitter_card":"summary_large_image","twitter_site":"@trimacoinc","twitter_misc":{"Tiempo de lectura":"2 minutos"},"schema":{"@context":"https:\/\/schema.org","@graph":[{"@type":"WebPage","@id":"https:\/\/trimaco.com\/es\/productos\/proteccion-de-superficies-de-servicio-pesado\/edicion-de-protector-de-cabina-de-pulverizacion-aquashield\/","url":"https:\/\/trimaco.com\/es\/productos\/proteccion-de-superficies-de-servicio-pesado\/edicion-de-protector-de-cabina-de-pulverizacion-aquashield\/","name":"Cabina de Pulverizaci\u00f3n AquaShield- Trimaco","isPartOf":{"@id":"https:\/\/trimaco.com\/#website"},"primaryImageOfPage":{"@id":"https:\/\/trimaco.com\/es\/productos\/proteccion-de-superficies-de-servicio-pesado\/edicion-de-protector-de-cabina-de-pulverizacion-aquashield\/#primaryimage"},"image":{"@id":"https:\/\/trimaco.com\/es\/productos\/proteccion-de-superficies-de-servicio-pesado\/edicion-de-protector-de-cabina-de-pulverizacion-aquashield\/#primaryimage"},"thumbnailUrl":"https:\/\/trimaco.com\/wp-content\/uploads\/2021\/04\/customer-testimonials-spring2021.jpg","datePublished":"2021-02-16T18:53:15+00:00","dateModified":"2024-04-08T20:58:47+00:00","description":"Cabina de pulverizaci\u00f3n Aqua Shield, es el protector ideal para cubrir pisos y paredes durante el proceso de cualquier aplicaci\u00f3n en cabinas de pulverizaci\u00f3n.","breadcrumb":{"@id":"https:\/\/trimaco.com\/es\/productos\/proteccion-de-superficies-de-servicio-pesado\/edicion-de-protector-de-cabina-de-pulverizacion-aquashield\/#breadcrumb"},"inLanguage":"es","potentialAction":[{"@type":"ReadAction","target":["https:\/\/trimaco.com\/es\/productos\/proteccion-de-superficies-de-servicio-pesado\/edicion-de-protector-de-cabina-de-pulverizacion-aquashield\/"]}]},{"@type":"ImageObject","inLanguage":"es","@id":"https:\/\/trimaco.com\/es\/productos\/proteccion-de-superficies-de-servicio-pesado\/edicion-de-protector-de-cabina-de-pulverizacion-aquashield\/#primaryimage","url":"https:\/\/trimaco.com\/wp-content\/uploads\/2021\/04\/customer-testimonials-spring2021.jpg","contentUrl":"https:\/\/trimaco.com\/wp-content\/uploads\/2021\/04\/customer-testimonials-spring2021.jpg","width":435,"height":435,"caption":"aqus"},{"@type":"BreadcrumbList","@id":"https:\/\/trimaco.com\/es\/productos\/proteccion-de-superficies-de-servicio-pesado\/edicion-de-protector-de-cabina-de-pulverizacion-aquashield\/#breadcrumb","itemListElement":[{"@type":"ListItem","position":1,"name":"Home","item":"https:\/\/trimaco.com\/"},{"@type":"ListItem","position":2,"name":"Productos","item":"https:\/\/trimaco.com\/es\/productos\/"},{"@type":"ListItem","position":3,"name":"Protecci\u00f3n de Superficies para Trabajo Pesado","item":"https:\/\/trimaco.com\/es\/productos\/proteccion-de-superficies-de-servicio-pesado\/"},{"@type":"ListItem","position":4,"name":"Cabina de Pulverizaci\u00f3n AquaShield"}]},{"@type":"WebSite","@id":"https:\/\/trimaco.com\/#website","url":"https:\/\/trimaco.com\/","name":"Trimaco","description":"Total Jobsite Protection\u2122","publisher":{"@id":"https:\/\/trimaco.com\/#organization"},"potentialAction":[{"@type":"SearchAction","target":{"@type":"EntryPoint","urlTemplate":"https:\/\/trimaco.com\/?s={search_term_string}"},"query-input":{"@type":"PropertyValueSpecification","valueRequired":true,"valueName":"search_term_string"}}],"inLanguage":"es"},{"@type":"Organization","@id":"https:\/\/trimaco.com\/#organization","name":"Trimaco","url":"https:\/\/trimaco.com\/","logo":{"@type":"ImageObject","inLanguage":"es","@id":"https:\/\/trimaco.com\/#\/schema\/logo\/image\/","url":"https:\/\/trimaco.com\/wp-content\/uploads\/2016\/08\/login-logo.png","contentUrl":"https:\/\/trimaco.com\/wp-content\/uploads\/2016\/08\/login-logo.png","width":450,"height":69,"caption":"Trimaco"},"image":{"@id":"https:\/\/trimaco.com\/#\/schema\/logo\/image\/"},"sameAs":["https:\/\/www.facebook.com\/pages\/Trimaco\/346858225385747?ref=ts","https:\/\/x.com\/trimacoinc","https:\/\/www.instagram.com\/trimaco_inc\/","https:\/\/pinterest.com\/trimaco\/","https:\/\/www.youtube.com\/c\/trimacoinc"]}]}},"_links":{"self":[{"href":"https:\/\/trimaco.com\/es\/wp-json\/wp\/v2\/pages\/13318","targetHints":{"allow":["GET"]}}],"collection":[{"href":"https:\/\/trimaco.com\/es\/wp-json\/wp\/v2\/pages"}],"about":[{"href":"https:\/\/trimaco.com\/es\/wp-json\/wp\/v2\/types\/page"}],"author":[{"embeddable":true,"href":"https:\/\/trimaco.com\/es\/wp-json\/wp\/v2\/users\/2"}],"replies":[{"embeddable":true,"href":"https:\/\/trimaco.com\/es\/wp-json\/wp\/v2\/comments?post=13318"}],"version-history":[{"count":0,"href":"https:\/\/trimaco.com\/es\/wp-json\/wp\/v2\/pages\/13318\/revisions"}],"up":[{"embeddable":true,"href":"https:\/\/trimaco.com\/es\/wp-json\/wp\/v2\/pages\/10376"}],"wp:featuredmedia":[{"embeddable":true,"href":"https:\/\/trimaco.com\/es\/wp-json\/wp\/v2\/media\/13613"}],"wp:attachment":[{"href":"https:\/\/trimaco.com\/es\/wp-json\/wp\/v2\/media?parent=13318"}],"curies":[{"name":"wp","href":"https:\/\/api.w.org\/{rel}","templated":true}]}}