{"id":13317,"date":"2021-02-16T14:47:19","date_gmt":"2021-02-16T18:47:19","guid":{"rendered":"https:\/\/trimaco.wpengine.com\/productos\/proteccion-de-superficies-de-servicio-pesado\/proteccion-de-superficie-retardante-de-llamas-aqua-shield\/"},"modified":"2024-04-08T16:58:40","modified_gmt":"2024-04-08T20:58:40","slug":"proteccion-de-superficie-retardante-de-llamas-aqua-shield","status":"publish","type":"page","link":"https:\/\/trimaco.com\/es\/productos\/proteccion-de-superficies-de-servicio-pesado\/proteccion-de-superficie-retardante-de-llamas-aqua-shield\/","title":{"rendered":"Protector de Superficie Ign\u00edfugo Aqua Shield\u00ae"},"content":{"rendered":"<p>Aqua Shield\u00ae es un <a href=\"https:\/\/trimaco.com\/es\/productos\/proteccion-de-superficies-de-servicio-pesado\/\">protector de superficies<\/a> resistente a las llamas y reutilizable. El protector de superficie resistente es a prueba de fugas y antideslizante. El rollo para trabajos pesados viene en m\u00faltiples espesores y protege todo tipo de superficies durante los procesos de fabricaci\u00f3n, construcci\u00f3n y reparaci\u00f3n. El revestimiento de suelo protector libre de polvo es ideal para instalaciones sanitarias y grandes trabajos de construcci\u00f3n. La instalaci\u00f3n r\u00e1pida y f\u00e1cil reduce dr\u00e1sticamente el costo de la mano de obra. Hasta 40 mil de espesor para una resistencia m\u00e1xima contra montacargas y plataformas de tijera. \u00bfBuscas una alternativa m\u00e1s ligera? Echa un vistazo a la l\u00ednea de <a href=\"https:\/\/trimaco.com\/es\/productos\/peliculas-protectoras-de-superficie\/\">pel\u00edculas protectoras<\/a> de Trimaco. <\/p>\n<ul>\n<li>\u00a1Hasta 40 mil de espesor \u2013 montacargas y plataformas de tijera fuerte!<\/li>\n<li>A prueba de fugas: ideal para proyectos en interiores o exteriores<\/li>\n<li>R\u00e1pido y f\u00e1cil de instalar, reduciendo dr\u00e1sticamente los costos de mano de obra<\/li>\n<li>Proporciona protecci\u00f3n sin polvo ideal para el cuidado de la salud<\/li>\n<li>Retardador de llamas probado y certificado seg\u00fan el m\u00e9todo de prueba NFPA-701 2<\/li>\n<li>Aqua Shield cumple con los requisitos para cubiertas temporales de NAVSEA como se describe en el contrato de NAVSEA<\/li>\n<\/ul>\n<p><em>Protector de superficie Aqua Shield\u00ae<\/em><\/p>\n<table>\n<tbody>\n<tr>\n<th># de Art\u00edculo<\/th>\n<th>Mil (Grosor)<\/th>\n<th>Paquete de<\/th>\n<th>Tama\u00f1o<\/th>\n<\/tr>\n<tr>\n<td>87015<\/td>\n<td>10 mil<\/td>\n<td>1<\/td>\n<td>36&#8243; x 15&#8242;<\/td>\n<\/tr>\n<tr>\n<td>87100<\/td>\n<td>10 mil<\/td>\n<td>1<\/td>\n<td>36&#8243; x 100&#8242;<\/td>\n<\/tr>\n<tr>\n<td>87010<\/td>\n<td>10 mil<\/td>\n<td>1<\/td>\n<td>36&#8243; x 393&#8242;<\/td>\n<\/tr>\n<tr>\n<td>89106<\/td>\n<td>10 mil<\/td>\n<td>1<\/td>\n<td>72&#8243; x 393&#8242;<\/td>\n<\/tr>\n<tr>\n<td>89186<\/td>\n<td>25 mil<\/td>\n<td>1<\/td>\n<td>36&#8243; x 186&#8242;<\/td>\n<\/tr>\n<tr>\n<td>89180<\/td>\n<td>25 mil<\/td>\n<td>1<\/td>\n<td>72&#8243; x 180&#8242;<\/td>\n<\/tr>\n<tr>\n<td>89120<\/td>\n<td>40 mil<\/td>\n<td>1<\/td>\n<td>36&#8243; x 120&#8242;<\/td>\n<\/tr>\n<tr>\n<td>89140<\/td>\n<td>40 mil<\/td>\n<td>1<\/td>\n<td>72&#8243; x 120&#8242;<\/td>\n<\/tr>\n<\/tbody>\n<\/table>\n<p><em><a href=\"https:\/\/trimaco.com\/es\/productos\/cintas-de-trabajo-pesado\/la-cinta-de-union-aqua-shield-recubierta-de-pe-para-pisos\/\">Cinta de uni\u00f3n Aqua Shield<\/a> <\/em><\/p>\n<table>\n<tbody>\n<tr>\n<th># de Art\u00edculo<\/th>\n<th>Paquete de<\/th>\n<th>Tama\u00f1o<\/th>\n<\/tr>\n<tr>\n<td>87090<\/td>\n<td>16<\/td>\n<td>72mm x 55m (2.83&#8243; x 180&#8242; \u2013<br \/>\nutilizar como 3&#8243;)<\/td>\n<\/tr>\n<\/tbody>\n<\/table>\n<p><em>AquaShield: S\u00f3lo para uso temporal. Trimaco no es responsable por problemas de adhesi\u00f3n. Pruebe antes de usar. Consulte con el fabricante de pisos y\/o acabados para determinar si este producto es adecuado para usar antes del curado. No lo utilice cuando el producto no pueda fijarse firmemente a la superficie. En ning\u00fan caso la responsabilidad agregada de Trimaco exceder\u00e1 la cantidad pagada por este producto.<\/em><\/p>\n","protected":false},"excerpt":{"rendered":"<p>Resistente a las llamas, a prueba de fugas, antideslizante y libre de polvo. <\/p>\n","protected":false},"author":2,"featured_media":10377,"parent":10376,"menu_order":5,"comment_status":"closed","ping_status":"closed","template":"page_products-grandchild.php","meta":{"_acf_changed":false,"footnotes":""},"class_list":["post-13317","page","type-page","status-publish","has-post-thumbnail","hentry"],"acf":[],"yoast_head":"<!-- This site is optimized with the Yoast SEO plugin v27.3 - https:\/\/yoast.com\/product\/yoast-seo-wordpress\/ -->\n<title>Protector de Superficie Ign\u00edfugo - Aqua Shield de Trimaco\u00ae<\/title>\n<meta name=\"description\" content=\"Disponible en m\u00faltiples espesores, Aqua Shield es un protector de superficie ign\u00edfugo que tambi\u00e9n es resistente a las fugas y al deslizamiento.\" \/>\n<meta name=\"robots\" content=\"index, follow, max-snippet:-1, max-image-preview:large, max-video-preview:-1\" \/>\n<link rel=\"canonical\" href=\"https:\/\/trimaco.com\/es\/productos\/proteccion-de-superficies-de-servicio-pesado\/proteccion-de-superficie-retardante-de-llamas-aqua-shield\/\" \/>\n<meta property=\"og:locale\" content=\"es_ES\" \/>\n<meta property=\"og:type\" content=\"article\" \/>\n<meta property=\"og:title\" content=\"Protector de Superficie Ign\u00edfugo - Aqua Shield de Trimaco\u00ae\" \/>\n<meta property=\"og:description\" content=\"Disponible en m\u00faltiples espesores, Aqua Shield es un protector de superficie ign\u00edfugo que tambi\u00e9n es resistente a las fugas y al deslizamiento.\" \/>\n<meta property=\"og:url\" content=\"https:\/\/trimaco.com\/es\/productos\/proteccion-de-superficies-de-servicio-pesado\/proteccion-de-superficie-retardante-de-llamas-aqua-shield\/\" \/>\n<meta property=\"og:site_name\" content=\"Trimaco\" \/>\n<meta property=\"article:publisher\" content=\"https:\/\/www.facebook.com\/pages\/Trimaco\/346858225385747?ref=ts\" \/>\n<meta property=\"article:modified_time\" content=\"2024-04-08T20:58:40+00:00\" \/>\n<meta property=\"og:image\" content=\"https:\/\/trimaco.com\/wp-content\/uploads\/2016\/10\/aquashield-1.jpg\" \/>\n\t<meta property=\"og:image:width\" content=\"1000\" \/>\n\t<meta property=\"og:image:height\" content=\"1000\" \/>\n\t<meta property=\"og:image:type\" content=\"image\/jpeg\" \/>\n<meta name=\"twitter:card\" content=\"summary_large_image\" \/>\n<meta name=\"twitter:site\" content=\"@trimacoinc\" \/>\n<meta name=\"twitter:label1\" content=\"Tiempo de lectura\" \/>\n\t<meta name=\"twitter:data1\" content=\"2 minutos\" \/>\n<!-- \/ Yoast SEO plugin. -->","yoast_head_json":{"title":"Protector de Superficie Ign\u00edfugo - Aqua Shield de Trimaco\u00ae","description":"Disponible en m\u00faltiples espesores, Aqua Shield es un protector de superficie ign\u00edfugo que tambi\u00e9n es resistente a las fugas y al deslizamiento.","robots":{"index":"index","follow":"follow","max-snippet":"max-snippet:-1","max-image-preview":"max-image-preview:large","max-video-preview":"max-video-preview:-1"},"canonical":"https:\/\/trimaco.com\/es\/productos\/proteccion-de-superficies-de-servicio-pesado\/proteccion-de-superficie-retardante-de-llamas-aqua-shield\/","og_locale":"es_ES","og_type":"article","og_title":"Protector de Superficie Ign\u00edfugo - Aqua Shield de Trimaco\u00ae","og_description":"Disponible en m\u00faltiples espesores, Aqua Shield es un protector de superficie ign\u00edfugo que tambi\u00e9n es resistente a las fugas y al deslizamiento.","og_url":"https:\/\/trimaco.com\/es\/productos\/proteccion-de-superficies-de-servicio-pesado\/proteccion-de-superficie-retardante-de-llamas-aqua-shield\/","og_site_name":"Trimaco","article_publisher":"https:\/\/www.facebook.com\/pages\/Trimaco\/346858225385747?ref=ts","article_modified_time":"2024-04-08T20:58:40+00:00","og_image":[{"width":1000,"height":1000,"url":"https:\/\/trimaco.com\/wp-content\/uploads\/2016\/10\/aquashield-1.jpg","type":"image\/jpeg"}],"twitter_card":"summary_large_image","twitter_site":"@trimacoinc","twitter_misc":{"Tiempo de lectura":"2 minutos"},"schema":{"@context":"https:\/\/schema.org","@graph":[{"@type":"WebPage","@id":"https:\/\/trimaco.com\/es\/productos\/proteccion-de-superficies-de-servicio-pesado\/proteccion-de-superficie-retardante-de-llamas-aqua-shield\/","url":"https:\/\/trimaco.com\/es\/productos\/proteccion-de-superficies-de-servicio-pesado\/proteccion-de-superficie-retardante-de-llamas-aqua-shield\/","name":"Protector de Superficie Ign\u00edfugo - Aqua Shield de Trimaco\u00ae","isPartOf":{"@id":"https:\/\/trimaco.com\/#website"},"primaryImageOfPage":{"@id":"https:\/\/trimaco.com\/es\/productos\/proteccion-de-superficies-de-servicio-pesado\/proteccion-de-superficie-retardante-de-llamas-aqua-shield\/#primaryimage"},"image":{"@id":"https:\/\/trimaco.com\/es\/productos\/proteccion-de-superficies-de-servicio-pesado\/proteccion-de-superficie-retardante-de-llamas-aqua-shield\/#primaryimage"},"thumbnailUrl":"https:\/\/trimaco.com\/wp-content\/uploads\/2016\/10\/aquashield-1.jpg","datePublished":"2021-02-16T18:47:19+00:00","dateModified":"2024-04-08T20:58:40+00:00","description":"Disponible en m\u00faltiples espesores, Aqua Shield es un protector de superficie ign\u00edfugo que tambi\u00e9n es resistente a las fugas y al deslizamiento.","breadcrumb":{"@id":"https:\/\/trimaco.com\/es\/productos\/proteccion-de-superficies-de-servicio-pesado\/proteccion-de-superficie-retardante-de-llamas-aqua-shield\/#breadcrumb"},"inLanguage":"es","potentialAction":[{"@type":"ReadAction","target":["https:\/\/trimaco.com\/es\/productos\/proteccion-de-superficies-de-servicio-pesado\/proteccion-de-superficie-retardante-de-llamas-aqua-shield\/"]}]},{"@type":"ImageObject","inLanguage":"es","@id":"https:\/\/trimaco.com\/es\/productos\/proteccion-de-superficies-de-servicio-pesado\/proteccion-de-superficie-retardante-de-llamas-aqua-shield\/#primaryimage","url":"https:\/\/trimaco.com\/wp-content\/uploads\/2016\/10\/aquashield-1.jpg","contentUrl":"https:\/\/trimaco.com\/wp-content\/uploads\/2016\/10\/aquashield-1.jpg","width":1000,"height":1000,"caption":"heavy duty surface protection"},{"@type":"BreadcrumbList","@id":"https:\/\/trimaco.com\/es\/productos\/proteccion-de-superficies-de-servicio-pesado\/proteccion-de-superficie-retardante-de-llamas-aqua-shield\/#breadcrumb","itemListElement":[{"@type":"ListItem","position":1,"name":"Home","item":"https:\/\/trimaco.com\/"},{"@type":"ListItem","position":2,"name":"Productos","item":"https:\/\/trimaco.com\/es\/productos\/"},{"@type":"ListItem","position":3,"name":"Protecci\u00f3n de Superficies para Trabajo Pesado","item":"https:\/\/trimaco.com\/es\/productos\/proteccion-de-superficies-de-servicio-pesado\/"},{"@type":"ListItem","position":4,"name":"Protector de Superficie Ign\u00edfugo Aqua Shield\u00ae"}]},{"@type":"WebSite","@id":"https:\/\/trimaco.com\/#website","url":"https:\/\/trimaco.com\/","name":"Trimaco","description":"Total Jobsite Protection\u2122","publisher":{"@id":"https:\/\/trimaco.com\/#organization"},"potentialAction":[{"@type":"SearchAction","target":{"@type":"EntryPoint","urlTemplate":"https:\/\/trimaco.com\/?s={search_term_string}"},"query-input":{"@type":"PropertyValueSpecification","valueRequired":true,"valueName":"search_term_string"}}],"inLanguage":"es"},{"@type":"Organization","@id":"https:\/\/trimaco.com\/#organization","name":"Trimaco","url":"https:\/\/trimaco.com\/","logo":{"@type":"ImageObject","inLanguage":"es","@id":"https:\/\/trimaco.com\/#\/schema\/logo\/image\/","url":"https:\/\/trimaco.com\/wp-content\/uploads\/2016\/08\/login-logo.png","contentUrl":"https:\/\/trimaco.com\/wp-content\/uploads\/2016\/08\/login-logo.png","width":450,"height":69,"caption":"Trimaco"},"image":{"@id":"https:\/\/trimaco.com\/#\/schema\/logo\/image\/"},"sameAs":["https:\/\/www.facebook.com\/pages\/Trimaco\/346858225385747?ref=ts","https:\/\/x.com\/trimacoinc","https:\/\/www.instagram.com\/trimaco_inc\/","https:\/\/pinterest.com\/trimaco\/","https:\/\/www.youtube.com\/c\/trimacoinc"]}]}},"_links":{"self":[{"href":"https:\/\/trimaco.com\/es\/wp-json\/wp\/v2\/pages\/13317","targetHints":{"allow":["GET"]}}],"collection":[{"href":"https:\/\/trimaco.com\/es\/wp-json\/wp\/v2\/pages"}],"about":[{"href":"https:\/\/trimaco.com\/es\/wp-json\/wp\/v2\/types\/page"}],"author":[{"embeddable":true,"href":"https:\/\/trimaco.com\/es\/wp-json\/wp\/v2\/users\/2"}],"replies":[{"embeddable":true,"href":"https:\/\/trimaco.com\/es\/wp-json\/wp\/v2\/comments?post=13317"}],"version-history":[{"count":0,"href":"https:\/\/trimaco.com\/es\/wp-json\/wp\/v2\/pages\/13317\/revisions"}],"up":[{"embeddable":true,"href":"https:\/\/trimaco.com\/es\/wp-json\/wp\/v2\/pages\/10376"}],"wp:featuredmedia":[{"embeddable":true,"href":"https:\/\/trimaco.com\/es\/wp-json\/wp\/v2\/media\/10377"}],"wp:attachment":[{"href":"https:\/\/trimaco.com\/es\/wp-json\/wp\/v2\/media?parent=13317"}],"curies":[{"name":"wp","href":"https:\/\/api.w.org\/{rel}","templated":true}]}}