{"id":13312,"date":"2021-02-16T14:42:25","date_gmt":"2021-02-16T18:42:25","guid":{"rendered":"https:\/\/trimaco.wpengine.com\/productos\/proteccion-de-superficies-de-servicio-pesado\/stay-put-es-un-protector-de-superficies-acolchado-antideslizante\/"},"modified":"2024-04-08T14:29:55","modified_gmt":"2024-04-08T18:29:55","slug":"stay-put-es-un-protector-de-superficies-acolchado-antideslizante","status":"publish","type":"page","link":"https:\/\/trimaco.com\/es\/productos\/proteccion-de-superficies-de-servicio-pesado\/stay-put-es-un-protector-de-superficies-acolchado-antideslizante\/","title":{"rendered":"Stay Put\u00ae Es un Protector de Superficies Acolchado &#038; Antideslizante"},"content":{"rendered":"<p>El protector de superficie acolchado Stay Put\u00ae de Trimaco es un protector de suelo acolchado con un respaldo pegajoso antideslizante. Esta alfombra protectora de pisos proporciona un resguardo ideal para el piso en el sitio de construcci\u00f3n y es ideal para pisos de madera de alta gama, vinilo, baldosas, m\u00e1rmol y escaleras. <\/p>\n<p>El protector de superficie Stay Put es transpirable para permitir que las superficies se contin\u00faen curando, pero resistente al agua para bloquear los derrames en la superficie. Incluso se puede reposicionar y es reutilizable, sin riesgo de que los residuos se queden atr\u00e1s en el suelo. \u00a1Los rollos temporales de protecci\u00f3n del suelo son f\u00e1ciles de trabajar y no requieren cinta! Explore otros <a href=\"https:\/\/trimaco.com\/es\/productos\/proteccion-de-superficies-de-servicio-pesado\/proteccion-temporal-de-superficie-floorshell-de-servicio-pesado\/\">productos<\/a>populares de protecci\u00f3n de pisos en el sitio de construcci\u00f3n, o <a href=\"https:\/\/trimaco.com\/es\/productos\/peliculas-protectoras-de-superficie\/\">nuestra l\u00ednea de pel\u00edculas protectoras<\/a> y <a href=\"https:\/\/trimaco.com\/es\/productos\/papel-de-suelo\/\">de papel para pisos.<\/a><\/p>\n<ul>\n<li>La alfombrilla protectora para el suelo se adhiere f\u00e1cilmente a la superficie + es transpirable<\/li>\n<li>Disponible en rollos de varios tama\u00f1os<\/li>\n<li>Respaldo antideslizante que no deja residuos<\/li>\n<li>Impermeable: Protege del agua, suciedad + pintura<\/li>\n<li>Se puede reposicionar, es reutilizable + resistente a los impactos<\/li>\n<\/ul>\n<p><em>Protector de superficie StayPut\u00ae<\/em><\/p>\n<table>\n<tbody>\n<tr>\n<th># de Art\u00edculo<\/th>\n<th>Paquete de<\/th>\n<th>Tama\u00f1o<\/th>\n<\/tr>\n<tr>\n<td>89124<\/td>\n<td>1<\/td>\n<td>24&#8243; x 100&#8242;<\/td>\n<\/tr>\n<tr>\n<td>89165<\/td>\n<td>1<\/td>\n<td>39.37&#8243; x 54.13&#8242;<\/td>\n<\/tr>\n<tr>\n<td>89150<\/td>\n<td>1<\/td>\n<td>39.37&#8243; x 164.04&#8242;<\/td>\n<\/tr>\n<\/tbody>\n<\/table>\n<p><em>Protector de superficie Econo Stay Put\u00ae<\/em><\/p>\n<p>La versi\u00f3n ligera del protector de superficie Stay Put. El respaldo pegajoso antideslizante mantiene el producto en su lugar en madera, vinilo, baldosas, m\u00e1rmol, escaleras y m\u00e1s. No transpira. Color blanco.<\/p>\n<table>\n<tbody>\n<tr>\n<th># de Art\u00edculo<\/th>\n<th>Paquete de<\/th>\n<th>Tama\u00f1o<\/th>\n<\/tr>\n<tr>\n<td>89265<\/td>\n<td>1<\/td>\n<td>39.37&#8243; x 54.13&#8242;<\/td>\n<\/tr>\n<\/tbody>\n<\/table>\n<p><em>S\u00f3lo para uso temporal. Trimaco no es responsable por problemas de adhesi\u00f3n. Pruebe antes de usar. Consulte con el fabricante de pisos y\/o acabados para determinar si este producto es adecuado para usar antes del curado. No utilizar cuando el producto no pueda fijarse firmemente a la superficie. En ning\u00fan caso la responsabilidad agregada de Trimaco exceder\u00e1 la cantidad pagada por este producto.<\/em><\/p>\n","protected":false},"excerpt":{"rendered":"<p>Protecci\u00f3n acolchada con un respaldo pegajoso antideslizante resistente al deslizamiento ideal para escaleras. <\/p>\n","protected":false},"author":2,"featured_media":25163,"parent":10376,"menu_order":4,"comment_status":"closed","ping_status":"closed","template":"page_products-grandchild.php","meta":{"_acf_changed":false,"footnotes":""},"class_list":["post-13312","page","type-page","status-publish","has-post-thumbnail","hentry"],"acf":[],"yoast_head":"<!-- This site is optimized with the Yoast SEO plugin v27.3 - https:\/\/yoast.com\/product\/yoast-seo-wordpress\/ -->\n<title>Protecci\u00f3n Antideslizante de Suelo Stay Put\u00ae - Trimaco<\/title>\n<meta name=\"description\" content=\"El protector de superficie Stay Put\u00ae de Trimaco proporciona una protecci\u00f3n ideal para pisos de madera, baldosas, vinilos, m\u00e1rmol, escaleras y m\u00e1s.\" \/>\n<meta name=\"robots\" content=\"index, follow, max-snippet:-1, max-image-preview:large, max-video-preview:-1\" \/>\n<link rel=\"canonical\" href=\"https:\/\/trimaco.com\/es\/productos\/proteccion-de-superficies-de-servicio-pesado\/stay-put-es-un-protector-de-superficies-acolchado-antideslizante\/\" \/>\n<meta property=\"og:locale\" content=\"es_ES\" \/>\n<meta property=\"og:type\" content=\"article\" \/>\n<meta property=\"og:title\" content=\"Protecci\u00f3n Antideslizante de Suelo Stay Put\u00ae - Trimaco\" \/>\n<meta property=\"og:description\" content=\"El protector de superficie Stay Put\u00ae de Trimaco proporciona una protecci\u00f3n ideal para pisos de madera, baldosas, vinilos, m\u00e1rmol, escaleras y m\u00e1s.\" \/>\n<meta property=\"og:url\" content=\"https:\/\/trimaco.com\/es\/productos\/proteccion-de-superficies-de-servicio-pesado\/stay-put-es-un-protector-de-superficies-acolchado-antideslizante\/\" \/>\n<meta property=\"og:site_name\" content=\"Trimaco\" \/>\n<meta property=\"article:publisher\" content=\"https:\/\/www.facebook.com\/pages\/Trimaco\/346858225385747?ref=ts\" \/>\n<meta property=\"article:modified_time\" content=\"2024-04-08T18:29:55+00:00\" \/>\n<meta property=\"og:image\" content=\"https:\/\/trimaco.com\/wp-content\/uploads\/2016\/10\/stayput-1.jpg\" \/>\n\t<meta property=\"og:image:width\" content=\"1000\" \/>\n\t<meta property=\"og:image:height\" content=\"1000\" \/>\n\t<meta property=\"og:image:type\" content=\"image\/jpeg\" \/>\n<meta name=\"twitter:card\" content=\"summary_large_image\" \/>\n<meta name=\"twitter:site\" content=\"@trimacoinc\" \/>\n<meta name=\"twitter:label1\" content=\"Tiempo de lectura\" \/>\n\t<meta name=\"twitter:data1\" content=\"2 minutos\" \/>\n<!-- \/ Yoast SEO plugin. -->","yoast_head_json":{"title":"Protecci\u00f3n Antideslizante de Suelo Stay Put\u00ae - Trimaco","description":"El protector de superficie Stay Put\u00ae de Trimaco proporciona una protecci\u00f3n ideal para pisos de madera, baldosas, vinilos, m\u00e1rmol, escaleras y m\u00e1s.","robots":{"index":"index","follow":"follow","max-snippet":"max-snippet:-1","max-image-preview":"max-image-preview:large","max-video-preview":"max-video-preview:-1"},"canonical":"https:\/\/trimaco.com\/es\/productos\/proteccion-de-superficies-de-servicio-pesado\/stay-put-es-un-protector-de-superficies-acolchado-antideslizante\/","og_locale":"es_ES","og_type":"article","og_title":"Protecci\u00f3n Antideslizante de Suelo Stay Put\u00ae - Trimaco","og_description":"El protector de superficie Stay Put\u00ae de Trimaco proporciona una protecci\u00f3n ideal para pisos de madera, baldosas, vinilos, m\u00e1rmol, escaleras y m\u00e1s.","og_url":"https:\/\/trimaco.com\/es\/productos\/proteccion-de-superficies-de-servicio-pesado\/stay-put-es-un-protector-de-superficies-acolchado-antideslizante\/","og_site_name":"Trimaco","article_publisher":"https:\/\/www.facebook.com\/pages\/Trimaco\/346858225385747?ref=ts","article_modified_time":"2024-04-08T18:29:55+00:00","og_image":[{"width":1000,"height":1000,"url":"https:\/\/trimaco.com\/wp-content\/uploads\/2016\/10\/stayput-1.jpg","type":"image\/jpeg"}],"twitter_card":"summary_large_image","twitter_site":"@trimacoinc","twitter_misc":{"Tiempo de lectura":"2 minutos"},"schema":{"@context":"https:\/\/schema.org","@graph":[{"@type":"WebPage","@id":"https:\/\/trimaco.com\/es\/productos\/proteccion-de-superficies-de-servicio-pesado\/stay-put-es-un-protector-de-superficies-acolchado-antideslizante\/","url":"https:\/\/trimaco.com\/es\/productos\/proteccion-de-superficies-de-servicio-pesado\/stay-put-es-un-protector-de-superficies-acolchado-antideslizante\/","name":"Protecci\u00f3n Antideslizante de Suelo Stay Put\u00ae - Trimaco","isPartOf":{"@id":"https:\/\/trimaco.com\/#website"},"primaryImageOfPage":{"@id":"https:\/\/trimaco.com\/es\/productos\/proteccion-de-superficies-de-servicio-pesado\/stay-put-es-un-protector-de-superficies-acolchado-antideslizante\/#primaryimage"},"image":{"@id":"https:\/\/trimaco.com\/es\/productos\/proteccion-de-superficies-de-servicio-pesado\/stay-put-es-un-protector-de-superficies-acolchado-antideslizante\/#primaryimage"},"thumbnailUrl":"https:\/\/trimaco.com\/wp-content\/uploads\/2026\/02\/89124_89165_89150_StayPut_SurfaceProtector_action6-1.jpg","datePublished":"2021-02-16T18:42:25+00:00","dateModified":"2024-04-08T18:29:55+00:00","description":"El protector de superficie Stay Put\u00ae de Trimaco proporciona una protecci\u00f3n ideal para pisos de madera, baldosas, vinilos, m\u00e1rmol, escaleras y m\u00e1s.","breadcrumb":{"@id":"https:\/\/trimaco.com\/es\/productos\/proteccion-de-superficies-de-servicio-pesado\/stay-put-es-un-protector-de-superficies-acolchado-antideslizante\/#breadcrumb"},"inLanguage":"es","potentialAction":[{"@type":"ReadAction","target":["https:\/\/trimaco.com\/es\/productos\/proteccion-de-superficies-de-servicio-pesado\/stay-put-es-un-protector-de-superficies-acolchado-antideslizante\/"]}]},{"@type":"ImageObject","inLanguage":"es","@id":"https:\/\/trimaco.com\/es\/productos\/proteccion-de-superficies-de-servicio-pesado\/stay-put-es-un-protector-de-superficies-acolchado-antideslizante\/#primaryimage","url":"https:\/\/trimaco.com\/wp-content\/uploads\/2026\/02\/89124_89165_89150_StayPut_SurfaceProtector_action6-1.jpg","contentUrl":"https:\/\/trimaco.com\/wp-content\/uploads\/2026\/02\/89124_89165_89150_StayPut_SurfaceProtector_action6-1.jpg","width":300,"height":300,"caption":"stay put surface protector"},{"@type":"BreadcrumbList","@id":"https:\/\/trimaco.com\/es\/productos\/proteccion-de-superficies-de-servicio-pesado\/stay-put-es-un-protector-de-superficies-acolchado-antideslizante\/#breadcrumb","itemListElement":[{"@type":"ListItem","position":1,"name":"Home","item":"https:\/\/trimaco.com\/"},{"@type":"ListItem","position":2,"name":"Productos","item":"https:\/\/trimaco.com\/es\/productos\/"},{"@type":"ListItem","position":3,"name":"Protecci\u00f3n de Superficies para Trabajo Pesado","item":"https:\/\/trimaco.com\/es\/productos\/proteccion-de-superficies-de-servicio-pesado\/"},{"@type":"ListItem","position":4,"name":"Stay Put\u00ae Es un Protector de Superficies Acolchado &#038; Antideslizante"}]},{"@type":"WebSite","@id":"https:\/\/trimaco.com\/#website","url":"https:\/\/trimaco.com\/","name":"Trimaco","description":"Total Jobsite Protection\u2122","publisher":{"@id":"https:\/\/trimaco.com\/#organization"},"potentialAction":[{"@type":"SearchAction","target":{"@type":"EntryPoint","urlTemplate":"https:\/\/trimaco.com\/?s={search_term_string}"},"query-input":{"@type":"PropertyValueSpecification","valueRequired":true,"valueName":"search_term_string"}}],"inLanguage":"es"},{"@type":"Organization","@id":"https:\/\/trimaco.com\/#organization","name":"Trimaco","url":"https:\/\/trimaco.com\/","logo":{"@type":"ImageObject","inLanguage":"es","@id":"https:\/\/trimaco.com\/#\/schema\/logo\/image\/","url":"https:\/\/trimaco.com\/wp-content\/uploads\/2016\/08\/login-logo.png","contentUrl":"https:\/\/trimaco.com\/wp-content\/uploads\/2016\/08\/login-logo.png","width":450,"height":69,"caption":"Trimaco"},"image":{"@id":"https:\/\/trimaco.com\/#\/schema\/logo\/image\/"},"sameAs":["https:\/\/www.facebook.com\/pages\/Trimaco\/346858225385747?ref=ts","https:\/\/x.com\/trimacoinc","https:\/\/www.instagram.com\/trimaco_inc\/","https:\/\/pinterest.com\/trimaco\/","https:\/\/www.youtube.com\/c\/trimacoinc"]}]}},"_links":{"self":[{"href":"https:\/\/trimaco.com\/es\/wp-json\/wp\/v2\/pages\/13312","targetHints":{"allow":["GET"]}}],"collection":[{"href":"https:\/\/trimaco.com\/es\/wp-json\/wp\/v2\/pages"}],"about":[{"href":"https:\/\/trimaco.com\/es\/wp-json\/wp\/v2\/types\/page"}],"author":[{"embeddable":true,"href":"https:\/\/trimaco.com\/es\/wp-json\/wp\/v2\/users\/2"}],"replies":[{"embeddable":true,"href":"https:\/\/trimaco.com\/es\/wp-json\/wp\/v2\/comments?post=13312"}],"version-history":[{"count":0,"href":"https:\/\/trimaco.com\/es\/wp-json\/wp\/v2\/pages\/13312\/revisions"}],"up":[{"embeddable":true,"href":"https:\/\/trimaco.com\/es\/wp-json\/wp\/v2\/pages\/10376"}],"wp:featuredmedia":[{"embeddable":true,"href":"https:\/\/trimaco.com\/es\/wp-json\/wp\/v2\/media\/25163"}],"wp:attachment":[{"href":"https:\/\/trimaco.com\/es\/wp-json\/wp\/v2\/media?parent=13312"}],"curies":[{"name":"wp","href":"https:\/\/api.w.org\/{rel}","templated":true}]}}