{"id":13307,"date":"2021-02-16T14:30:32","date_gmt":"2021-02-16T18:30:32","guid":{"rendered":"https:\/\/trimaco.wpengine.com\/productos\/proteccion-de-superficies-de-servicio-pesado\/x-paper-papel-de-pisos-para-trabajos-pesados\/"},"modified":"2024-02-28T17:14:19","modified_gmt":"2024-02-28T21:14:19","slug":"x-paper-papel-de-pisos-para-trabajos-pesados","status":"publish","type":"page","link":"https:\/\/trimaco.com\/es\/productos\/proteccion-de-superficies-de-servicio-pesado\/x-paper-papel-de-pisos-para-trabajos-pesados\/","title":{"rendered":"X-Paper\u00ae: Papel de pisos para trabajos pesados"},"content":{"rendered":"<p>El X-Paper de Trimaco es un papel de construcci\u00f3n resistente. Proporciona protecci\u00f3n temporal del suelo contra derrames de agua, salpicaduras de pintura, ara\u00f1azos y tr\u00e1fico peatonal. Es m\u00e1s grueso que el papel de constructor normal y el papel de colofonia roja, pero transpirable para permitir que los pisos contin\u00faen el proceso de curado. <\/p>\n<p>Este papel de pisos de alta resistencia proporciona una protecci\u00f3n superior para todo tipo de pisos y superficies, incluyendo pisos de madera, escaleras, gabinetes e incluso mesones. Es f\u00e1cil de trabajar y repele derrames menores. Pase menos tiempo aplicando y volviendo a aplicar papel en el trabajo. \u00a1Este tablero de construcci\u00f3n ser\u00e1 imprescindible en su trabajo!<\/p>\n<p>Explore los otros <a href=\"https:\/\/trimaco.com\/es\/productos\/proteccion-de-superficies-de-servicio-pesado\/\">productos de protecci\u00f3n temporal de superficies de Trimaco<\/a> y varias <a href=\"https:\/\/trimaco.com\/es\/productos\/peliculas-protectoras-de-superficie\/\">pel\u00edculas para protecci\u00f3n de superficies<\/a>.<\/p>\n<ul>\n<li>1.5x espesor del papel del constructor <\/li>\n<li>\u00a1Proporciona protecci\u00f3n del suelo durante la construcci\u00f3n, remodelaci\u00f3n y m\u00e1s!<\/li>\n<li>Hecho en los EE.UU.<\/li>\n<li>M\u00e1s duradero + resistente<\/li>\n<li>Repela derrames menores<\/li>\n<li>Respirable<\/li>\n<\/ul>\n<p><em>X-Paper\u00ae Protector de superficie<\/em><\/p>\n<table>\n<tbody>\n<tr>\n<th># de Art\u00edculo<\/th>\n<th>Paquete<\/th>\n<th>Tama\u00f1o<\/th>\n<\/tr>\n<tr>\n<td>12360\/20<\/td>\n<td>1<\/td>\n<td>36&#8243; x 120&#8242;<\/td>\n<\/tr>\n<tr>\n<td>12360<\/td>\n<td>1<\/td>\n<td>36&#8243; x 120&#8242;<\/td>\n<\/tr>\n<\/tbody>\n<\/table>\n<p><em>S\u00f3lo para uso temporal. Trimaco no es responsable por problemas de adhesi\u00f3n. Pruebe antes de usar. Consulte con el fabricante de pisos y\/o acabados para determinar si este producto es adecuado para usar antes del curado. No utilizar cuando el producto no pueda fijarse firmemente a la superficie. En ning\u00fan caso la responsabilidad agregada de Trimaco exceder\u00e1 la cantidad pagada por este producto.<\/em><\/p>\n","protected":false},"excerpt":{"rendered":"<p>X\u2022Paper de Trimaco es el papel del constructor en esteroides!<\/p>\n","protected":false},"author":2,"featured_media":25288,"parent":10376,"menu_order":2,"comment_status":"closed","ping_status":"closed","template":"page_products-grandchild.php","meta":{"_acf_changed":false,"footnotes":""},"class_list":["post-13307","page","type-page","status-publish","has-post-thumbnail","hentry"],"acf":[],"yoast_head":"<!-- This site is optimized with the Yoast SEO plugin v27.5 - https:\/\/yoast.com\/product\/yoast-seo-wordpress\/ -->\n<title>Protecci\u00f3n Temporaria de Pisos Durante Trabajos Pesados<\/title>\n<meta name=\"description\" content=\"\u00bfNecesita protecci\u00f3n temporal de pisos que sea m\u00e1s duradera que el papel de Constructor o de colofonia roja? Usa X-Paper de Trimaco.\" \/>\n<meta name=\"robots\" content=\"index, follow, max-snippet:-1, max-image-preview:large, max-video-preview:-1\" \/>\n<link rel=\"canonical\" href=\"https:\/\/trimaco.com\/es\/productos\/proteccion-de-superficies-de-servicio-pesado\/x-paper-papel-de-pisos-para-trabajos-pesados\/\" \/>\n<meta property=\"og:locale\" content=\"es_ES\" \/>\n<meta property=\"og:type\" content=\"article\" \/>\n<meta property=\"og:title\" content=\"Protecci\u00f3n Temporaria de Pisos Durante Trabajos Pesados\" \/>\n<meta property=\"og:description\" content=\"\u00bfNecesita protecci\u00f3n temporal de pisos que sea m\u00e1s duradera que el papel de Constructor o de colofonia roja? Usa X-Paper de Trimaco.\" \/>\n<meta property=\"og:url\" content=\"https:\/\/trimaco.com\/es\/productos\/proteccion-de-superficies-de-servicio-pesado\/x-paper-papel-de-pisos-para-trabajos-pesados\/\" \/>\n<meta property=\"og:site_name\" content=\"Trimaco\" \/>\n<meta property=\"article:publisher\" content=\"https:\/\/www.facebook.com\/pages\/Trimaco\/346858225385747?ref=ts\" \/>\n<meta property=\"article:modified_time\" content=\"2024-02-28T21:14:19+00:00\" \/>\n<meta property=\"og:image\" content=\"https:\/\/trimaco.com\/wp-content\/uploads\/2016\/10\/xpaper-2.jpg\" \/>\n\t<meta property=\"og:image:width\" content=\"1000\" \/>\n\t<meta property=\"og:image:height\" content=\"1000\" \/>\n\t<meta property=\"og:image:type\" content=\"image\/jpeg\" \/>\n<meta name=\"twitter:card\" content=\"summary_large_image\" \/>\n<meta name=\"twitter:site\" content=\"@trimacoinc\" \/>\n<meta name=\"twitter:label1\" content=\"Tiempo de lectura\" \/>\n\t<meta name=\"twitter:data1\" content=\"2 minutos\" \/>\n<!-- \/ Yoast SEO plugin. -->","yoast_head_json":{"title":"Protecci\u00f3n Temporaria de Pisos Durante Trabajos Pesados","description":"\u00bfNecesita protecci\u00f3n temporal de pisos que sea m\u00e1s duradera que el papel de Constructor o de colofonia roja? Usa X-Paper de Trimaco.","robots":{"index":"index","follow":"follow","max-snippet":"max-snippet:-1","max-image-preview":"max-image-preview:large","max-video-preview":"max-video-preview:-1"},"canonical":"https:\/\/trimaco.com\/es\/productos\/proteccion-de-superficies-de-servicio-pesado\/x-paper-papel-de-pisos-para-trabajos-pesados\/","og_locale":"es_ES","og_type":"article","og_title":"Protecci\u00f3n Temporaria de Pisos Durante Trabajos Pesados","og_description":"\u00bfNecesita protecci\u00f3n temporal de pisos que sea m\u00e1s duradera que el papel de Constructor o de colofonia roja? Usa X-Paper de Trimaco.","og_url":"https:\/\/trimaco.com\/es\/productos\/proteccion-de-superficies-de-servicio-pesado\/x-paper-papel-de-pisos-para-trabajos-pesados\/","og_site_name":"Trimaco","article_publisher":"https:\/\/www.facebook.com\/pages\/Trimaco\/346858225385747?ref=ts","article_modified_time":"2024-02-28T21:14:19+00:00","og_image":[{"width":1000,"height":1000,"url":"https:\/\/trimaco.com\/wp-content\/uploads\/2016\/10\/xpaper-2.jpg","type":"image\/jpeg"}],"twitter_card":"summary_large_image","twitter_site":"@trimacoinc","twitter_misc":{"Tiempo de lectura":"2 minutos"},"schema":{"@context":"https:\/\/schema.org","@graph":[{"@type":"WebPage","@id":"https:\/\/trimaco.com\/es\/productos\/proteccion-de-superficies-de-servicio-pesado\/x-paper-papel-de-pisos-para-trabajos-pesados\/","url":"https:\/\/trimaco.com\/es\/productos\/proteccion-de-superficies-de-servicio-pesado\/x-paper-papel-de-pisos-para-trabajos-pesados\/","name":"Protecci\u00f3n Temporaria de Pisos Durante Trabajos Pesados","isPartOf":{"@id":"https:\/\/trimaco.com\/#website"},"primaryImageOfPage":{"@id":"https:\/\/trimaco.com\/es\/productos\/proteccion-de-superficies-de-servicio-pesado\/x-paper-papel-de-pisos-para-trabajos-pesados\/#primaryimage"},"image":{"@id":"https:\/\/trimaco.com\/es\/productos\/proteccion-de-superficies-de-servicio-pesado\/x-paper-papel-de-pisos-para-trabajos-pesados\/#primaryimage"},"thumbnailUrl":"https:\/\/trimaco.com\/wp-content\/uploads\/2026\/04\/12360_TRI_XPaper_36x120_Action05.jpg","datePublished":"2021-02-16T18:30:32+00:00","dateModified":"2024-02-28T21:14:19+00:00","description":"\u00bfNecesita protecci\u00f3n temporal de pisos que sea m\u00e1s duradera que el papel de Constructor o de colofonia roja? Usa X-Paper de Trimaco.","breadcrumb":{"@id":"https:\/\/trimaco.com\/es\/productos\/proteccion-de-superficies-de-servicio-pesado\/x-paper-papel-de-pisos-para-trabajos-pesados\/#breadcrumb"},"inLanguage":"es","potentialAction":[{"@type":"ReadAction","target":["https:\/\/trimaco.com\/es\/productos\/proteccion-de-superficies-de-servicio-pesado\/x-paper-papel-de-pisos-para-trabajos-pesados\/"]}]},{"@type":"ImageObject","inLanguage":"es","@id":"https:\/\/trimaco.com\/es\/productos\/proteccion-de-superficies-de-servicio-pesado\/x-paper-papel-de-pisos-para-trabajos-pesados\/#primaryimage","url":"https:\/\/trimaco.com\/wp-content\/uploads\/2026\/04\/12360_TRI_XPaper_36x120_Action05.jpg","contentUrl":"https:\/\/trimaco.com\/wp-content\/uploads\/2026\/04\/12360_TRI_XPaper_36x120_Action05.jpg","width":300,"height":300,"caption":"x-paper on the jobsite"},{"@type":"BreadcrumbList","@id":"https:\/\/trimaco.com\/es\/productos\/proteccion-de-superficies-de-servicio-pesado\/x-paper-papel-de-pisos-para-trabajos-pesados\/#breadcrumb","itemListElement":[{"@type":"ListItem","position":1,"name":"Home","item":"https:\/\/trimaco.com\/"},{"@type":"ListItem","position":2,"name":"Productos","item":"https:\/\/trimaco.com\/es\/productos\/"},{"@type":"ListItem","position":3,"name":"Protecci\u00f3n de Superficies para Trabajo Pesado","item":"https:\/\/trimaco.com\/es\/productos\/proteccion-de-superficies-de-servicio-pesado\/"},{"@type":"ListItem","position":4,"name":"X-Paper\u00ae: Papel de pisos para trabajos pesados"}]},{"@type":"WebSite","@id":"https:\/\/trimaco.com\/#website","url":"https:\/\/trimaco.com\/","name":"Trimaco","description":"Total Jobsite Protection\u2122","publisher":{"@id":"https:\/\/trimaco.com\/#organization"},"potentialAction":[{"@type":"SearchAction","target":{"@type":"EntryPoint","urlTemplate":"https:\/\/trimaco.com\/?s={search_term_string}"},"query-input":{"@type":"PropertyValueSpecification","valueRequired":true,"valueName":"search_term_string"}}],"inLanguage":"es"},{"@type":"Organization","@id":"https:\/\/trimaco.com\/#organization","name":"Trimaco","url":"https:\/\/trimaco.com\/","logo":{"@type":"ImageObject","inLanguage":"es","@id":"https:\/\/trimaco.com\/#\/schema\/logo\/image\/","url":"https:\/\/trimaco.com\/wp-content\/uploads\/2016\/08\/login-logo.png","contentUrl":"https:\/\/trimaco.com\/wp-content\/uploads\/2016\/08\/login-logo.png","width":450,"height":69,"caption":"Trimaco"},"image":{"@id":"https:\/\/trimaco.com\/#\/schema\/logo\/image\/"},"sameAs":["https:\/\/www.facebook.com\/pages\/Trimaco\/346858225385747?ref=ts","https:\/\/x.com\/trimacoinc","https:\/\/www.instagram.com\/trimaco_inc\/","https:\/\/pinterest.com\/trimaco\/","https:\/\/www.youtube.com\/c\/trimacoinc"]}]}},"_links":{"self":[{"href":"https:\/\/trimaco.com\/es\/wp-json\/wp\/v2\/pages\/13307","targetHints":{"allow":["GET"]}}],"collection":[{"href":"https:\/\/trimaco.com\/es\/wp-json\/wp\/v2\/pages"}],"about":[{"href":"https:\/\/trimaco.com\/es\/wp-json\/wp\/v2\/types\/page"}],"author":[{"embeddable":true,"href":"https:\/\/trimaco.com\/es\/wp-json\/wp\/v2\/users\/2"}],"replies":[{"embeddable":true,"href":"https:\/\/trimaco.com\/es\/wp-json\/wp\/v2\/comments?post=13307"}],"version-history":[{"count":0,"href":"https:\/\/trimaco.com\/es\/wp-json\/wp\/v2\/pages\/13307\/revisions"}],"up":[{"embeddable":true,"href":"https:\/\/trimaco.com\/es\/wp-json\/wp\/v2\/pages\/10376"}],"wp:featuredmedia":[{"embeddable":true,"href":"https:\/\/trimaco.com\/es\/wp-json\/wp\/v2\/media\/25288"}],"wp:attachment":[{"href":"https:\/\/trimaco.com\/es\/wp-json\/wp\/v2\/media?parent=13307"}],"curies":[{"name":"wp","href":"https:\/\/api.w.org\/{rel}","templated":true}]}}