{"id":11591,"date":"2021-01-04T15:54:01","date_gmt":"2021-01-04T19:54:01","guid":{"rendered":"https:\/\/trimaco.wpengine.com\/productos\/proteccion-de-superficies-de-servicio-pesado\/x%e2%80%a2board-pintura-remodelacion-protector-de-superficie-transpirable-ligera\/"},"modified":"2024-03-11T10:18:18","modified_gmt":"2024-03-11T14:18:18","slug":"xboard-pintura-remodelacion-protector-de-superficie-transpirable-ligera","status":"publish","type":"page","link":"https:\/\/trimaco.com\/es\/productos\/proteccion-de-superficies-de-servicio-pesado\/xboard-pintura-remodelacion-protector-de-superficie-transpirable-ligera\/","title":{"rendered":"X\u2022Board\u00ae Paint + Remodel\u00ae Protecci\u00f3n Ligera de Superficies"},"content":{"rendered":"<h3>Perfecto para su trabajo de pintura y remodelaci\u00f3n<\/h3>\n<p>X\u2022Board Paint + Remodel\u00ae es un <a href=\"https:\/\/trimaco.com\/es\/productos\/proteccion-de-superficies-de-servicio-pesado\/\">tablero de protecci\u00f3n de superficies<\/a> para trabajos pesados que es ligero y reutilizable. Este tablero para pintar es f\u00e1cil de usar se mantiene horizontalmente cuando se despliega y nuestra tecnolog\u00eda Spill Block\u00ae asegura que no haya pintura, suciedad o agua que penetre su superficie. X-Board\u00ae proporciona la m\u00e1xima protecci\u00f3n del suelo mientras pinta. <\/p>\n<p>Este tablero de protecci\u00f3n de superficies durar\u00e1 mientras dure el trabajo y protege muchos tipos de pisos como baldosas, pisos de madera, vinilos y m\u00e1s. Orgullosamente hecho en los EE.UU. Para obtener protecci\u00f3n adicional, explore algunos de los otros productos de protecci\u00f3n de suelo de Trimaco, como <a href=\"https:\/\/trimaco.com\/es\/productos\/peliculas-protectoras-de-superficie\/\">pel\u00edculas protectoras<\/a> y <a href=\"https:\/\/trimaco.com\/es\/productos\/papel-de-suelo\/\">papeles de piso<\/a>y nuestro protector de superficie m\u00e1s nuevo: <a href=\"https:\/\/trimaco.com\/es\/productos\/proteccion-de-superficies-de-servicio-pesado\/proteccion-temporal-de-superficie-floorshell-de-servicio-pesado\/\">FloorShell ProBoard!<\/a><\/p>\n<ul>\n<li>Protecci\u00f3n temporal de suelo duradera + resistente<\/li>\n<li>Hecho en los EE.UU.<\/li>\n<li>Tecnolog\u00eda Spill Block\u00ae<\/li>\n<li>Transpirable para permitir el curado de suelos<\/li>\n<li>F\u00e1cil de usar y mantiene horizontalmente<\/li>\n<li>2.5 veces m\u00e1s grueso que <a href=\"https:\/\/trimaco.com\/es\/productos\/papel-de-suelo\/papel-de-constructor-para-proteccion-de-suelos\/\">el papel del constructor<\/a><\/li>\n<li>Utilice el logotipo con el lado hacia arriba para evitar la transferencia de tinta<\/li>\n<li>Funciona muy bien con nuestra <a href=\"https:\/\/trimaco.com\/es\/productos\/cintas-de-trabajo-pesado\/xboard-pintura-cinta-de-union-para-remodelacion\/\" rel=\"noopener noreferrer\" target=\"_blank\">cinta de uni\u00f3n X-Board<\/a><\/li>\n<\/ul>\n<p><em>X\u2022Board Paint + Remodel\u00ae la Protecci\u00f3n de superficies<\/em><\/p>\n<table>\n<tbody>\n<tr>\n<th># de Art\u00edculo<\/th>\n<th>Paquete<\/th>\n<th>Tama\u00f1o<\/th>\n<\/tr>\n<tr>\n<td>12375<\/td>\n<td>12<\/td>\n<td>35&#8243; x 50&#8242;<\/td>\n<\/tr>\n<tr>\n<td>12370<\/td>\n<td>9<\/td>\n<td>35&#8243; x 100&#8242;<\/td>\n<\/tr>\n<\/tbody>\n<\/table>\n<p><em>Cinta de costura X-Board <\/em><\/p>\n<table>\n<tbody>\n<tr>\n<th># de Art\u00edculo<\/th>\n<th>Paquete<\/th>\n<th>Tama\u00f1o<\/th>\n<\/tr>\n<tr>\n<td>12395<\/td>\n<td>12<\/td>\n<td>48mm x 50m (uso como 2&#8243;)<\/td>\n<\/tr>\n<\/tbody>\n<\/table>\n<p><em>S\u00f3lo para uso temporal. Trimaco no es responsable por problemas de adhesi\u00f3n. Pruebe antes de usar. Consulte con el fabricante de pisos y\/o acabados para determinar si este producto es adecuado para usar antes del curado. No lo utilice cuando el producto no pueda fijarse firmemente a la superficie. En ning\u00fan caso la responsabilidad agregada de Trimaco exceder\u00e1 la cantidad pagada por este producto.<\/em><\/p>\n","protected":false},"excerpt":{"rendered":"<p>La alternativa ligera, pero resistente para la protecci\u00f3n de la superficie.<\/p>\n","protected":false},"author":2,"featured_media":25267,"parent":10376,"menu_order":1,"comment_status":"closed","ping_status":"closed","template":"page_products-grandchild.php","meta":{"_acf_changed":false,"footnotes":""},"class_list":["post-11591","page","type-page","status-publish","has-post-thumbnail","hentry"],"acf":[],"yoast_head":"<!-- This site is optimized with the Yoast SEO plugin v27.4 - https:\/\/yoast.com\/product\/yoast-seo-wordpress\/ -->\n<title>Tabla de Protecci\u00f3n de Superficies X\u2022Board - Trimaco<\/title>\n<meta name=\"description\" content=\"X\u2022Board es un tablero de protecci\u00f3n de suelo transpirable y ligero. \u00a1Protege las superficies contra derrames, salpicaduras y m\u00e1s!\" \/>\n<meta name=\"robots\" content=\"index, follow, max-snippet:-1, max-image-preview:large, max-video-preview:-1\" \/>\n<link rel=\"canonical\" href=\"https:\/\/trimaco.com\/es\/productos\/proteccion-de-superficies-de-servicio-pesado\/xboard-pintura-remodelacion-protector-de-superficie-transpirable-ligera\/\" \/>\n<meta property=\"og:locale\" content=\"es_ES\" \/>\n<meta property=\"og:type\" content=\"article\" \/>\n<meta property=\"og:title\" content=\"Tabla de Protecci\u00f3n de Superficies X\u2022Board - Trimaco\" \/>\n<meta property=\"og:description\" content=\"X\u2022Board es un tablero de protecci\u00f3n de suelo transpirable y ligero. \u00a1Protege las superficies contra derrames, salpicaduras y m\u00e1s!\" \/>\n<meta property=\"og:url\" content=\"https:\/\/trimaco.com\/es\/productos\/proteccion-de-superficies-de-servicio-pesado\/xboard-pintura-remodelacion-protector-de-superficie-transpirable-ligera\/\" \/>\n<meta property=\"og:site_name\" content=\"Trimaco\" \/>\n<meta property=\"article:publisher\" content=\"https:\/\/www.facebook.com\/pages\/Trimaco\/346858225385747?ref=ts\" \/>\n<meta property=\"article:modified_time\" content=\"2024-03-11T14:18:18+00:00\" \/>\n<meta property=\"og:image\" content=\"https:\/\/trimaco.com\/wp-content\/uploads\/2023\/02\/XBoard_action_6_sq-500x500-1.jpg\" \/>\n\t<meta property=\"og:image:width\" content=\"500\" \/>\n\t<meta property=\"og:image:height\" content=\"500\" \/>\n\t<meta property=\"og:image:type\" content=\"image\/jpeg\" \/>\n<meta name=\"twitter:card\" content=\"summary_large_image\" \/>\n<meta name=\"twitter:site\" content=\"@trimacoinc\" \/>\n<meta name=\"twitter:label1\" content=\"Tiempo de lectura\" \/>\n\t<meta name=\"twitter:data1\" content=\"2 minutos\" \/>\n<!-- \/ Yoast SEO plugin. -->","yoast_head_json":{"title":"Tabla de Protecci\u00f3n de Superficies X\u2022Board - Trimaco","description":"X\u2022Board es un tablero de protecci\u00f3n de suelo transpirable y ligero. \u00a1Protege las superficies contra derrames, salpicaduras y m\u00e1s!","robots":{"index":"index","follow":"follow","max-snippet":"max-snippet:-1","max-image-preview":"max-image-preview:large","max-video-preview":"max-video-preview:-1"},"canonical":"https:\/\/trimaco.com\/es\/productos\/proteccion-de-superficies-de-servicio-pesado\/xboard-pintura-remodelacion-protector-de-superficie-transpirable-ligera\/","og_locale":"es_ES","og_type":"article","og_title":"Tabla de Protecci\u00f3n de Superficies X\u2022Board - Trimaco","og_description":"X\u2022Board es un tablero de protecci\u00f3n de suelo transpirable y ligero. \u00a1Protege las superficies contra derrames, salpicaduras y m\u00e1s!","og_url":"https:\/\/trimaco.com\/es\/productos\/proteccion-de-superficies-de-servicio-pesado\/xboard-pintura-remodelacion-protector-de-superficie-transpirable-ligera\/","og_site_name":"Trimaco","article_publisher":"https:\/\/www.facebook.com\/pages\/Trimaco\/346858225385747?ref=ts","article_modified_time":"2024-03-11T14:18:18+00:00","og_image":[{"width":500,"height":500,"url":"https:\/\/trimaco.com\/wp-content\/uploads\/2023\/02\/XBoard_action_6_sq-500x500-1.jpg","type":"image\/jpeg"}],"twitter_card":"summary_large_image","twitter_site":"@trimacoinc","twitter_misc":{"Tiempo de lectura":"2 minutos"},"schema":{"@context":"https:\/\/schema.org","@graph":[{"@type":"WebPage","@id":"https:\/\/trimaco.com\/es\/productos\/proteccion-de-superficies-de-servicio-pesado\/xboard-pintura-remodelacion-protector-de-superficie-transpirable-ligera\/","url":"https:\/\/trimaco.com\/es\/productos\/proteccion-de-superficies-de-servicio-pesado\/xboard-pintura-remodelacion-protector-de-superficie-transpirable-ligera\/","name":"Tabla de Protecci\u00f3n de Superficies X\u2022Board - Trimaco","isPartOf":{"@id":"https:\/\/trimaco.com\/#website"},"primaryImageOfPage":{"@id":"https:\/\/trimaco.com\/es\/productos\/proteccion-de-superficies-de-servicio-pesado\/xboard-pintura-remodelacion-protector-de-superficie-transpirable-ligera\/#primaryimage"},"image":{"@id":"https:\/\/trimaco.com\/es\/productos\/proteccion-de-superficies-de-servicio-pesado\/xboard-pintura-remodelacion-protector-de-superficie-transpirable-ligera\/#primaryimage"},"thumbnailUrl":"https:\/\/trimaco.com\/wp-content\/uploads\/2026\/04\/12370_TRI_XBoard_35x100_Action02.jpg","datePublished":"2021-01-04T19:54:01+00:00","dateModified":"2024-03-11T14:18:18+00:00","description":"X\u2022Board es un tablero de protecci\u00f3n de suelo transpirable y ligero. \u00a1Protege las superficies contra derrames, salpicaduras y m\u00e1s!","breadcrumb":{"@id":"https:\/\/trimaco.com\/es\/productos\/proteccion-de-superficies-de-servicio-pesado\/xboard-pintura-remodelacion-protector-de-superficie-transpirable-ligera\/#breadcrumb"},"inLanguage":"es","potentialAction":[{"@type":"ReadAction","target":["https:\/\/trimaco.com\/es\/productos\/proteccion-de-superficies-de-servicio-pesado\/xboard-pintura-remodelacion-protector-de-superficie-transpirable-ligera\/"]}]},{"@type":"ImageObject","inLanguage":"es","@id":"https:\/\/trimaco.com\/es\/productos\/proteccion-de-superficies-de-servicio-pesado\/xboard-pintura-remodelacion-protector-de-superficie-transpirable-ligera\/#primaryimage","url":"https:\/\/trimaco.com\/wp-content\/uploads\/2026\/04\/12370_TRI_XBoard_35x100_Action02.jpg","contentUrl":"https:\/\/trimaco.com\/wp-content\/uploads\/2026\/04\/12370_TRI_XBoard_35x100_Action02.jpg","width":300,"height":300,"caption":"Trimaco X-board on a jobsite"},{"@type":"BreadcrumbList","@id":"https:\/\/trimaco.com\/es\/productos\/proteccion-de-superficies-de-servicio-pesado\/xboard-pintura-remodelacion-protector-de-superficie-transpirable-ligera\/#breadcrumb","itemListElement":[{"@type":"ListItem","position":1,"name":"Home","item":"https:\/\/trimaco.com\/"},{"@type":"ListItem","position":2,"name":"Productos","item":"https:\/\/trimaco.com\/es\/productos\/"},{"@type":"ListItem","position":3,"name":"Protecci\u00f3n de Superficies para Trabajo Pesado","item":"https:\/\/trimaco.com\/es\/productos\/proteccion-de-superficies-de-servicio-pesado\/"},{"@type":"ListItem","position":4,"name":"X\u2022Board\u00ae Paint + Remodel\u00ae Protecci\u00f3n Ligera de Superficies"}]},{"@type":"WebSite","@id":"https:\/\/trimaco.com\/#website","url":"https:\/\/trimaco.com\/","name":"Trimaco","description":"Total Jobsite Protection\u2122","publisher":{"@id":"https:\/\/trimaco.com\/#organization"},"potentialAction":[{"@type":"SearchAction","target":{"@type":"EntryPoint","urlTemplate":"https:\/\/trimaco.com\/?s={search_term_string}"},"query-input":{"@type":"PropertyValueSpecification","valueRequired":true,"valueName":"search_term_string"}}],"inLanguage":"es"},{"@type":"Organization","@id":"https:\/\/trimaco.com\/#organization","name":"Trimaco","url":"https:\/\/trimaco.com\/","logo":{"@type":"ImageObject","inLanguage":"es","@id":"https:\/\/trimaco.com\/#\/schema\/logo\/image\/","url":"https:\/\/trimaco.com\/wp-content\/uploads\/2016\/08\/login-logo.png","contentUrl":"https:\/\/trimaco.com\/wp-content\/uploads\/2016\/08\/login-logo.png","width":450,"height":69,"caption":"Trimaco"},"image":{"@id":"https:\/\/trimaco.com\/#\/schema\/logo\/image\/"},"sameAs":["https:\/\/www.facebook.com\/pages\/Trimaco\/346858225385747?ref=ts","https:\/\/x.com\/trimacoinc","https:\/\/www.instagram.com\/trimaco_inc\/","https:\/\/pinterest.com\/trimaco\/","https:\/\/www.youtube.com\/c\/trimacoinc"]}]}},"_links":{"self":[{"href":"https:\/\/trimaco.com\/es\/wp-json\/wp\/v2\/pages\/11591","targetHints":{"allow":["GET"]}}],"collection":[{"href":"https:\/\/trimaco.com\/es\/wp-json\/wp\/v2\/pages"}],"about":[{"href":"https:\/\/trimaco.com\/es\/wp-json\/wp\/v2\/types\/page"}],"author":[{"embeddable":true,"href":"https:\/\/trimaco.com\/es\/wp-json\/wp\/v2\/users\/2"}],"replies":[{"embeddable":true,"href":"https:\/\/trimaco.com\/es\/wp-json\/wp\/v2\/comments?post=11591"}],"version-history":[{"count":0,"href":"https:\/\/trimaco.com\/es\/wp-json\/wp\/v2\/pages\/11591\/revisions"}],"up":[{"embeddable":true,"href":"https:\/\/trimaco.com\/es\/wp-json\/wp\/v2\/pages\/10376"}],"wp:featuredmedia":[{"embeddable":true,"href":"https:\/\/trimaco.com\/es\/wp-json\/wp\/v2\/media\/25267"}],"wp:attachment":[{"href":"https:\/\/trimaco.com\/es\/wp-json\/wp\/v2\/media?parent=11591"}],"curies":[{"name":"wp","href":"https:\/\/api.w.org\/{rel}","templated":true}]}}