{"id":10376,"date":"2020-12-02T14:26:55","date_gmt":"2020-12-02T18:26:55","guid":{"rendered":"https:\/\/trimaco.wpengine.com\/productos\/proteccion-de-superficies-de-servicio-pesado\/"},"modified":"2023-06-08T16:28:13","modified_gmt":"2023-06-08T20:28:13","slug":"proteccion-de-superficies-de-servicio-pesado","status":"publish","type":"page","link":"https:\/\/trimaco.com\/es\/productos\/proteccion-de-superficies-de-servicio-pesado\/","title":{"rendered":"Protecci\u00f3n de Superficies para Trabajo Pesado"},"content":{"rendered":"<h2>\u00bfBusca productos de protecci\u00f3n de superficies de alta calidad?<\/h2>\n<p>Trimaco lo tiene cubierto. Desde <a href=\"https:\/\/trimaco.com\/es\/productos\/proteccion-de-superficies-de-servicio-pesado\/proteccion-temporal-de-superficie-floorshell-de-servicio-pesado\/\">tableros de construcci\u00f3n de servicio pesado<\/a> hasta <a href=\"\"><\/a> delicados rollos de protecci\u00f3n de <\/a> tela. Trimaco ofrece una amplia selecci\u00f3n de productos de protecci\u00f3n de alta resistencia para proteger todo tipo de superficies y pisos durante la construcci\u00f3n. Ya sea que est\u00e9 protegiendo pisos de madera, con alfombras o de concreto hasta superficies de acero inoxidable y mesones de cocina. Nuestros productos le dar\u00e1n protecci\u00f3n total a las superficies, lo que le permite tener tranquilidad mientras est\u00e1 en el sitio de trabajo.<\/p>\n<p>Sea cual sea su profesi\u00f3n, siempre necesita proteger la propiedad de su cliente. Nuestros <a href=\"https:\/\/trimaco.com\/es\/productos\/proteccion-de-superficies-de-servicio-pesado\/proteccion-de-superficie-retardante-de-llamas-aqua-shield\/\">protectores de superficie incombustibles<\/a>, <a href=\"https:\/\/trimaco.com\/es\/productos\/proteccion-de-superficies-de-servicio-pesado\/plastico-corrugado-x-plastic-laminas-resistentes-al-impacto\/\">pl\u00e1sticos corrugado<\/a> y <a href=\"https:\/\/trimaco.com\/es\/productos\/peliculas-protectoras-de-superficie\/\">pel\u00edculas protectoras<\/a> pueden soportar agua, pintura, manchas, tr\u00e1fico peatonal pesado, montacargas y m\u00e1s. Trimaco tiene una gama de productos que se adaptan a sus necesidades temporales de protecci\u00f3n de superficies y pisos. <\/p>\n","protected":false},"excerpt":{"rendered":"<p>\u00bfBusca productos de protecci\u00f3n de superficies de alta calidad? Trimaco lo tiene cubierto. Desde tableros de construcci\u00f3n de servicio pesado hasta delicados rollos de protecci\u00f3n de tela. Trimaco ofrece una amplia selecci\u00f3n de productos de<a class=\"read-more\" href=\"https:\/\/trimaco.com\/es\/productos\/proteccion-de-superficies-de-servicio-pesado\/\"> &#8230;Continue Reading<\/a><\/p>\n","protected":false},"author":9,"featured_media":10377,"parent":10374,"menu_order":5,"comment_status":"closed","ping_status":"closed","template":"page_products-child.php","meta":{"_acf_changed":false,"footnotes":""},"class_list":["post-10376","page","type-page","status-publish","has-post-thumbnail","hentry"],"acf":[],"yoast_head":"<!-- This site is optimized with the Yoast SEO plugin v27.3 - https:\/\/yoast.com\/product\/yoast-seo-wordpress\/ -->\n<title>Protecci\u00f3n Total Para Superficies - Trimaco<\/title>\n<meta name=\"description\" content=\"Trimaco es un experto en protecci\u00f3n de superficies. \u00a1Explore nuestros productos de protecci\u00f3n para todo tipo de superficies!\" \/>\n<meta name=\"robots\" content=\"index, follow, max-snippet:-1, max-image-preview:large, max-video-preview:-1\" \/>\n<link rel=\"canonical\" href=\"https:\/\/trimaco.com\/es\/productos\/proteccion-de-superficies-de-servicio-pesado\/\" \/>\n<meta property=\"og:locale\" content=\"es_ES\" \/>\n<meta property=\"og:type\" content=\"article\" \/>\n<meta property=\"og:title\" content=\"Protecci\u00f3n Total Para Superficies - Trimaco\" \/>\n<meta property=\"og:description\" content=\"Trimaco es un experto en protecci\u00f3n de superficies. \u00a1Explore nuestros productos de protecci\u00f3n para todo tipo de superficies!\" \/>\n<meta property=\"og:url\" content=\"https:\/\/trimaco.com\/es\/productos\/proteccion-de-superficies-de-servicio-pesado\/\" \/>\n<meta property=\"og:site_name\" content=\"Trimaco\" \/>\n<meta property=\"article:publisher\" content=\"https:\/\/www.facebook.com\/pages\/Trimaco\/346858225385747?ref=ts\" \/>\n<meta property=\"article:modified_time\" content=\"2023-06-08T20:28:13+00:00\" \/>\n<meta property=\"og:image\" content=\"https:\/\/trimaco.com\/wp-content\/uploads\/2016\/10\/aquashield-1.jpg\" \/>\n\t<meta property=\"og:image:width\" content=\"1000\" \/>\n\t<meta property=\"og:image:height\" content=\"1000\" \/>\n\t<meta property=\"og:image:type\" content=\"image\/jpeg\" \/>\n<meta name=\"twitter:card\" content=\"summary_large_image\" \/>\n<meta name=\"twitter:site\" content=\"@trimacoinc\" \/>\n<meta name=\"twitter:label1\" content=\"Tiempo de lectura\" \/>\n\t<meta name=\"twitter:data1\" content=\"1 minuto\" \/>\n<!-- \/ Yoast SEO plugin. -->","yoast_head_json":{"title":"Protecci\u00f3n Total Para Superficies - Trimaco","description":"Trimaco es un experto en protecci\u00f3n de superficies. \u00a1Explore nuestros productos de protecci\u00f3n para todo tipo de superficies!","robots":{"index":"index","follow":"follow","max-snippet":"max-snippet:-1","max-image-preview":"max-image-preview:large","max-video-preview":"max-video-preview:-1"},"canonical":"https:\/\/trimaco.com\/es\/productos\/proteccion-de-superficies-de-servicio-pesado\/","og_locale":"es_ES","og_type":"article","og_title":"Protecci\u00f3n Total Para Superficies - Trimaco","og_description":"Trimaco es un experto en protecci\u00f3n de superficies. \u00a1Explore nuestros productos de protecci\u00f3n para todo tipo de superficies!","og_url":"https:\/\/trimaco.com\/es\/productos\/proteccion-de-superficies-de-servicio-pesado\/","og_site_name":"Trimaco","article_publisher":"https:\/\/www.facebook.com\/pages\/Trimaco\/346858225385747?ref=ts","article_modified_time":"2023-06-08T20:28:13+00:00","og_image":[{"width":1000,"height":1000,"url":"https:\/\/trimaco.com\/wp-content\/uploads\/2016\/10\/aquashield-1.jpg","type":"image\/jpeg"}],"twitter_card":"summary_large_image","twitter_site":"@trimacoinc","twitter_misc":{"Tiempo de lectura":"1 minuto"},"schema":{"@context":"https:\/\/schema.org","@graph":[{"@type":"WebPage","@id":"https:\/\/trimaco.com\/es\/productos\/proteccion-de-superficies-de-servicio-pesado\/","url":"https:\/\/trimaco.com\/es\/productos\/proteccion-de-superficies-de-servicio-pesado\/","name":"Protecci\u00f3n Total Para Superficies - Trimaco","isPartOf":{"@id":"https:\/\/trimaco.com\/#website"},"primaryImageOfPage":{"@id":"https:\/\/trimaco.com\/es\/productos\/proteccion-de-superficies-de-servicio-pesado\/#primaryimage"},"image":{"@id":"https:\/\/trimaco.com\/es\/productos\/proteccion-de-superficies-de-servicio-pesado\/#primaryimage"},"thumbnailUrl":"https:\/\/trimaco.com\/wp-content\/uploads\/2016\/10\/aquashield-1.jpg","datePublished":"2020-12-02T18:26:55+00:00","dateModified":"2023-06-08T20:28:13+00:00","description":"Trimaco es un experto en protecci\u00f3n de superficies. \u00a1Explore nuestros productos de protecci\u00f3n para todo tipo de superficies!","breadcrumb":{"@id":"https:\/\/trimaco.com\/es\/productos\/proteccion-de-superficies-de-servicio-pesado\/#breadcrumb"},"inLanguage":"es","potentialAction":[{"@type":"ReadAction","target":["https:\/\/trimaco.com\/es\/productos\/proteccion-de-superficies-de-servicio-pesado\/"]}]},{"@type":"ImageObject","inLanguage":"es","@id":"https:\/\/trimaco.com\/es\/productos\/proteccion-de-superficies-de-servicio-pesado\/#primaryimage","url":"https:\/\/trimaco.com\/wp-content\/uploads\/2016\/10\/aquashield-1.jpg","contentUrl":"https:\/\/trimaco.com\/wp-content\/uploads\/2016\/10\/aquashield-1.jpg","width":1000,"height":1000,"caption":"heavy duty surface protection"},{"@type":"BreadcrumbList","@id":"https:\/\/trimaco.com\/es\/productos\/proteccion-de-superficies-de-servicio-pesado\/#breadcrumb","itemListElement":[{"@type":"ListItem","position":1,"name":"Home","item":"https:\/\/trimaco.com\/"},{"@type":"ListItem","position":2,"name":"Productos","item":"https:\/\/trimaco.com\/es\/productos\/"},{"@type":"ListItem","position":3,"name":"Protecci\u00f3n de Superficies para Trabajo Pesado"}]},{"@type":"WebSite","@id":"https:\/\/trimaco.com\/#website","url":"https:\/\/trimaco.com\/","name":"Trimaco","description":"Total Jobsite Protection\u2122","publisher":{"@id":"https:\/\/trimaco.com\/#organization"},"potentialAction":[{"@type":"SearchAction","target":{"@type":"EntryPoint","urlTemplate":"https:\/\/trimaco.com\/?s={search_term_string}"},"query-input":{"@type":"PropertyValueSpecification","valueRequired":true,"valueName":"search_term_string"}}],"inLanguage":"es"},{"@type":"Organization","@id":"https:\/\/trimaco.com\/#organization","name":"Trimaco","url":"https:\/\/trimaco.com\/","logo":{"@type":"ImageObject","inLanguage":"es","@id":"https:\/\/trimaco.com\/#\/schema\/logo\/image\/","url":"https:\/\/trimaco.com\/wp-content\/uploads\/2016\/08\/login-logo.png","contentUrl":"https:\/\/trimaco.com\/wp-content\/uploads\/2016\/08\/login-logo.png","width":450,"height":69,"caption":"Trimaco"},"image":{"@id":"https:\/\/trimaco.com\/#\/schema\/logo\/image\/"},"sameAs":["https:\/\/www.facebook.com\/pages\/Trimaco\/346858225385747?ref=ts","https:\/\/x.com\/trimacoinc","https:\/\/www.instagram.com\/trimaco_inc\/","https:\/\/pinterest.com\/trimaco\/","https:\/\/www.youtube.com\/c\/trimacoinc"]}]}},"_links":{"self":[{"href":"https:\/\/trimaco.com\/es\/wp-json\/wp\/v2\/pages\/10376","targetHints":{"allow":["GET"]}}],"collection":[{"href":"https:\/\/trimaco.com\/es\/wp-json\/wp\/v2\/pages"}],"about":[{"href":"https:\/\/trimaco.com\/es\/wp-json\/wp\/v2\/types\/page"}],"author":[{"embeddable":true,"href":"https:\/\/trimaco.com\/es\/wp-json\/wp\/v2\/users\/9"}],"replies":[{"embeddable":true,"href":"https:\/\/trimaco.com\/es\/wp-json\/wp\/v2\/comments?post=10376"}],"version-history":[{"count":0,"href":"https:\/\/trimaco.com\/es\/wp-json\/wp\/v2\/pages\/10376\/revisions"}],"up":[{"embeddable":true,"href":"https:\/\/trimaco.com\/es\/wp-json\/wp\/v2\/pages\/10374"}],"wp:featuredmedia":[{"embeddable":true,"href":"https:\/\/trimaco.com\/es\/wp-json\/wp\/v2\/media\/10377"}],"wp:attachment":[{"href":"https:\/\/trimaco.com\/es\/wp-json\/wp\/v2\/media?parent=10376"}],"curies":[{"name":"wp","href":"https:\/\/api.w.org\/{rel}","templated":true}]}}