{"id":10373,"date":"2020-12-02T14:13:33","date_gmt":"2020-12-02T18:13:33","guid":{"rendered":"https:\/\/trimaco.wpengine.com\/catalogo-internacional\/"},"modified":"2021-12-16T14:22:05","modified_gmt":"2021-12-16T18:22:05","slug":"catalogo-internacional","status":"publish","type":"page","link":"https:\/\/trimaco.com\/es\/catalogo-internacional\/","title":{"rendered":"Cat\u00e1logo Internacional"},"content":{"rendered":"<p><iframe data-src=\"https:\/\/cdn.flipsnack.com\/widget\/v2\/widget.html?hash=fujq7sf97\" width=\"100%\" height=\"480\" seamless=\"seamless\" scrolling=\"no\" frameborder=\"0\" allowtransparency=\"true\" allowfullscreen=\"true\" src=\"data:image\/svg+xml;base64,PHN2ZyB3aWR0aD0iMSIgaGVpZ2h0PSIxIiB4bWxucz0iaHR0cDovL3d3dy53My5vcmcvMjAwMC9zdmciPjwvc3ZnPg==\" class=\"lazyload\" data-load-mode=\"1\"><\/iframe><br \/>\n<\/p>\n<p><a href=\"https:\/\/trimaco.com\/wp-content\/uploads\/2020\/02\/IntTrimacoCatalog0120-email.pdf\" target=\"_blank\" rel=\"noopener noreferrer\">Descargar<\/a><\/p>\n","protected":false},"excerpt":{"rendered":"<p>Descargar<\/p>\n","protected":false},"author":9,"featured_media":0,"parent":0,"menu_order":0,"comment_status":"closed","ping_status":"closed","template":"","meta":{"_acf_changed":false,"footnotes":""},"class_list":["post-10373","page","type-page","status-publish","hentry"],"acf":[],"yoast_head":"<!-- This site is optimized with the Yoast SEO plugin v27.3 - https:\/\/yoast.com\/product\/yoast-seo-wordpress\/ -->\n<title>Cat\u00e1logo Internacional - Protecci\u00f3n total del sitio de trabajo - Trimaco<\/title>\n<meta name=\"description\" content=\"Trimaco ofrece una amplia gama de productos de protecci\u00f3n total en el lugar de trabajo en todo el mundo. \u00a1Explore nuestro cat\u00e1logo internacional para obtener m\u00e1s informaci\u00f3n!\" \/>\n<meta name=\"robots\" content=\"index, follow, max-snippet:-1, max-image-preview:large, max-video-preview:-1\" \/>\n<link rel=\"canonical\" href=\"https:\/\/trimaco.com\/es\/catalogo-internacional\/\" \/>\n<meta property=\"og:locale\" content=\"es_ES\" \/>\n<meta property=\"og:type\" content=\"article\" \/>\n<meta property=\"og:title\" content=\"Cat\u00e1logo Internacional - Protecci\u00f3n total del sitio de trabajo - Trimaco\" \/>\n<meta property=\"og:description\" content=\"Trimaco ofrece una amplia gama de productos de protecci\u00f3n total en el lugar de trabajo en todo el mundo. \u00a1Explore nuestro cat\u00e1logo internacional para obtener m\u00e1s informaci\u00f3n!\" \/>\n<meta property=\"og:url\" content=\"https:\/\/trimaco.com\/es\/catalogo-internacional\/\" \/>\n<meta property=\"og:site_name\" content=\"Trimaco\" \/>\n<meta property=\"article:publisher\" content=\"https:\/\/www.facebook.com\/pages\/Trimaco\/346858225385747?ref=ts\" \/>\n<meta property=\"article:modified_time\" content=\"2021-12-16T18:22:05+00:00\" \/>\n<meta name=\"twitter:card\" content=\"summary_large_image\" \/>\n<meta name=\"twitter:site\" content=\"@trimacoinc\" \/>\n<!-- \/ Yoast SEO plugin. -->","yoast_head_json":{"title":"Cat\u00e1logo Internacional - Protecci\u00f3n total del sitio de trabajo - Trimaco","description":"Trimaco ofrece una amplia gama de productos de protecci\u00f3n total en el lugar de trabajo en todo el mundo. \u00a1Explore nuestro cat\u00e1logo internacional para obtener m\u00e1s informaci\u00f3n!","robots":{"index":"index","follow":"follow","max-snippet":"max-snippet:-1","max-image-preview":"max-image-preview:large","max-video-preview":"max-video-preview:-1"},"canonical":"https:\/\/trimaco.com\/es\/catalogo-internacional\/","og_locale":"es_ES","og_type":"article","og_title":"Cat\u00e1logo Internacional - Protecci\u00f3n total del sitio de trabajo - Trimaco","og_description":"Trimaco ofrece una amplia gama de productos de protecci\u00f3n total en el lugar de trabajo en todo el mundo. \u00a1Explore nuestro cat\u00e1logo internacional para obtener m\u00e1s informaci\u00f3n!","og_url":"https:\/\/trimaco.com\/es\/catalogo-internacional\/","og_site_name":"Trimaco","article_publisher":"https:\/\/www.facebook.com\/pages\/Trimaco\/346858225385747?ref=ts","article_modified_time":"2021-12-16T18:22:05+00:00","twitter_card":"summary_large_image","twitter_site":"@trimacoinc","schema":{"@context":"https:\/\/schema.org","@graph":[{"@type":"WebPage","@id":"https:\/\/trimaco.com\/international-catalogue\/","url":"https:\/\/trimaco.com\/es\/catalogo-internacional\/","name":"Cat\u00e1logo Internacional - Protecci\u00f3n total del sitio de trabajo - Trimaco","isPartOf":{"@id":"https:\/\/trimaco.com\/#website"},"datePublished":"2020-12-02T18:13:33+00:00","dateModified":"2021-12-16T18:22:05+00:00","description":"Trimaco ofrece una amplia gama de productos de protecci\u00f3n total en el lugar de trabajo en todo el mundo. \u00a1Explore nuestro cat\u00e1logo internacional para obtener m\u00e1s informaci\u00f3n!","breadcrumb":{"@id":"https:\/\/trimaco.com\/es\/catalogo-internacional\/#breadcrumb"},"inLanguage":"es","potentialAction":[{"@type":"ReadAction","target":["https:\/\/trimaco.com\/es\/catalogo-internacional\/"]}]},{"@type":"BreadcrumbList","@id":"https:\/\/trimaco.com\/es\/catalogo-internacional\/#breadcrumb","itemListElement":[{"@type":"ListItem","position":1,"name":"Home","item":"https:\/\/trimaco.com\/"},{"@type":"ListItem","position":2,"name":"Cat\u00e1logo Internacional"}]},{"@type":"WebSite","@id":"https:\/\/trimaco.com\/#website","url":"https:\/\/trimaco.com\/","name":"Trimaco","description":"Total Jobsite Protection\u2122","publisher":{"@id":"https:\/\/trimaco.com\/#organization"},"potentialAction":[{"@type":"SearchAction","target":{"@type":"EntryPoint","urlTemplate":"https:\/\/trimaco.com\/?s={search_term_string}"},"query-input":{"@type":"PropertyValueSpecification","valueRequired":true,"valueName":"search_term_string"}}],"inLanguage":"es"},{"@type":"Organization","@id":"https:\/\/trimaco.com\/#organization","name":"Trimaco","url":"https:\/\/trimaco.com\/","logo":{"@type":"ImageObject","inLanguage":"es","@id":"https:\/\/trimaco.com\/#\/schema\/logo\/image\/","url":"https:\/\/trimaco.com\/wp-content\/uploads\/2016\/08\/login-logo.png","contentUrl":"https:\/\/trimaco.com\/wp-content\/uploads\/2016\/08\/login-logo.png","width":450,"height":69,"caption":"Trimaco"},"image":{"@id":"https:\/\/trimaco.com\/#\/schema\/logo\/image\/"},"sameAs":["https:\/\/www.facebook.com\/pages\/Trimaco\/346858225385747?ref=ts","https:\/\/x.com\/trimacoinc","https:\/\/www.instagram.com\/trimaco_inc\/","https:\/\/pinterest.com\/trimaco\/","https:\/\/www.youtube.com\/c\/trimacoinc"]}]}},"_links":{"self":[{"href":"https:\/\/trimaco.com\/es\/wp-json\/wp\/v2\/pages\/10373","targetHints":{"allow":["GET"]}}],"collection":[{"href":"https:\/\/trimaco.com\/es\/wp-json\/wp\/v2\/pages"}],"about":[{"href":"https:\/\/trimaco.com\/es\/wp-json\/wp\/v2\/types\/page"}],"author":[{"embeddable":true,"href":"https:\/\/trimaco.com\/es\/wp-json\/wp\/v2\/users\/9"}],"replies":[{"embeddable":true,"href":"https:\/\/trimaco.com\/es\/wp-json\/wp\/v2\/comments?post=10373"}],"version-history":[{"count":0,"href":"https:\/\/trimaco.com\/es\/wp-json\/wp\/v2\/pages\/10373\/revisions"}],"wp:attachment":[{"href":"https:\/\/trimaco.com\/es\/wp-json\/wp\/v2\/media?parent=10373"}],"curies":[{"name":"wp","href":"https:\/\/api.w.org\/{rel}","templated":true}]}}