{"id":10339,"date":"2020-11-18T16:17:06","date_gmt":"2020-11-18T20:17:06","guid":{"rendered":"https:\/\/trimaco.wpengine.com\/industrias\/conmovedor\/"},"modified":"2021-12-16T14:22:08","modified_gmt":"2021-12-16T18:22:08","slug":"conmovedor","status":"publish","type":"page","link":"https:\/\/trimaco.com\/es\/industrias\/conmovedor\/","title":{"rendered":"Conmovedor"},"content":{"rendered":"<p><img decoding=\"async\" data-src=\"https:\/\/trimaco.com\/wp-content\/uploads\/2020\/04\/moving-industry-website-1024x327.jpg\" alt=\"Mudanza\" width=\"1024\" height=\"327\" class=\"alignnone size-large wp-image-9165 lazyload\" data-srcset=\"https:\/\/trimaco.com\/wp-content\/uploads\/2020\/04\/moving-industry-website.jpg 1024w, https:\/\/trimaco.com\/wp-content\/uploads\/2020\/04\/moving-industry-website-300x96.jpg 300w, https:\/\/trimaco.com\/wp-content\/uploads\/2020\/04\/moving-industry-website-768x245.jpg 768w, https:\/\/trimaco.com\/wp-content\/uploads\/2020\/04\/moving-industry-website-624x199.jpg 624w\" data-sizes=\"(max-width: 1024px) 100vw, 1024px\" src=\"data:image\/svg+xml;base64,PHN2ZyB3aWR0aD0iMSIgaGVpZ2h0PSIxIiB4bWxucz0iaHR0cDovL3d3dy53My5vcmcvMjAwMC9zdmciPjwvc3ZnPg==\" style=\"--smush-placeholder-width: 1024px; --smush-placeholder-aspect-ratio: 1024\/327;\" \/><\/p>\n<p>\nEs f\u00e1cil pensar que todo lo que necesita durante el proceso de mudanza son cajas o una empresa de mudanzas. Sin embargo, proteger las superficies, su propiedad e incluso sus paredes mientras se muda puede ayudar a evitar la adici\u00f3n de costos innecesarios y cargos adicionales. Trimaco fabrica productos que pueden ser utilizados tanto por los propietarios como por los servicios de mudanza durante el proceso de embalaje y mudanza. <\/p>\n<p>Cuando se est\u00e9 abasteciendo de suministros de embalaje, aseg\u00farese de tomar productos que le ayudar\u00e1n a proteger las esquinas de sus muebles, alfombras y otras pertenencias personales durante el traslado. Queremos asegurarnos de que disfrute de desempaquetando en su nuevo hogar y no pase su tiempo reparando art\u00edculos rotos o presentando reclamos. <\/p>\n<h2>Pisos<\/h2>\n<p>\nPara pisos, recomendamos usar un <a href=\"https:\/\/trimaco.com\/es\/productos\/proteccion-de-superficies-de-servicio-pesado\/xboard-pintura-remodelacion-protector-de-superficie-transpirable-ligera\/\">producto de tablero para trabajos pesados<\/a> para que no los rasgu\u00f1e. Trate de evitar arrastrar muebles. Trate de evitar arrastrar muebles. Si se trata de un art\u00edculo pesado, agregue protecci\u00f3n adicional colocando un pa\u00f1o debajo del mueble.<\/p>\n<p>Si su espacio tiene alfombras, <a href=\"https:\/\/trimaco.com\/es\/productos\/peliculas-protectoras-de-superficie\/pelicula-protectora-de-alfombras-easymask\/\">la pel\u00edcula de alfombras<\/a> es una gran opci\u00f3n para evitar que el barro, el polvo y otras part\u00edculas en el aire da\u00f1en su piso. Adem\u00e1s (sin importar el tipo de superficie), coloque una alfombrilla adhesiva en la <a href=\"https:\/\/trimaco.com\/es\/productos\/proteccion-miscelanea-para-la-superficie\/dirt-trapper-ultra-pegajoso\/\">puerta<\/a> delante de su casa para mantener las huellas de suciedad al m\u00ednimo.\n<\/p>\n<h2>Muebles<\/h2>\n<p>\nEs f\u00e1cil para que los muebles se da\u00f1en en el proceso de mudanza. Para evitar esto y estar tranquilo, simplemente use una envoltura de burbujas o cubra con un <a href=\"https:\/\/trimaco.com\/es\/productos\/panos-colgantes\/pano-recoge-gotas-de-lona\/\">pa\u00f1o de lona<\/a> para ayudar a prevenir ara\u00f1azos y golpes. Si usted tiene art\u00edculos para el hogar o art\u00edculos fr\u00e1giles que no sean muebles, la envoltura pl\u00e1stica de burbujas es bien protectora.\n<\/p>\n<h2>Paredes y puertas<\/h2>\n<p>\nLas paredes pueden ser dif\u00edciles de proteger. Sin embargo, Trimaco ofrece un <a href=\"https:\/\/trimaco.com\/es\/productos\/proteccion-de-superficies-de-servicio-pesado\/supertuff-tack-back-para-trabajos-pesados-2\/\">protector de superficie adhesiva para trabajos pesados<\/a>que se puede utilizar para superficies verticales. Recomendamos probar el <a href=\"https:\/\/trimaco.com\/es\/productos\/proteccion-de-superficies-de-servicio-pesado\/supertuff-tack-back-para-trabajos-pesados-2\/\">Tack Back<\/a> de Trimaco antes de su uso, y nunca dejar el producto en una superficie durante m\u00e1s de 60 d\u00edas. <\/p>\n<p>Adem\u00e1s de las paredes, las jambas de las puertas tambi\u00e9n son dif\u00edciles de proteger. Aseg\u00farese de simplemente deslizar sobre sus marcos de puerta un <a href=\"https:\/\/trimaco.com\/es\/productos\/proteccion-miscelanea-para-la-superficie\/protector-de-jamba-de-puerta-supertuff\/\">protector de marcos de puertas<\/a> de Trimaco para evitar golpes y ara\u00f1azos a su marco.<br \/>\n.\n<\/p>\n<h2>Trimaco y la industria de la Mudanza<\/h2>\n<p>\nAseg\u00farese de explorar el <a href=\"https:\/\/trimaco.com\/es\/catalogo-de-productos\/\">cat\u00e1logo<\/a> completo de productos de Trimaco para obtener m\u00e1s informaci\u00f3n sobre todos nuestros productos y <a href=\"https:\/\/trimaco.com\/blog\/moving-tips-protecting-your-floors-surfaces\/\">estos consejos r\u00e1pidos<\/a> prepararse para su pr\u00f3xima mudanza. Estamos a\u00f1adiendo nuevos productos innovadores todo el tiempo. Movers y propietarios por igual prefieren nuestros productos de protecci\u00f3n de suelo para evitar rayar pisos de madera. Ya sea que est\u00e9 moviendo cajas o contratando una compa\u00f1\u00eda de mudanzas profesionales, deje que Trimaco sea parte de su plan de protecci\u00f3n en su nuevo hogar. \u00bfSe muda pronto? Eche un vistazo a algunos de los productos de Trimaco m\u00e1s populares en la industria:\n<\/p>\n<ul>\n<li><a href=\"https:\/\/trimaco.com\/es\/productos\/proteccion-miscelanea-para-la-superficie\/protector-de-jamba-de-puerta-supertuff\/\">Protectores de marcos de puertas<\/a><\/li>\n<li><a href=\"https:\/\/trimaco.com\/es\/productos\/panos-colgantes\/pano-recoge-gotas-de-lona\/\">Pa\u00f1os recoge gotas de lona<\/a><\/li>\n<li><a href=\"https:\/\/trimaco.com\/es\/productos\/proteccion-miscelanea-para-la-superficie\/dirt-trapper-ultra-pegajoso\/\">Atrapa polvo (DirtTrapper)<\/a><\/li>\n<\/ul>\n","protected":false},"excerpt":{"rendered":"<p>Es f\u00e1cil pensar que todo lo que necesita durante el proceso de mudanza son cajas o una empresa de mudanzas. Sin embargo, proteger las superficies, su propiedad e incluso sus paredes mientras se muda puede<a class=\"read-more\" href=\"https:\/\/trimaco.com\/es\/industrias\/conmovedor\/\"> &#8230;Continue Reading<\/a><\/p>\n","protected":false},"author":9,"featured_media":20717,"parent":9846,"menu_order":9,"comment_status":"closed","ping_status":"closed","template":"page_industries-child.php","meta":{"_acf_changed":false,"footnotes":""},"class_list":["post-10339","page","type-page","status-publish","has-post-thumbnail","hentry"],"acf":[],"yoast_head":"<!-- This site is optimized with the Yoast SEO plugin v27.3 - https:\/\/yoast.com\/product\/yoast-seo-wordpress\/ -->\n<title>Productos Mudanza - Soluciones de la industria - Trimaco<\/title>\n<meta name=\"description\" content=\"Trimaco ofrece productos mudanza que protegen suelos, paredes y pertenencias. Pruebe nuestra tabla de trabajo pesado, pa\u00f1os de ca\u00edda y pel\u00edculas de pared hoy!\" \/>\n<meta name=\"robots\" content=\"index, follow, max-snippet:-1, max-image-preview:large, max-video-preview:-1\" \/>\n<link rel=\"canonical\" href=\"https:\/\/trimaco.com\/es\/industrias\/conmovedor\/\" \/>\n<meta property=\"og:locale\" content=\"es_ES\" \/>\n<meta property=\"og:type\" content=\"article\" \/>\n<meta property=\"og:title\" content=\"Productos Mudanza - Soluciones de la industria - Trimaco\" \/>\n<meta property=\"og:description\" content=\"Trimaco ofrece productos mudanza que protegen suelos, paredes y pertenencias. Pruebe nuestra tabla de trabajo pesado, pa\u00f1os de ca\u00edda y pel\u00edculas de pared hoy!\" \/>\n<meta property=\"og:url\" content=\"https:\/\/trimaco.com\/es\/industrias\/conmovedor\/\" \/>\n<meta property=\"og:site_name\" content=\"Trimaco\" \/>\n<meta property=\"article:publisher\" content=\"https:\/\/www.facebook.com\/pages\/Trimaco\/346858225385747?ref=ts\" \/>\n<meta property=\"article:modified_time\" content=\"2021-12-16T18:22:08+00:00\" \/>\n<meta property=\"og:image\" content=\"https:\/\/trimaco.com\/wp-content\/uploads\/2019\/08\/Moving-Tips.jpg\" \/>\n\t<meta property=\"og:image:width\" content=\"435\" \/>\n\t<meta property=\"og:image:height\" content=\"435\" \/>\n\t<meta property=\"og:image:type\" content=\"image\/jpeg\" \/>\n<meta name=\"twitter:card\" content=\"summary_large_image\" \/>\n<meta name=\"twitter:site\" content=\"@trimacoinc\" \/>\n<meta name=\"twitter:label1\" content=\"Tiempo de lectura\" \/>\n\t<meta name=\"twitter:data1\" content=\"3 minutos\" \/>\n<!-- \/ Yoast SEO plugin. -->","yoast_head_json":{"title":"Productos Mudanza - Soluciones de la industria - Trimaco","description":"Trimaco ofrece productos mudanza que protegen suelos, paredes y pertenencias. Pruebe nuestra tabla de trabajo pesado, pa\u00f1os de ca\u00edda y pel\u00edculas de pared hoy!","robots":{"index":"index","follow":"follow","max-snippet":"max-snippet:-1","max-image-preview":"max-image-preview:large","max-video-preview":"max-video-preview:-1"},"canonical":"https:\/\/trimaco.com\/es\/industrias\/conmovedor\/","og_locale":"es_ES","og_type":"article","og_title":"Productos Mudanza - Soluciones de la industria - Trimaco","og_description":"Trimaco ofrece productos mudanza que protegen suelos, paredes y pertenencias. Pruebe nuestra tabla de trabajo pesado, pa\u00f1os de ca\u00edda y pel\u00edculas de pared hoy!","og_url":"https:\/\/trimaco.com\/es\/industrias\/conmovedor\/","og_site_name":"Trimaco","article_publisher":"https:\/\/www.facebook.com\/pages\/Trimaco\/346858225385747?ref=ts","article_modified_time":"2021-12-16T18:22:08+00:00","og_image":[{"width":435,"height":435,"url":"https:\/\/trimaco.com\/wp-content\/uploads\/2019\/08\/Moving-Tips.jpg","type":"image\/jpeg"}],"twitter_card":"summary_large_image","twitter_site":"@trimacoinc","twitter_misc":{"Tiempo de lectura":"3 minutos"},"schema":{"@context":"https:\/\/schema.org","@graph":[{"@type":"WebPage","@id":"https:\/\/trimaco.com\/es\/industrias\/conmovedor\/","url":"https:\/\/trimaco.com\/es\/industrias\/conmovedor\/","name":"Productos Mudanza - Soluciones de la industria - Trimaco","isPartOf":{"@id":"https:\/\/trimaco.com\/#website"},"primaryImageOfPage":{"@id":"https:\/\/trimaco.com\/es\/industrias\/conmovedor\/#primaryimage"},"image":{"@id":"https:\/\/trimaco.com\/es\/industrias\/conmovedor\/#primaryimage"},"thumbnailUrl":"https:\/\/trimaco.com\/wp-content\/uploads\/2019\/08\/Moving-Tips.jpg","datePublished":"2020-11-18T20:17:06+00:00","dateModified":"2021-12-16T18:22:08+00:00","description":"Trimaco ofrece productos mudanza que protegen suelos, paredes y pertenencias. Pruebe nuestra tabla de trabajo pesado, pa\u00f1os de ca\u00edda y pel\u00edculas de pared hoy!","breadcrumb":{"@id":"https:\/\/trimaco.com\/es\/industrias\/conmovedor\/#breadcrumb"},"inLanguage":"es","potentialAction":[{"@type":"ReadAction","target":["https:\/\/trimaco.com\/es\/industrias\/conmovedor\/"]}]},{"@type":"ImageObject","inLanguage":"es","@id":"https:\/\/trimaco.com\/es\/industrias\/conmovedor\/#primaryimage","url":"https:\/\/trimaco.com\/wp-content\/uploads\/2019\/08\/Moving-Tips.jpg","contentUrl":"https:\/\/trimaco.com\/wp-content\/uploads\/2019\/08\/Moving-Tips.jpg","width":435,"height":435,"caption":"surface protection during a move"},{"@type":"BreadcrumbList","@id":"https:\/\/trimaco.com\/es\/industrias\/conmovedor\/#breadcrumb","itemListElement":[{"@type":"ListItem","position":1,"name":"Home","item":"https:\/\/trimaco.com\/"},{"@type":"ListItem","position":2,"name":"Industrias","item":"https:\/\/trimaco.com\/industries\/"},{"@type":"ListItem","position":3,"name":"Conmovedor"}]},{"@type":"WebSite","@id":"https:\/\/trimaco.com\/#website","url":"https:\/\/trimaco.com\/","name":"Trimaco","description":"Total Jobsite Protection\u2122","publisher":{"@id":"https:\/\/trimaco.com\/#organization"},"potentialAction":[{"@type":"SearchAction","target":{"@type":"EntryPoint","urlTemplate":"https:\/\/trimaco.com\/?s={search_term_string}"},"query-input":{"@type":"PropertyValueSpecification","valueRequired":true,"valueName":"search_term_string"}}],"inLanguage":"es"},{"@type":"Organization","@id":"https:\/\/trimaco.com\/#organization","name":"Trimaco","url":"https:\/\/trimaco.com\/","logo":{"@type":"ImageObject","inLanguage":"es","@id":"https:\/\/trimaco.com\/#\/schema\/logo\/image\/","url":"https:\/\/trimaco.com\/wp-content\/uploads\/2016\/08\/login-logo.png","contentUrl":"https:\/\/trimaco.com\/wp-content\/uploads\/2016\/08\/login-logo.png","width":450,"height":69,"caption":"Trimaco"},"image":{"@id":"https:\/\/trimaco.com\/#\/schema\/logo\/image\/"},"sameAs":["https:\/\/www.facebook.com\/pages\/Trimaco\/346858225385747?ref=ts","https:\/\/x.com\/trimacoinc","https:\/\/www.instagram.com\/trimaco_inc\/","https:\/\/pinterest.com\/trimaco\/","https:\/\/www.youtube.com\/c\/trimacoinc"]}]}},"_links":{"self":[{"href":"https:\/\/trimaco.com\/es\/wp-json\/wp\/v2\/pages\/10339","targetHints":{"allow":["GET"]}}],"collection":[{"href":"https:\/\/trimaco.com\/es\/wp-json\/wp\/v2\/pages"}],"about":[{"href":"https:\/\/trimaco.com\/es\/wp-json\/wp\/v2\/types\/page"}],"author":[{"embeddable":true,"href":"https:\/\/trimaco.com\/es\/wp-json\/wp\/v2\/users\/9"}],"replies":[{"embeddable":true,"href":"https:\/\/trimaco.com\/es\/wp-json\/wp\/v2\/comments?post=10339"}],"version-history":[{"count":0,"href":"https:\/\/trimaco.com\/es\/wp-json\/wp\/v2\/pages\/10339\/revisions"}],"up":[{"embeddable":true,"href":"https:\/\/trimaco.com\/es\/wp-json\/wp\/v2\/pages\/9846"}],"wp:featuredmedia":[{"embeddable":true,"href":"https:\/\/trimaco.com\/es\/wp-json\/wp\/v2\/media\/20717"}],"wp:attachment":[{"href":"https:\/\/trimaco.com\/es\/wp-json\/wp\/v2\/media?parent=10339"}],"curies":[{"name":"wp","href":"https:\/\/api.w.org\/{rel}","templated":true}]}}