{"id":10337,"date":"2020-11-18T16:04:53","date_gmt":"2020-11-18T20:04:53","guid":{"rendered":"https:\/\/trimaco.wpengine.com\/industrias\/suministros-de-jardineria\/"},"modified":"2021-12-16T14:22:08","modified_gmt":"2021-12-16T18:22:08","slug":"suministros-de-jardineria","status":"publish","type":"page","link":"https:\/\/trimaco.com\/es\/industrias\/suministros-de-jardineria\/","title":{"rendered":"Suministros de jardiner\u00eda"},"content":{"rendered":"<p><img decoding=\"async\" data-src=\"https:\/\/trimaco.com\/wp-content\/uploads\/2020\/04\/gardening-industry-website-1024x327.jpg\" alt=\"materiales de jardiner\u00eda\" width=\"1024\" height=\"327\" class=\"alignnone size-large wp-image-9192 lazyload\" data-srcset=\"https:\/\/trimaco.com\/wp-content\/uploads\/2020\/04\/gardening-industry-website.jpg 1024w, https:\/\/trimaco.com\/wp-content\/uploads\/2020\/04\/gardening-industry-website-300x96.jpg 300w, https:\/\/trimaco.com\/wp-content\/uploads\/2020\/04\/gardening-industry-website-768x245.jpg 768w, https:\/\/trimaco.com\/wp-content\/uploads\/2020\/04\/gardening-industry-website-624x199.jpg 624w\" data-sizes=\"(max-width: 1024px) 100vw, 1024px\" src=\"data:image\/svg+xml;base64,PHN2ZyB3aWR0aD0iMSIgaGVpZ2h0PSIxIiB4bWxucz0iaHR0cDovL3d3dy53My5vcmcvMjAwMC9zdmciPjwvc3ZnPg==\" style=\"--smush-placeholder-width: 1024px; --smush-placeholder-aspect-ratio: 1024\/327;\" \/><\/p>\n<p>\nLa construcci\u00f3n de jardiner\u00eda incluye la construcci\u00f3n o remodelaci\u00f3n de jardines y zonas de c\u00e9sped. Aunque estacional, esta \u00e1rea de construcci\u00f3n es m\u00e1s popular entre los propietarios, y todos los grupos de edad.<\/p>\n<p>La industria del jard\u00edn incluye una amplia red de tipos de proyectos de jard\u00edn. Desde la construcci\u00f3n de peque\u00f1as \u00e1reas de jard\u00edn hechas por usted mismo, jardiner\u00eda de verduras, y hasta trabajos de paisajismo a gran escala, esta industria ha alcanzado un m\u00e1ximo hist\u00f3rico en los \u00faltimos a\u00f1os. M\u00e1s propietarios est\u00e1n construyendo \u00e1reas de jard\u00edn elevadas y contenedores para el compost, junto con la colocaci\u00f3n de mantillos y bordes para un patio est\u00e9ticamente agradable. Mientras que sacar las malas hierbas y la excavaci\u00f3n de agujeros se puede hacer con cualquier nivel de experiencia, hay algunos proyectos de jard\u00edn que necesitan herramientas de jard\u00edn espec\u00edficas y experiencia.\n<\/p>\n<h2>Jardiner\u00eda y Trimaco<\/h2>\n<p>\nAunque no fabricamos materiales de jardiner\u00eda especializados en Trimaco como regaderas, palas, herramientas de mano y otras herramientas de jardiner\u00eda, ofrecemos productos que se pueden utilizar durante todo el proceso de jardiner\u00eda. <\/p>\n<p>Nuestro <a href=\"https:\/\/trimaco.com\/es\/productos\/papel-de-suelo\/papel-de-constructor-para-proteccion-de-suelos\/\">papel de construcci\u00f3n<\/a> y <a href=\"https:\/\/trimaco.com\/es\/productos\/proteccion-de-superficies-de-servicio-pesado\/x-paper-papel-de-pisos-para-trabajos-pesados\/\">X-Paper<\/a>sirven como una barrera ideal para la hierba dentro de las \u00e1reas de jard\u00edn y huertos. Estos productos son f\u00e1ciles de trabajar y se pueden cortar a medida con un par de tijeras de jardiner\u00eda resistentes. Muchos de los productos de Trimaco tambi\u00e9n pueden proporcionar apoyo vegetal y protecci\u00f3n contra elementos meteorol\u00f3gicos como el granizo o las heladas. Estos productos tambi\u00e9n pueden proporcionar barreras protectoras con el fin de controlar las plagas. Tambi\u00e9n ofrecemos peque\u00f1os <a href=\"https:\/\/trimaco.com\/es\/productos\/panos-colgantes\/pano-recoge-gotas-en-forma-de-alfombrilla-plegable-quick-drop\/\">pa\u00f1os recoge gotas<\/a> y <a href=\"https:\/\/trimaco.com\/es\/productos\/guantes\/guantes-de-lona-protectores-profesionales\/\">guantes<\/a>de lona que son excelentes accesorios durante el proceso de jardiner\u00eda. Los guantes de jard\u00edn de lona ayudar\u00e1n a evitar que la suciedad se atasque en las u\u00f1as y tambi\u00e9n minimiza la suciedad que entra a su hogar con sus zapatos.<\/p>\n<p>Explore el cat\u00e1logo completo de Trimaco para obtener m\u00e1s informaci\u00f3n sobre todas nuestras l\u00edneas de productos. Estamos a\u00f1adiendo nuevos productos todo el tiempo. Ya sea que est\u00e9 trabajando en un proyecto de c\u00e9sped a gran escala, trasplantando flores o construyendo su propio huerto DIY, \u00a1deje que Trimaco sea parte de su plan de jardiner\u00eda al aire libre con nuestros materiales de jardiner\u00eda!\n<\/p>\n<ul>\n<li><a href=\"https:\/\/trimaco.com\/es\/productos\/papel-de-suelo\/papel-de-constructor-para-proteccion-de-suelos\/\">Papel de constructor<\/a><\/li>\n<li><a href=\"https:\/\/trimaco.com\/es\/productos\/proteccion-de-superficies-de-servicio-pesado\/x-paper-papel-de-pisos-para-trabajos-pesados\/\">X-Paper<\/a><\/li>\n<li><a href=\"https:\/\/trimaco.com\/es\/productos\/guantes\/guantes-de-lona-protectores-profesionales\/\">Guantes de lona<\/a><\/li>\n<\/ul>\n<p>Los suministros de jard\u00edn de Trimaco tambi\u00e9n pueden ser una buena opci\u00f3n para su centro de jardiner\u00eda comercial o tienda de suministros de jardinero. <a href=\"https:\/\/trimaco.com\/es\/contactenos\/\">P\u00f3ngase en contacto con nosotros<\/a> hoy mismo para obtener m\u00e1s informaci\u00f3n.<\/p>\n","protected":false},"excerpt":{"rendered":"<p>La construcci\u00f3n de jardiner\u00eda incluye la construcci\u00f3n o remodelaci\u00f3n de jardines y zonas de c\u00e9sped. Aunque estacional, esta \u00e1rea de construcci\u00f3n es m\u00e1s popular entre los propietarios, y todos los grupos de edad. La industria<a class=\"read-more\" href=\"https:\/\/trimaco.com\/es\/industrias\/suministros-de-jardineria\/\"> &#8230;Continue Reading<\/a><\/p>\n","protected":false},"author":9,"featured_media":21294,"parent":9846,"menu_order":8,"comment_status":"closed","ping_status":"closed","template":"page_industries-child.php","meta":{"_acf_changed":false,"footnotes":""},"class_list":["post-10337","page","type-page","status-publish","has-post-thumbnail","hentry"],"acf":[],"yoast_head":"<!-- This site is optimized with the Yoast SEO plugin v27.5 - https:\/\/yoast.com\/product\/yoast-seo-wordpress\/ -->\n<title>Materiales y suministros de jardiner\u00eda - Soluciones industriales - Trimaco<\/title>\n<meta name=\"description\" content=\"Ya sea que est\u00e9 trabajando en un proyecto de c\u00e9sped a gran escala o construyendo su propio huerto \u00a1Trimaco ofrece materiales de jardiner\u00eda para ayudar a hacer su trabajo m\u00e1s f\u00e1cil!\" \/>\n<meta name=\"robots\" content=\"index, follow, max-snippet:-1, max-image-preview:large, max-video-preview:-1\" \/>\n<link rel=\"canonical\" href=\"https:\/\/trimaco.com\/es\/industrias\/suministros-de-jardineria\/\" \/>\n<meta property=\"og:locale\" content=\"es_ES\" \/>\n<meta property=\"og:type\" content=\"article\" \/>\n<meta property=\"og:title\" content=\"Materiales y suministros de jardiner\u00eda - Soluciones industriales - Trimaco\" \/>\n<meta property=\"og:description\" content=\"Ya sea que est\u00e9 trabajando en un proyecto de c\u00e9sped a gran escala o construyendo su propio huerto \u00a1Trimaco ofrece materiales de jardiner\u00eda para ayudar a hacer su trabajo m\u00e1s f\u00e1cil!\" \/>\n<meta property=\"og:url\" content=\"https:\/\/trimaco.com\/es\/industrias\/suministros-de-jardineria\/\" \/>\n<meta property=\"og:site_name\" content=\"Trimaco\" \/>\n<meta property=\"article:publisher\" content=\"https:\/\/www.facebook.com\/pages\/Trimaco\/346858225385747?ref=ts\" \/>\n<meta property=\"article:modified_time\" content=\"2021-12-16T18:22:08+00:00\" \/>\n<meta property=\"og:image\" content=\"https:\/\/trimaco.com\/wp-content\/uploads\/2020\/04\/5HomeProjects.jpg\" \/>\n\t<meta property=\"og:image:width\" content=\"435\" \/>\n\t<meta property=\"og:image:height\" content=\"435\" \/>\n\t<meta property=\"og:image:type\" content=\"image\/jpeg\" \/>\n<meta name=\"twitter:card\" content=\"summary_large_image\" \/>\n<meta name=\"twitter:site\" content=\"@trimacoinc\" \/>\n<meta name=\"twitter:label1\" content=\"Tiempo de lectura\" \/>\n\t<meta name=\"twitter:data1\" content=\"2 minutos\" \/>\n<!-- \/ Yoast SEO plugin. -->","yoast_head_json":{"title":"Materiales y suministros de jardiner\u00eda - Soluciones industriales - Trimaco","description":"Ya sea que est\u00e9 trabajando en un proyecto de c\u00e9sped a gran escala o construyendo su propio huerto \u00a1Trimaco ofrece materiales de jardiner\u00eda para ayudar a hacer su trabajo m\u00e1s f\u00e1cil!","robots":{"index":"index","follow":"follow","max-snippet":"max-snippet:-1","max-image-preview":"max-image-preview:large","max-video-preview":"max-video-preview:-1"},"canonical":"https:\/\/trimaco.com\/es\/industrias\/suministros-de-jardineria\/","og_locale":"es_ES","og_type":"article","og_title":"Materiales y suministros de jardiner\u00eda - Soluciones industriales - Trimaco","og_description":"Ya sea que est\u00e9 trabajando en un proyecto de c\u00e9sped a gran escala o construyendo su propio huerto \u00a1Trimaco ofrece materiales de jardiner\u00eda para ayudar a hacer su trabajo m\u00e1s f\u00e1cil!","og_url":"https:\/\/trimaco.com\/es\/industrias\/suministros-de-jardineria\/","og_site_name":"Trimaco","article_publisher":"https:\/\/www.facebook.com\/pages\/Trimaco\/346858225385747?ref=ts","article_modified_time":"2021-12-16T18:22:08+00:00","og_image":[{"width":435,"height":435,"url":"https:\/\/trimaco.com\/wp-content\/uploads\/2020\/04\/5HomeProjects.jpg","type":"image\/jpeg"}],"twitter_card":"summary_large_image","twitter_site":"@trimacoinc","twitter_misc":{"Tiempo de lectura":"2 minutos"},"schema":{"@context":"https:\/\/schema.org","@graph":[{"@type":"WebPage","@id":"https:\/\/trimaco.com\/es\/industrias\/suministros-de-jardineria\/","url":"https:\/\/trimaco.com\/es\/industrias\/suministros-de-jardineria\/","name":"Materiales y suministros de jardiner\u00eda - Soluciones industriales - Trimaco","isPartOf":{"@id":"https:\/\/trimaco.com\/#website"},"primaryImageOfPage":{"@id":"https:\/\/trimaco.com\/es\/industrias\/suministros-de-jardineria\/#primaryimage"},"image":{"@id":"https:\/\/trimaco.com\/es\/industrias\/suministros-de-jardineria\/#primaryimage"},"thumbnailUrl":"https:\/\/trimaco.com\/wp-content\/uploads\/2020\/04\/5HomeProjects.jpg","datePublished":"2020-11-18T20:04:53+00:00","dateModified":"2021-12-16T18:22:08+00:00","description":"Ya sea que est\u00e9 trabajando en un proyecto de c\u00e9sped a gran escala o construyendo su propio huerto \u00a1Trimaco ofrece materiales de jardiner\u00eda para ayudar a hacer su trabajo m\u00e1s f\u00e1cil!","breadcrumb":{"@id":"https:\/\/trimaco.com\/es\/industrias\/suministros-de-jardineria\/#breadcrumb"},"inLanguage":"es","potentialAction":[{"@type":"ReadAction","target":["https:\/\/trimaco.com\/es\/industrias\/suministros-de-jardineria\/"]}]},{"@type":"ImageObject","inLanguage":"es","@id":"https:\/\/trimaco.com\/es\/industrias\/suministros-de-jardineria\/#primaryimage","url":"https:\/\/trimaco.com\/wp-content\/uploads\/2020\/04\/5HomeProjects.jpg","contentUrl":"https:\/\/trimaco.com\/wp-content\/uploads\/2020\/04\/5HomeProjects.jpg","width":435,"height":435,"caption":"X-paper weed barrier"},{"@type":"BreadcrumbList","@id":"https:\/\/trimaco.com\/es\/industrias\/suministros-de-jardineria\/#breadcrumb","itemListElement":[{"@type":"ListItem","position":1,"name":"Home","item":"https:\/\/trimaco.com\/"},{"@type":"ListItem","position":2,"name":"Industrias","item":"https:\/\/trimaco.com\/industries\/"},{"@type":"ListItem","position":3,"name":"Suministros de jardiner\u00eda"}]},{"@type":"WebSite","@id":"https:\/\/trimaco.com\/#website","url":"https:\/\/trimaco.com\/","name":"Trimaco","description":"Total Jobsite Protection\u2122","publisher":{"@id":"https:\/\/trimaco.com\/#organization"},"potentialAction":[{"@type":"SearchAction","target":{"@type":"EntryPoint","urlTemplate":"https:\/\/trimaco.com\/?s={search_term_string}"},"query-input":{"@type":"PropertyValueSpecification","valueRequired":true,"valueName":"search_term_string"}}],"inLanguage":"es"},{"@type":"Organization","@id":"https:\/\/trimaco.com\/#organization","name":"Trimaco","url":"https:\/\/trimaco.com\/","logo":{"@type":"ImageObject","inLanguage":"es","@id":"https:\/\/trimaco.com\/#\/schema\/logo\/image\/","url":"https:\/\/trimaco.com\/wp-content\/uploads\/2016\/08\/login-logo.png","contentUrl":"https:\/\/trimaco.com\/wp-content\/uploads\/2016\/08\/login-logo.png","width":450,"height":69,"caption":"Trimaco"},"image":{"@id":"https:\/\/trimaco.com\/#\/schema\/logo\/image\/"},"sameAs":["https:\/\/www.facebook.com\/pages\/Trimaco\/346858225385747?ref=ts","https:\/\/x.com\/trimacoinc","https:\/\/www.instagram.com\/trimaco_inc\/","https:\/\/pinterest.com\/trimaco\/","https:\/\/www.youtube.com\/c\/trimacoinc"]}]}},"_links":{"self":[{"href":"https:\/\/trimaco.com\/es\/wp-json\/wp\/v2\/pages\/10337","targetHints":{"allow":["GET"]}}],"collection":[{"href":"https:\/\/trimaco.com\/es\/wp-json\/wp\/v2\/pages"}],"about":[{"href":"https:\/\/trimaco.com\/es\/wp-json\/wp\/v2\/types\/page"}],"author":[{"embeddable":true,"href":"https:\/\/trimaco.com\/es\/wp-json\/wp\/v2\/users\/9"}],"replies":[{"embeddable":true,"href":"https:\/\/trimaco.com\/es\/wp-json\/wp\/v2\/comments?post=10337"}],"version-history":[{"count":0,"href":"https:\/\/trimaco.com\/es\/wp-json\/wp\/v2\/pages\/10337\/revisions"}],"up":[{"embeddable":true,"href":"https:\/\/trimaco.com\/es\/wp-json\/wp\/v2\/pages\/9846"}],"wp:featuredmedia":[{"embeddable":true,"href":"https:\/\/trimaco.com\/es\/wp-json\/wp\/v2\/media\/21294"}],"wp:attachment":[{"href":"https:\/\/trimaco.com\/es\/wp-json\/wp\/v2\/media?parent=10337"}],"curies":[{"name":"wp","href":"https:\/\/api.w.org\/{rel}","templated":true}]}}