{"id":10336,"date":"2020-11-18T15:59:02","date_gmt":"2020-11-18T19:59:02","guid":{"rendered":"https:\/\/trimaco.wpengine.com\/industrias\/gestion-de-instalaciones\/"},"modified":"2021-12-16T14:22:07","modified_gmt":"2021-12-16T18:22:07","slug":"gestion-de-instalaciones","status":"publish","type":"page","link":"https:\/\/trimaco.com\/es\/industrias\/gestion-de-instalaciones\/","title":{"rendered":"Gesti\u00f3n de instalaciones"},"content":{"rendered":"<p><img decoding=\"async\" data-src=\"https:\/\/trimaco.com\/wp-content\/uploads\/2020\/04\/facilities-industry-website-1024x327.jpg\" alt=\"gesti\u00f3n de instalaciones\" width=\"1024\" height=\"327\" class=\"alignnone size-large wp-image-9171 lazyload\" data-srcset=\"https:\/\/trimaco.com\/wp-content\/uploads\/2020\/04\/facilities-industry-website.jpg 1024w, https:\/\/trimaco.com\/wp-content\/uploads\/2020\/04\/facilities-industry-website-300x96.jpg 300w, https:\/\/trimaco.com\/wp-content\/uploads\/2020\/04\/facilities-industry-website-768x245.jpg 768w, https:\/\/trimaco.com\/wp-content\/uploads\/2020\/04\/facilities-industry-website-624x199.jpg 624w\" data-sizes=\"(max-width: 1024px) 100vw, 1024px\" src=\"data:image\/svg+xml;base64,PHN2ZyB3aWR0aD0iMSIgaGVpZ2h0PSIxIiB4bWxucz0iaHR0cDovL3d3dy53My5vcmcvMjAwMC9zdmciPjwvc3ZnPg==\" style=\"--smush-placeholder-width: 1024px; --smush-placeholder-aspect-ratio: 1024\/327;\" \/><\/p>\n<p>\nLa gesti\u00f3n del mantenimiento de las instalaciones es simplemente la gesti\u00f3n de proyectos de operaciones y mantenimiento en un espacio para mantenerlo c\u00f3modo, limpio, seguro y eficiente. Los gerentes de instalaciones delegar\u00e1n espec\u00edficamente el trabajo a un equipo de gesti\u00f3n de mantenimiento, incluyendo t\u00e9cnicos, conserjes, inspectores y otros proveedores de servicios, para mantener la eficiencia.<br \/>\nLa industria de gesti\u00f3n de instalaciones es muy importante tanto para la seguridad en el lugar de trabajo como para el \u00e9xito general a largo plazo del presupuesto operativo de una empresa. Esto se debe a que los gerentes de instalaciones no se centran \u00fanicamente en las operaciones diarias de mantenimiento de un negocio, sino que tambi\u00e9n son responsables del mantenimiento preventivo para que los equipos y las estructuras de los edificios permanezcan en buenas condiciones. El equipo roto equivale al tiempo de inactividad, lo que equivale a menos ingresos, por lo que estos trabajos van mucho m\u00e1s all\u00e1 de los servicios de mantenimiento general.<br \/>\n<br \/>\nTambi\u00e9n es el trabajo de los gerentes de instalaciones realizar un seguimiento del mantenimiento preventivo para evitar costos de mantenimiento innecesarios y \u00f3rdenes de trabajo. Los gerentes de instalaciones sirven a una variedad de industrias. Las instalaciones que administran var\u00edan en funci\u00f3n de la funci\u00f3n empresarial, pero podr\u00eda ir desde una planta de producci\u00f3n a gran escala hasta una escuela o un edificio de oficinas. Son responsables de supervisar tareas tales como mantenimiento de equipos, seguimiento de activos, administraci\u00f3n de espacio, administraci\u00f3n de energ\u00eda, mantenimiento de espacio de oficina y m\u00e1s.<br \/>\n<br \/><\/br><br \/>\nLos productos de Trimaco pueden ayudar a la administraci\u00f3n de instalaciones en estas tareas para proteger a los trabajadores y espacios durante un trabajo espec\u00edfico. Desde <a href=\"https:\/\/trimaco.com\/es\/productos\/prendas-de-proteccion\/overoles-protectores-profesionales-tyvek-de-dupont\/\">overoles<\/a> y <a href=\"https:\/\/trimaco.com\/es\/productos\/prendas-de-proteccion\/protectores-de-zapatos-y-botas-misc-tyvek-de-dupont\/\">fundas para zapatos<\/a>hasta <a href=\"https:\/\/trimaco.com\/es\/productos\/peliculas-protectoras-de-superficie\/pelicula-protectora-easymask-para-sistemas-de-hvac\/\">pel\u00edculas<\/a> y<a href=\"https:\/\/trimaco.com\/es\/productos\/trapos-y-limpiaparabrisas\/\">trapos<\/a>de protecci\u00f3n HVAC, nuestros productos ayudan a estos proveedores de servicios a hacer el trabajo bien con el fin de mantener sus instalaciones limpias y seguras. Tambi\u00e9n tenemos productos para ayudar al mantenimiento de las instalaciones con preparaci\u00f3n para emergencias y diversas necesidades de administraci\u00f3n de propiedades.\n<\/p>\n<h2>Trimaco y la industria de gesti\u00f3n de instalaciones<\/h2>\n<p>Aseg\u00farese de explorar nuestra <a href=\"https:\/\/trimaco.com\/es\/catalogo-de-productos\/\">l\u00ednea completa de productos<\/a> para obtener m\u00e1s informaci\u00f3n sobre todos los productos y soluciones que ofrecemos para la industria de gesti\u00f3n de instalaciones. Si necesita una soluci\u00f3n m\u00e1s personalizada para su sistema de gesti\u00f3n, p\u00f3ngase en contacto con nuestros representantes y le ayudaremos a encontrar los suministros de administraci\u00f3n de instalaciones que necesita. <\/p>\n<p>A continuaci\u00f3n, se enumeran algunos de los productos m\u00e1s populares de Trimaco en la industria:\n<\/p>\n<ul>\n<li><a href=\"https:\/\/trimaco.com\/es\/productos\/peliculas-protectoras-de-superficie\/pelicula-protectora-easymask-para-sistemas-de-hvac\/\">Pel\u00edculas HVAC<\/a><\/li>\n<li><a href=\"https:\/\/trimaco.com\/es\/productos\/trapos-y-limpiaparabrisas\/\">Trapos y limpiadores<\/a><\/li>\n<li><a href=\"https:\/\/trimaco.com\/es\/productos\/prendas-de-proteccion\/cubierta-para-zapatos-e-z-floor-guards\/\">Protectores de suelo E-Z<\/a><\/li>\n<\/ul>\n","protected":false},"excerpt":{"rendered":"<p>La gesti\u00f3n del mantenimiento de las instalaciones es simplemente la gesti\u00f3n de proyectos de operaciones y mantenimiento en un espacio para mantenerlo c\u00f3modo, limpio, seguro y eficiente. Los gerentes de instalaciones delegar\u00e1n espec\u00edficamente el trabajo<a class=\"read-more\" href=\"https:\/\/trimaco.com\/es\/industrias\/gestion-de-instalaciones\/\"> &#8230;Continue Reading<\/a><\/p>\n","protected":false},"author":9,"featured_media":20075,"parent":9846,"menu_order":7,"comment_status":"closed","ping_status":"closed","template":"page_industries-child.php","meta":{"_acf_changed":false,"footnotes":""},"class_list":["post-10336","page","type-page","status-publish","has-post-thumbnail","hentry"],"acf":[],"yoast_head":"<!-- This site is optimized with the Yoast SEO plugin v27.5 - https:\/\/yoast.com\/product\/yoast-seo-wordpress\/ -->\n<title>Productos de gesti\u00f3n de - Soluciones de la industria - Trimaco<\/title>\n<meta name=\"description\" content=\"En la industria de gesti\u00f3n de instalaciones, Trimaco puede proporcionar pel\u00edculas de protecci\u00f3n para HVAC y cubiertas de EPP para proteger a los trabajadores. \u00a1Explora nuestros productos!\" \/>\n<meta name=\"robots\" content=\"index, follow, max-snippet:-1, max-image-preview:large, max-video-preview:-1\" \/>\n<link rel=\"canonical\" href=\"https:\/\/trimaco.com\/es\/industrias\/gestion-de-instalaciones\/\" \/>\n<meta property=\"og:locale\" content=\"es_ES\" \/>\n<meta property=\"og:type\" content=\"article\" \/>\n<meta property=\"og:title\" content=\"Productos de gesti\u00f3n de - Soluciones de la industria - Trimaco\" \/>\n<meta property=\"og:description\" content=\"En la industria de gesti\u00f3n de instalaciones, Trimaco puede proporcionar pel\u00edculas de protecci\u00f3n para HVAC y cubiertas de EPP para proteger a los trabajadores. \u00a1Explora nuestros productos!\" \/>\n<meta property=\"og:url\" content=\"https:\/\/trimaco.com\/es\/industrias\/gestion-de-instalaciones\/\" \/>\n<meta property=\"og:site_name\" content=\"Trimaco\" \/>\n<meta property=\"article:publisher\" content=\"https:\/\/www.facebook.com\/pages\/Trimaco\/346858225385747?ref=ts\" \/>\n<meta property=\"article:modified_time\" content=\"2021-12-16T18:22:07+00:00\" \/>\n<meta property=\"og:image\" content=\"https:\/\/trimaco.com\/wp-content\/uploads\/2017\/01\/tyvek-3.jpg\" \/>\n\t<meta property=\"og:image:width\" content=\"1000\" \/>\n\t<meta property=\"og:image:height\" content=\"1000\" \/>\n\t<meta property=\"og:image:type\" content=\"image\/jpeg\" \/>\n<meta name=\"twitter:card\" content=\"summary_large_image\" \/>\n<meta name=\"twitter:site\" content=\"@trimacoinc\" \/>\n<meta name=\"twitter:label1\" content=\"Tiempo de lectura\" \/>\n\t<meta name=\"twitter:data1\" content=\"2 minutos\" \/>\n<!-- \/ Yoast SEO plugin. -->","yoast_head_json":{"title":"Productos de gesti\u00f3n de - Soluciones de la industria - Trimaco","description":"En la industria de gesti\u00f3n de instalaciones, Trimaco puede proporcionar pel\u00edculas de protecci\u00f3n para HVAC y cubiertas de EPP para proteger a los trabajadores. \u00a1Explora nuestros productos!","robots":{"index":"index","follow":"follow","max-snippet":"max-snippet:-1","max-image-preview":"max-image-preview:large","max-video-preview":"max-video-preview:-1"},"canonical":"https:\/\/trimaco.com\/es\/industrias\/gestion-de-instalaciones\/","og_locale":"es_ES","og_type":"article","og_title":"Productos de gesti\u00f3n de - Soluciones de la industria - Trimaco","og_description":"En la industria de gesti\u00f3n de instalaciones, Trimaco puede proporcionar pel\u00edculas de protecci\u00f3n para HVAC y cubiertas de EPP para proteger a los trabajadores. \u00a1Explora nuestros productos!","og_url":"https:\/\/trimaco.com\/es\/industrias\/gestion-de-instalaciones\/","og_site_name":"Trimaco","article_publisher":"https:\/\/www.facebook.com\/pages\/Trimaco\/346858225385747?ref=ts","article_modified_time":"2021-12-16T18:22:07+00:00","og_image":[{"width":1000,"height":1000,"url":"https:\/\/trimaco.com\/wp-content\/uploads\/2017\/01\/tyvek-3.jpg","type":"image\/jpeg"}],"twitter_card":"summary_large_image","twitter_site":"@trimacoinc","twitter_misc":{"Tiempo de lectura":"2 minutos"},"schema":{"@context":"https:\/\/schema.org","@graph":[{"@type":"WebPage","@id":"https:\/\/trimaco.com\/es\/industrias\/gestion-de-instalaciones\/","url":"https:\/\/trimaco.com\/es\/industrias\/gestion-de-instalaciones\/","name":"Productos de gesti\u00f3n de - Soluciones de la industria - Trimaco","isPartOf":{"@id":"https:\/\/trimaco.com\/#website"},"primaryImageOfPage":{"@id":"https:\/\/trimaco.com\/es\/industrias\/gestion-de-instalaciones\/#primaryimage"},"image":{"@id":"https:\/\/trimaco.com\/es\/industrias\/gestion-de-instalaciones\/#primaryimage"},"thumbnailUrl":"https:\/\/trimaco.com\/wp-content\/uploads\/2017\/01\/tyvek-3.jpg","datePublished":"2020-11-18T19:59:02+00:00","dateModified":"2021-12-16T18:22:07+00:00","description":"En la industria de gesti\u00f3n de instalaciones, Trimaco puede proporcionar pel\u00edculas de protecci\u00f3n para HVAC y cubiertas de EPP para proteger a los trabajadores. \u00a1Explora nuestros productos!","breadcrumb":{"@id":"https:\/\/trimaco.com\/es\/industrias\/gestion-de-instalaciones\/#breadcrumb"},"inLanguage":"es","potentialAction":[{"@type":"ReadAction","target":["https:\/\/trimaco.com\/es\/industrias\/gestion-de-instalaciones\/"]}]},{"@type":"ImageObject","inLanguage":"es","@id":"https:\/\/trimaco.com\/es\/industrias\/gestion-de-instalaciones\/#primaryimage","url":"https:\/\/trimaco.com\/wp-content\/uploads\/2017\/01\/tyvek-3.jpg","contentUrl":"https:\/\/trimaco.com\/wp-content\/uploads\/2017\/01\/tyvek-3.jpg","width":1000,"height":1000,"caption":"wearing tyvek suit in facility"},{"@type":"BreadcrumbList","@id":"https:\/\/trimaco.com\/es\/industrias\/gestion-de-instalaciones\/#breadcrumb","itemListElement":[{"@type":"ListItem","position":1,"name":"Home","item":"https:\/\/trimaco.com\/"},{"@type":"ListItem","position":2,"name":"Industrias","item":"https:\/\/trimaco.com\/industries\/"},{"@type":"ListItem","position":3,"name":"Gesti\u00f3n de instalaciones"}]},{"@type":"WebSite","@id":"https:\/\/trimaco.com\/#website","url":"https:\/\/trimaco.com\/","name":"Trimaco","description":"Total Jobsite Protection\u2122","publisher":{"@id":"https:\/\/trimaco.com\/#organization"},"potentialAction":[{"@type":"SearchAction","target":{"@type":"EntryPoint","urlTemplate":"https:\/\/trimaco.com\/?s={search_term_string}"},"query-input":{"@type":"PropertyValueSpecification","valueRequired":true,"valueName":"search_term_string"}}],"inLanguage":"es"},{"@type":"Organization","@id":"https:\/\/trimaco.com\/#organization","name":"Trimaco","url":"https:\/\/trimaco.com\/","logo":{"@type":"ImageObject","inLanguage":"es","@id":"https:\/\/trimaco.com\/#\/schema\/logo\/image\/","url":"https:\/\/trimaco.com\/wp-content\/uploads\/2016\/08\/login-logo.png","contentUrl":"https:\/\/trimaco.com\/wp-content\/uploads\/2016\/08\/login-logo.png","width":450,"height":69,"caption":"Trimaco"},"image":{"@id":"https:\/\/trimaco.com\/#\/schema\/logo\/image\/"},"sameAs":["https:\/\/www.facebook.com\/pages\/Trimaco\/346858225385747?ref=ts","https:\/\/x.com\/trimacoinc","https:\/\/www.instagram.com\/trimaco_inc\/","https:\/\/pinterest.com\/trimaco\/","https:\/\/www.youtube.com\/c\/trimacoinc"]}]}},"_links":{"self":[{"href":"https:\/\/trimaco.com\/es\/wp-json\/wp\/v2\/pages\/10336","targetHints":{"allow":["GET"]}}],"collection":[{"href":"https:\/\/trimaco.com\/es\/wp-json\/wp\/v2\/pages"}],"about":[{"href":"https:\/\/trimaco.com\/es\/wp-json\/wp\/v2\/types\/page"}],"author":[{"embeddable":true,"href":"https:\/\/trimaco.com\/es\/wp-json\/wp\/v2\/users\/9"}],"replies":[{"embeddable":true,"href":"https:\/\/trimaco.com\/es\/wp-json\/wp\/v2\/comments?post=10336"}],"version-history":[{"count":0,"href":"https:\/\/trimaco.com\/es\/wp-json\/wp\/v2\/pages\/10336\/revisions"}],"up":[{"embeddable":true,"href":"https:\/\/trimaco.com\/es\/wp-json\/wp\/v2\/pages\/9846"}],"wp:featuredmedia":[{"embeddable":true,"href":"https:\/\/trimaco.com\/es\/wp-json\/wp\/v2\/media\/20075"}],"wp:attachment":[{"href":"https:\/\/trimaco.com\/es\/wp-json\/wp\/v2\/media?parent=10336"}],"curies":[{"name":"wp","href":"https:\/\/api.w.org\/{rel}","templated":true}]}}