{"id":10329,"date":"2020-11-18T15:31:07","date_gmt":"2020-11-18T19:31:07","guid":{"rendered":"https:\/\/trimaco.wpengine.com\/industrias\/restauracion-de-desastres\/"},"modified":"2021-12-16T14:22:07","modified_gmt":"2021-12-16T18:22:07","slug":"restauracion-de-desastres","status":"publish","type":"page","link":"https:\/\/trimaco.com\/es\/industrias\/restauracion-de-desastres\/","title":{"rendered":"Restauraci\u00f3n de desastres"},"content":{"rendered":"<p><img decoding=\"async\" data-src=\"https:\/\/trimaco.com\/wp-content\/uploads\/2020\/04\/disaster-restoration-industry-website-1024x327.jpg\" alt=\"Equipos y Suministros de Restauraci\u00f3n de Desastres\" width=\"1024\" height=\"327\" class=\"alignnone size-large wp-image-9177 lazyload\" data-srcset=\"https:\/\/trimaco.com\/wp-content\/uploads\/2020\/04\/disaster-restoration-industry-website.jpg 1024w, https:\/\/trimaco.com\/wp-content\/uploads\/2020\/04\/disaster-restoration-industry-website-300x96.jpg 300w, https:\/\/trimaco.com\/wp-content\/uploads\/2020\/04\/disaster-restoration-industry-website-768x245.jpg 768w, https:\/\/trimaco.com\/wp-content\/uploads\/2020\/04\/disaster-restoration-industry-website-624x199.jpg 624w\" data-sizes=\"(max-width: 1024px) 100vw, 1024px\" src=\"data:image\/svg+xml;base64,PHN2ZyB3aWR0aD0iMSIgaGVpZ2h0PSIxIiB4bWxucz0iaHR0cDovL3d3dy53My5vcmcvMjAwMC9zdmciPjwvc3ZnPg==\" style=\"--smush-placeholder-width: 1024px; --smush-placeholder-aspect-ratio: 1024\/327;\" \/><\/p>\n<p>\nLa restauraci\u00f3n ante desastres es, por desgracia, una industria muy activa y necesaria. La industria de restauraci\u00f3n de desastres es responsable de limpiar y restaurar las \u00e1reas de da\u00f1os. Esto podr\u00eda ser en sitios de construcci\u00f3n, en derrames qu\u00edmicos de riesgo biol\u00f3gico o en restauraci\u00f3n de emergencia, el trabajo podr\u00eda ser el resultado de desastres naturales como huracanes, tornados, inundaciones, incendios y m\u00e1s. En estos casos, los equipos de restauraci\u00f3n de desastres vienen con equipos especiales de limpieza como motores de aire, desengrasantes, filtros de hepa, desinfectantes, productos de restauraci\u00f3n de da\u00f1os por incendios y m\u00e1s.<br \/>\n<br \/>\nEsto puede ser una l\u00ednea de trabajo peligrosa, pero es importante para las empresas y comunidades que cuentan con la industria de restauraci\u00f3n de desastres para ayudarles a recuperarse. Trimaco se complace en poder proporcionar una variedad de productos que pueden ayudar a mantener los sitios de trabajo de restauraci\u00f3n de desastres seguros para los trabajadores de la industria.\n<\/p>\n<h2>PROTECCI\u00d3N TOTAL DEL LUGAR DE TRABAJO<\/h2>\n<p>\n\u00bfA qu\u00e9 nos referimos con la protecci\u00f3n total en el lugar de trabajo? Trimaco ofrece una amplia selecci\u00f3n de productos de protecci\u00f3n de superficies de calidad que se pueden utilizar para una amplia gama de tipos de trabajo, incluyendo el proceso de restauraci\u00f3n de desastres. Las empresas de restauraci\u00f3n de desastres ayudan a completar los trabajos de manera eficaz y segura en tiempos dif\u00edciles. <\/p>\n<p>Desde da\u00f1os por fuego o humo y eliminaci\u00f3n de moho hasta restauraci\u00f3n de da\u00f1os por agua a gran escala y da\u00f1os por tormentas, proporcionan ayuda inmediata en el lugar del desastre. Los profesionales de la restauraci\u00f3n utilizan una variedad de opciones de equipos, como equipos de secado, m\u00e1quinas de aire, medidores de humedad y deshumidificadores, para ayudar con la extracci\u00f3n de agua y otros proyectos de restauraci\u00f3n.<\/p>\n<p>Trimaco ayuda a las empresas de restauraci\u00f3n de desastres proporcionando equipos de restauraci\u00f3n confiables y <a href=\"https:\/\/trimaco.com\/es\/productos\/prendas-de-proteccion\/\">productos de protecci\u00f3n personal<\/a> para mantener un lugar de trabajo seguro. Desde<a href=\"https:\/\/trimaco.com\/es\/productos\/prendas-de-proteccion\/overoles-protectores-profesionales-tyvek-de-dupont\/\">cubiertas de PPE<\/a> hasta sistemas de <a href=\"https:\/\/trimaco.com\/es\/productos\/sistemas-de-contencion-de-polvo-soluciones\/\">contenci\u00f3n de polvo<\/a>y <a href=\"https:\/\/trimaco.com\/es\/productos\/proteccion-de-superficies-de-servicio-pesado\/\">productos de protecci\u00f3n de superficies<\/a>, nuestros suministros de restauraci\u00f3n pueden ayudar con la restauraci\u00f3n del agua y descontaminaci\u00f3n del moho. \u00a1Trimaco tiene cubiertos a los profesionales de restauraci\u00f3n y extractores de agua!\n<\/p>\n<h2>Trimaco y la industria de restauraci\u00f3n de desastres<\/h2>\n<p>\nAseg\u00farese de explorar nuestro cat\u00e1logo completo de equipos de restauraci\u00f3n de desastres que se encuentra a continuaci\u00f3n o comun\u00edquese con el e<a href=\"https:\/\/trimaco.com\/es\/industrias\/restauracion-de-desastres\/\">quipo de Trimaco<\/a> directamente para obtener m\u00e1s informaci\u00f3n sobre nuestros suministros de restauraci\u00f3n y removedores de da\u00f1os.\n<\/p>\n<div><iframe data-src=\"https:\/\/cdn.flipsnack.com\/widget\/v2\/widget.html?hash=fdzpsz768\" width=\"100%\" height=\"480\" seamless=\"seamless\" scrolling=\"no\" frameborder=\"0\" allowfullscreen=\"\" src=\"data:image\/svg+xml;base64,PHN2ZyB3aWR0aD0iMSIgaGVpZ2h0PSIxIiB4bWxucz0iaHR0cDovL3d3dy53My5vcmcvMjAwMC9zdmciPjwvc3ZnPg==\" class=\"lazyload\" data-load-mode=\"1\"><\/iframe><\/div>\n<p><a href=\"https:\/\/trimaco.com\/sales-sheet\/DisasterRestorationUS0620_email.pdf\" target=\"_blank\" rel=\"noopener noreferrer\">Descargar cat\u00e1logo<\/a><\/p>\n<p><\/p>\n<div id=\"divider\"><\/div>\n<div id=\"three-cols\">\n<div id=\"col1\" class=\"catalog\">\n<h2>Informaci\u00f3n de contacto<\/h2>\n<p>\n<strong><em>Ken Lee<\/em><\/strong><br \/>\nDirector de Restauraci\u00f3n de Desastres<br \/>\ncelular: <a href=\"tel:9512931397\">951.293.1397<\/a><\/li>\n<p><strong><em>Chandler Clark<\/em><\/strong><br \/>\nGerente de Cuentas Nacionales<br \/>\nRestauraci\u00f3n Comercial y de Desastres<br \/>\ncelular: <a href=\"tel:4848897651\">484.889.7651<\/a><\/li>\n<\/p>\n<\/div>\n","protected":false},"excerpt":{"rendered":"<p>La restauraci\u00f3n ante desastres es, por desgracia, una industria muy activa y necesaria. La industria de restauraci\u00f3n de desastres es responsable de limpiar y restaurar las \u00e1reas de da\u00f1os. Esto podr\u00eda ser en sitios de<a class=\"read-more\" href=\"https:\/\/trimaco.com\/es\/industrias\/restauracion-de-desastres\/\"> &#8230;Continue Reading<\/a><\/p>\n","protected":false},"author":9,"featured_media":20189,"parent":9846,"menu_order":4,"comment_status":"closed","ping_status":"closed","template":"page_industries-child.php","meta":{"_acf_changed":false,"footnotes":""},"class_list":["post-10329","page","type-page","status-publish","has-post-thumbnail","hentry"],"acf":[],"yoast_head":"<!-- This site is optimized with the Yoast SEO plugin v27.5 - https:\/\/yoast.com\/product\/yoast-seo-wordpress\/ -->\n<title>Equipos y productos de Restauraci\u00f3n de Desastres - Soluciones industriales - Trimaco<\/title>\n<meta name=\"description\" content=\"Trimaco ayuda a las empresas de restauraci\u00f3n de desastres proporcionando productos de protecci\u00f3n, sistemas de contenci\u00f3n de polvo y m\u00e1s. Explore nuestros equipos de restauraci\u00f3n de desastres.\" \/>\n<meta name=\"robots\" content=\"index, follow, max-snippet:-1, max-image-preview:large, max-video-preview:-1\" \/>\n<link rel=\"canonical\" href=\"https:\/\/trimaco.com\/es\/industrias\/restauracion-de-desastres\/\" \/>\n<meta property=\"og:locale\" content=\"es_ES\" \/>\n<meta property=\"og:type\" content=\"article\" \/>\n<meta property=\"og:title\" content=\"Equipos y productos de Restauraci\u00f3n de Desastres - Soluciones industriales - Trimaco\" \/>\n<meta property=\"og:description\" content=\"Trimaco ayuda a las empresas de restauraci\u00f3n de desastres proporcionando productos de protecci\u00f3n, sistemas de contenci\u00f3n de polvo y m\u00e1s. Explore nuestros equipos de restauraci\u00f3n de desastres.\" \/>\n<meta property=\"og:url\" content=\"https:\/\/trimaco.com\/es\/industrias\/restauracion-de-desastres\/\" \/>\n<meta property=\"og:site_name\" content=\"Trimaco\" \/>\n<meta property=\"article:publisher\" content=\"https:\/\/www.facebook.com\/pages\/Trimaco\/346858225385747?ref=ts\" \/>\n<meta property=\"article:modified_time\" content=\"2021-12-16T18:22:07+00:00\" \/>\n<meta property=\"og:image\" content=\"https:\/\/trimaco.com\/wp-content\/uploads\/2017\/02\/lead-kit-1.jpg\" \/>\n\t<meta property=\"og:image:width\" content=\"1000\" \/>\n\t<meta property=\"og:image:height\" content=\"1000\" \/>\n\t<meta property=\"og:image:type\" content=\"image\/jpeg\" \/>\n<meta name=\"twitter:card\" content=\"summary_large_image\" \/>\n<meta name=\"twitter:site\" content=\"@trimacoinc\" \/>\n<meta name=\"twitter:label1\" content=\"Tiempo de lectura\" \/>\n\t<meta name=\"twitter:data1\" content=\"2 minutos\" \/>\n<!-- \/ Yoast SEO plugin. -->","yoast_head_json":{"title":"Equipos y productos de Restauraci\u00f3n de Desastres - Soluciones industriales - Trimaco","description":"Trimaco ayuda a las empresas de restauraci\u00f3n de desastres proporcionando productos de protecci\u00f3n, sistemas de contenci\u00f3n de polvo y m\u00e1s. Explore nuestros equipos de restauraci\u00f3n de desastres.","robots":{"index":"index","follow":"follow","max-snippet":"max-snippet:-1","max-image-preview":"max-image-preview:large","max-video-preview":"max-video-preview:-1"},"canonical":"https:\/\/trimaco.com\/es\/industrias\/restauracion-de-desastres\/","og_locale":"es_ES","og_type":"article","og_title":"Equipos y productos de Restauraci\u00f3n de Desastres - Soluciones industriales - Trimaco","og_description":"Trimaco ayuda a las empresas de restauraci\u00f3n de desastres proporcionando productos de protecci\u00f3n, sistemas de contenci\u00f3n de polvo y m\u00e1s. Explore nuestros equipos de restauraci\u00f3n de desastres.","og_url":"https:\/\/trimaco.com\/es\/industrias\/restauracion-de-desastres\/","og_site_name":"Trimaco","article_publisher":"https:\/\/www.facebook.com\/pages\/Trimaco\/346858225385747?ref=ts","article_modified_time":"2021-12-16T18:22:07+00:00","og_image":[{"width":1000,"height":1000,"url":"https:\/\/trimaco.com\/wp-content\/uploads\/2017\/02\/lead-kit-1.jpg","type":"image\/jpeg"}],"twitter_card":"summary_large_image","twitter_site":"@trimacoinc","twitter_misc":{"Tiempo de lectura":"2 minutos"},"schema":{"@context":"https:\/\/schema.org","@graph":[{"@type":"WebPage","@id":"https:\/\/trimaco.com\/es\/industrias\/restauracion-de-desastres\/","url":"https:\/\/trimaco.com\/es\/industrias\/restauracion-de-desastres\/","name":"Equipos y productos de Restauraci\u00f3n de Desastres - Soluciones industriales - Trimaco","isPartOf":{"@id":"https:\/\/trimaco.com\/#website"},"primaryImageOfPage":{"@id":"https:\/\/trimaco.com\/es\/industrias\/restauracion-de-desastres\/#primaryimage"},"image":{"@id":"https:\/\/trimaco.com\/es\/industrias\/restauracion-de-desastres\/#primaryimage"},"thumbnailUrl":"https:\/\/trimaco.com\/wp-content\/uploads\/2017\/02\/lead-kit-1.jpg","datePublished":"2020-11-18T19:31:07+00:00","dateModified":"2021-12-16T18:22:07+00:00","description":"Trimaco ayuda a las empresas de restauraci\u00f3n de desastres proporcionando productos de protecci\u00f3n, sistemas de contenci\u00f3n de polvo y m\u00e1s. Explore nuestros equipos de restauraci\u00f3n de desastres.","breadcrumb":{"@id":"https:\/\/trimaco.com\/es\/industrias\/restauracion-de-desastres\/#breadcrumb"},"inLanguage":"es","potentialAction":[{"@type":"ReadAction","target":["https:\/\/trimaco.com\/es\/industrias\/restauracion-de-desastres\/"]}]},{"@type":"ImageObject","inLanguage":"es","@id":"https:\/\/trimaco.com\/es\/industrias\/restauracion-de-desastres\/#primaryimage","url":"https:\/\/trimaco.com\/wp-content\/uploads\/2017\/02\/lead-kit-1.jpg","contentUrl":"https:\/\/trimaco.com\/wp-content\/uploads\/2017\/02\/lead-kit-1.jpg","width":1000,"height":1000,"caption":"lead kit clean up"},{"@type":"BreadcrumbList","@id":"https:\/\/trimaco.com\/es\/industrias\/restauracion-de-desastres\/#breadcrumb","itemListElement":[{"@type":"ListItem","position":1,"name":"Home","item":"https:\/\/trimaco.com\/"},{"@type":"ListItem","position":2,"name":"Industrias","item":"https:\/\/trimaco.com\/industries\/"},{"@type":"ListItem","position":3,"name":"Restauraci\u00f3n de desastres"}]},{"@type":"WebSite","@id":"https:\/\/trimaco.com\/#website","url":"https:\/\/trimaco.com\/","name":"Trimaco","description":"Total Jobsite Protection\u2122","publisher":{"@id":"https:\/\/trimaco.com\/#organization"},"potentialAction":[{"@type":"SearchAction","target":{"@type":"EntryPoint","urlTemplate":"https:\/\/trimaco.com\/?s={search_term_string}"},"query-input":{"@type":"PropertyValueSpecification","valueRequired":true,"valueName":"search_term_string"}}],"inLanguage":"es"},{"@type":"Organization","@id":"https:\/\/trimaco.com\/#organization","name":"Trimaco","url":"https:\/\/trimaco.com\/","logo":{"@type":"ImageObject","inLanguage":"es","@id":"https:\/\/trimaco.com\/#\/schema\/logo\/image\/","url":"https:\/\/trimaco.com\/wp-content\/uploads\/2016\/08\/login-logo.png","contentUrl":"https:\/\/trimaco.com\/wp-content\/uploads\/2016\/08\/login-logo.png","width":450,"height":69,"caption":"Trimaco"},"image":{"@id":"https:\/\/trimaco.com\/#\/schema\/logo\/image\/"},"sameAs":["https:\/\/www.facebook.com\/pages\/Trimaco\/346858225385747?ref=ts","https:\/\/x.com\/trimacoinc","https:\/\/www.instagram.com\/trimaco_inc\/","https:\/\/pinterest.com\/trimaco\/","https:\/\/www.youtube.com\/c\/trimacoinc"]}]}},"_links":{"self":[{"href":"https:\/\/trimaco.com\/es\/wp-json\/wp\/v2\/pages\/10329","targetHints":{"allow":["GET"]}}],"collection":[{"href":"https:\/\/trimaco.com\/es\/wp-json\/wp\/v2\/pages"}],"about":[{"href":"https:\/\/trimaco.com\/es\/wp-json\/wp\/v2\/types\/page"}],"author":[{"embeddable":true,"href":"https:\/\/trimaco.com\/es\/wp-json\/wp\/v2\/users\/9"}],"replies":[{"embeddable":true,"href":"https:\/\/trimaco.com\/es\/wp-json\/wp\/v2\/comments?post=10329"}],"version-history":[{"count":0,"href":"https:\/\/trimaco.com\/es\/wp-json\/wp\/v2\/pages\/10329\/revisions"}],"up":[{"embeddable":true,"href":"https:\/\/trimaco.com\/es\/wp-json\/wp\/v2\/pages\/9846"}],"wp:featuredmedia":[{"embeddable":true,"href":"https:\/\/trimaco.com\/es\/wp-json\/wp\/v2\/media\/20189"}],"wp:attachment":[{"href":"https:\/\/trimaco.com\/es\/wp-json\/wp\/v2\/media?parent=10329"}],"curies":[{"name":"wp","href":"https:\/\/api.w.org\/{rel}","templated":true}]}}