{"id":10327,"date":"2020-11-18T15:20:44","date_gmt":"2020-11-18T19:20:44","guid":{"rendered":"https:\/\/trimaco.wpengine.com\/industrias\/industria-marina\/"},"modified":"2021-12-16T14:22:07","modified_gmt":"2021-12-16T18:22:07","slug":"industria-marina","status":"publish","type":"page","link":"https:\/\/trimaco.com\/es\/industrias\/industria-marina\/","title":{"rendered":"Industria Marina"},"content":{"rendered":"<p><img decoding=\"async\" data-src=\"https:\/\/trimaco.com\/wp-content\/uploads\/2020\/04\/marine-industry-website-1024x327.jpg\" alt=\"industria marina\" width=\"1024\" height=\"327\" class=\"alignnone size-large wp-image-9169 lazyload\" data-srcset=\"https:\/\/trimaco.com\/wp-content\/uploads\/2020\/04\/marine-industry-website.jpg 1024w, https:\/\/trimaco.com\/wp-content\/uploads\/2020\/04\/marine-industry-website-300x96.jpg 300w, https:\/\/trimaco.com\/wp-content\/uploads\/2020\/04\/marine-industry-website-768x245.jpg 768w, https:\/\/trimaco.com\/wp-content\/uploads\/2020\/04\/marine-industry-website-624x199.jpg 624w\" data-sizes=\"(max-width: 1024px) 100vw, 1024px\" src=\"data:image\/svg+xml;base64,PHN2ZyB3aWR0aD0iMSIgaGVpZ2h0PSIxIiB4bWxucz0iaHR0cDovL3d3dy53My5vcmcvMjAwMC9zdmciPjwvc3ZnPg==\" style=\"--smush-placeholder-width: 1024px; --smush-placeholder-aspect-ratio: 1024\/327;\" \/><\/p>\n<p>La industria marina es una enorme red naviera global. Tambi\u00e9n incluye sectores comunitarios m\u00e1s peque\u00f1os, como el turismo, la navegaci\u00f3n recreativa, acabados, la patrulla de la Guardia Costera, el transporte de agua, los puertos deportivos locales, los astilleros y otros negocios marinos. En Trimaco ofrecemos una gama de productos marinos que pueden ser \u00fatiles para diferentes trabajos dentro de la industria de la navegaci\u00f3n. <\/p>\n<p>Trimaco es conocido por nuestros productos de calidad y estamos encantados de poder servir a aquellos que trabajan en la industria marina. Las soluciones marinas de Trimaco incluyen barreras protectoras que ayudan a proteger las cubiertas de los barcos durante el mantenimiento. Esto es importante ya que muchos barcos est\u00e1n hechos de fibra de vidrio delicada. Nuestros<a href=\"https:\/\/trimaco.com\/es\/productos\/proteccion-de-superficies-de-servicio-pesado\/proteccion-de-superficie-retardante-de-llamas-aqua-shield\/\">productos incombustibles de protecci\u00f3n de superficies y resistentes al agua<\/a> se utilizan para una variedad de trabajos de mantenimiento marino. Adem\u00e1s, el EPI y otras <a href=\"https:\/\/trimaco.com\/es\/productos\/prendas-de-proteccion\/\">protecciones personales<\/a> son fundamentales para los proyectos de construcci\u00f3n marina. Ya sea que usted necesite productos de protecci\u00f3n para una lancha motora o un velero, Trimaco lo tiene cubierto.<\/p>\n<h2>Trimaco y la industria marina<\/h2>\n<p>\nTrimaco se enorgullece de ser distribuidores de una variedad de productos que se utilizan en la industria marina. Esto incluye productos de protecci\u00f3n de superficie y EPI relacionados con barcos de lujo, l\u00edneas de cruceros y fabricaci\u00f3n de barcos, incluyendo buques a gran escala como buques navales, buques cisterna y barcazas, as\u00ed como barcos deportivos, yates y veleros. Utilizados tanto por los propietarios de barcos como por los constructores de barcos, nuestros productos son conocidos tanto por su funci\u00f3n como por su durabilidad.<br \/>\n<br \/>\nSiempre estamos a\u00f1adiendo nuevos productos que son \u00fatiles para aplicaciones marinas. Aseg\u00farese de explorar el <a href=\"https:\/\/trimaco.com\/es\/catalogo-de-productos\/\">cat\u00e1logo<\/a> completo de los productos de Trimaco, as\u00ed como las opciones m\u00e1s populares de la industria a continuaci\u00f3n:\n<\/p>\n<ul>\n<li><a href=\"https:\/\/trimaco.com\/es\/productos\/proteccion-de-superficies-de-servicio-pesado\/proteccion-de-superficie-retardante-de-llamas-aqua-shield\/\">Protector de superficie Aqua Shield<\/a><\/li>\n<li><a href=\"https:\/\/trimaco.com\/es\/productos\/prendas-de-proteccion\/overoles-protectores-profesionales-tyvek-de-dupont\/\">Overoles Tyvek de DuPont<\/a><\/li>\n<li><a href=\"https:\/\/trimaco.com\/es\/productos\/proteccion-de-superficies-de-servicio-pesado\/protector-de-superficie-absorbente-supertuff-de-servicio-pesado\/\">\u2022 Protector de superficie SuperTuff para trabajos pesados<\/a><\/li>\n<\/ul>\n<p>\u00bfTiene preguntas sobre Trimaco y los productos que ofrecemos para la industria marina o en busca de una categor\u00eda de producto en particular? <a href=\"https:\/\/trimaco.com\/es\/contactenos\/\">P\u00f3ngase en contacto con<\/a> un miembro del equipo hoy mismo o consulte nuestra <a href=\"https:\/\/trimaco.com\/es\/preguntas-frecuentes\/\">secci\u00f3n de preguntas frecuentes<\/a>.<\/p>\n<p><iframe data-src=\"https:\/\/cdn.flipsnack.com\/widget\/v2\/widget.html?hash=xtns71dqwd\" width=\"100%\" height=\"480\" seamless=\"seamless\" scrolling=\"no\" frameborder=\"0\" allowtransparency=\"true\" allowfullscreen=\"true\" src=\"data:image\/svg+xml;base64,PHN2ZyB3aWR0aD0iMSIgaGVpZ2h0PSIxIiB4bWxucz0iaHR0cDovL3d3dy53My5vcmcvMjAwMC9zdmciPjwvc3ZnPg==\" class=\"lazyload\" data-load-mode=\"1\"><\/iframe><\/p>\n<p><a href=\"https:\/\/trimaco.com\/wp-content\/uploads\/2020\/07\/MarineProductsBrochureUS0720_email.pdf\" target=\"_blank\" alt=\"trimaco marine\" rel=\"noopener noreferrer\">Descargar<\/a><\/p>\n","protected":false},"excerpt":{"rendered":"<p>La industria marina es una enorme red naviera global. Tambi\u00e9n incluye sectores comunitarios m\u00e1s peque\u00f1os, como el turismo, la navegaci\u00f3n recreativa, acabados, la patrulla de la Guardia Costera, el transporte de agua, los puertos deportivos<a class=\"read-more\" href=\"https:\/\/trimaco.com\/es\/industrias\/industria-marina\/\"> &#8230;Continue Reading<\/a><\/p>\n","protected":false},"author":9,"featured_media":20078,"parent":9846,"menu_order":3,"comment_status":"closed","ping_status":"closed","template":"page_industries-child.php","meta":{"_acf_changed":false,"footnotes":""},"class_list":["post-10327","page","type-page","status-publish","has-post-thumbnail","hentry"],"acf":[],"yoast_head":"<!-- This site is optimized with the Yoast SEO plugin v27.3 - https:\/\/yoast.com\/product\/yoast-seo-wordpress\/ -->\n<title>Productos marinos - Soluciones de la industria - Trimaco<\/title>\n<meta name=\"description\" content=\"Trimaco ofrece productos marinos para cualquier situaci\u00f3n. \u00a1Explore todas nuestras opciones de protecci\u00f3n de superficies hoy mismo!\" \/>\n<meta name=\"robots\" content=\"index, follow, max-snippet:-1, max-image-preview:large, max-video-preview:-1\" \/>\n<link rel=\"canonical\" href=\"https:\/\/trimaco.com\/es\/industrias\/industria-marina\/\" \/>\n<meta property=\"og:locale\" content=\"es_ES\" \/>\n<meta property=\"og:type\" content=\"article\" \/>\n<meta property=\"og:title\" content=\"Productos marinos - Soluciones de la industria - Trimaco\" \/>\n<meta property=\"og:description\" content=\"Trimaco ofrece productos marinos para cualquier situaci\u00f3n. \u00a1Explore todas nuestras opciones de protecci\u00f3n de superficies hoy mismo!\" \/>\n<meta property=\"og:url\" content=\"https:\/\/trimaco.com\/es\/industrias\/industria-marina\/\" \/>\n<meta property=\"og:site_name\" content=\"Trimaco\" \/>\n<meta property=\"article:publisher\" content=\"https:\/\/www.facebook.com\/pages\/Trimaco\/346858225385747?ref=ts\" \/>\n<meta property=\"article:modified_time\" content=\"2021-12-16T18:22:07+00:00\" \/>\n<meta property=\"og:image\" content=\"https:\/\/trimaco.com\/wp-content\/uploads\/2017\/01\/tyvek-dual-2.jpg\" \/>\n\t<meta property=\"og:image:width\" content=\"1000\" \/>\n\t<meta property=\"og:image:height\" content=\"1000\" \/>\n\t<meta property=\"og:image:type\" content=\"image\/jpeg\" \/>\n<meta name=\"twitter:card\" content=\"summary_large_image\" \/>\n<meta name=\"twitter:site\" content=\"@trimacoinc\" \/>\n<meta name=\"twitter:label1\" content=\"Tiempo de lectura\" \/>\n\t<meta name=\"twitter:data1\" content=\"2 minutos\" \/>\n<!-- \/ Yoast SEO plugin. -->","yoast_head_json":{"title":"Productos marinos - Soluciones de la industria - Trimaco","description":"Trimaco ofrece productos marinos para cualquier situaci\u00f3n. \u00a1Explore todas nuestras opciones de protecci\u00f3n de superficies hoy mismo!","robots":{"index":"index","follow":"follow","max-snippet":"max-snippet:-1","max-image-preview":"max-image-preview:large","max-video-preview":"max-video-preview:-1"},"canonical":"https:\/\/trimaco.com\/es\/industrias\/industria-marina\/","og_locale":"es_ES","og_type":"article","og_title":"Productos marinos - Soluciones de la industria - Trimaco","og_description":"Trimaco ofrece productos marinos para cualquier situaci\u00f3n. \u00a1Explore todas nuestras opciones de protecci\u00f3n de superficies hoy mismo!","og_url":"https:\/\/trimaco.com\/es\/industrias\/industria-marina\/","og_site_name":"Trimaco","article_publisher":"https:\/\/www.facebook.com\/pages\/Trimaco\/346858225385747?ref=ts","article_modified_time":"2021-12-16T18:22:07+00:00","og_image":[{"width":1000,"height":1000,"url":"https:\/\/trimaco.com\/wp-content\/uploads\/2017\/01\/tyvek-dual-2.jpg","type":"image\/jpeg"}],"twitter_card":"summary_large_image","twitter_site":"@trimacoinc","twitter_misc":{"Tiempo de lectura":"2 minutos"},"schema":{"@context":"https:\/\/schema.org","@graph":[{"@type":"WebPage","@id":"https:\/\/trimaco.com\/es\/industrias\/industria-marina\/","url":"https:\/\/trimaco.com\/es\/industrias\/industria-marina\/","name":"Productos marinos - Soluciones de la industria - Trimaco","isPartOf":{"@id":"https:\/\/trimaco.com\/#website"},"primaryImageOfPage":{"@id":"https:\/\/trimaco.com\/es\/industrias\/industria-marina\/#primaryimage"},"image":{"@id":"https:\/\/trimaco.com\/es\/industrias\/industria-marina\/#primaryimage"},"thumbnailUrl":"https:\/\/trimaco.com\/wp-content\/uploads\/2017\/01\/tyvek-dual-2.jpg","datePublished":"2020-11-18T19:20:44+00:00","dateModified":"2021-12-16T18:22:07+00:00","description":"Trimaco ofrece productos marinos para cualquier situaci\u00f3n. \u00a1Explore todas nuestras opciones de protecci\u00f3n de superficies hoy mismo!","breadcrumb":{"@id":"https:\/\/trimaco.com\/es\/industrias\/industria-marina\/#breadcrumb"},"inLanguage":"es","potentialAction":[{"@type":"ReadAction","target":["https:\/\/trimaco.com\/es\/industrias\/industria-marina\/"]}]},{"@type":"ImageObject","inLanguage":"es","@id":"https:\/\/trimaco.com\/es\/industrias\/industria-marina\/#primaryimage","url":"https:\/\/trimaco.com\/wp-content\/uploads\/2017\/01\/tyvek-dual-2.jpg","contentUrl":"https:\/\/trimaco.com\/wp-content\/uploads\/2017\/01\/tyvek-dual-2.jpg","width":1000,"height":1000,"caption":"painting a boat in a tyvek dual suit"},{"@type":"BreadcrumbList","@id":"https:\/\/trimaco.com\/es\/industrias\/industria-marina\/#breadcrumb","itemListElement":[{"@type":"ListItem","position":1,"name":"Home","item":"https:\/\/trimaco.com\/"},{"@type":"ListItem","position":2,"name":"Industrias","item":"https:\/\/trimaco.com\/industries\/"},{"@type":"ListItem","position":3,"name":"Industria Marina"}]},{"@type":"WebSite","@id":"https:\/\/trimaco.com\/#website","url":"https:\/\/trimaco.com\/","name":"Trimaco","description":"Total Jobsite Protection\u2122","publisher":{"@id":"https:\/\/trimaco.com\/#organization"},"potentialAction":[{"@type":"SearchAction","target":{"@type":"EntryPoint","urlTemplate":"https:\/\/trimaco.com\/?s={search_term_string}"},"query-input":{"@type":"PropertyValueSpecification","valueRequired":true,"valueName":"search_term_string"}}],"inLanguage":"es"},{"@type":"Organization","@id":"https:\/\/trimaco.com\/#organization","name":"Trimaco","url":"https:\/\/trimaco.com\/","logo":{"@type":"ImageObject","inLanguage":"es","@id":"https:\/\/trimaco.com\/#\/schema\/logo\/image\/","url":"https:\/\/trimaco.com\/wp-content\/uploads\/2016\/08\/login-logo.png","contentUrl":"https:\/\/trimaco.com\/wp-content\/uploads\/2016\/08\/login-logo.png","width":450,"height":69,"caption":"Trimaco"},"image":{"@id":"https:\/\/trimaco.com\/#\/schema\/logo\/image\/"},"sameAs":["https:\/\/www.facebook.com\/pages\/Trimaco\/346858225385747?ref=ts","https:\/\/x.com\/trimacoinc","https:\/\/www.instagram.com\/trimaco_inc\/","https:\/\/pinterest.com\/trimaco\/","https:\/\/www.youtube.com\/c\/trimacoinc"]}]}},"_links":{"self":[{"href":"https:\/\/trimaco.com\/es\/wp-json\/wp\/v2\/pages\/10327","targetHints":{"allow":["GET"]}}],"collection":[{"href":"https:\/\/trimaco.com\/es\/wp-json\/wp\/v2\/pages"}],"about":[{"href":"https:\/\/trimaco.com\/es\/wp-json\/wp\/v2\/types\/page"}],"author":[{"embeddable":true,"href":"https:\/\/trimaco.com\/es\/wp-json\/wp\/v2\/users\/9"}],"replies":[{"embeddable":true,"href":"https:\/\/trimaco.com\/es\/wp-json\/wp\/v2\/comments?post=10327"}],"version-history":[{"count":0,"href":"https:\/\/trimaco.com\/es\/wp-json\/wp\/v2\/pages\/10327\/revisions"}],"up":[{"embeddable":true,"href":"https:\/\/trimaco.com\/es\/wp-json\/wp\/v2\/pages\/9846"}],"wp:featuredmedia":[{"embeddable":true,"href":"https:\/\/trimaco.com\/es\/wp-json\/wp\/v2\/media\/20078"}],"wp:attachment":[{"href":"https:\/\/trimaco.com\/es\/wp-json\/wp\/v2\/media?parent=10327"}],"curies":[{"name":"wp","href":"https:\/\/api.w.org\/{rel}","templated":true}]}}