{"id":10324,"date":"2020-11-18T15:12:19","date_gmt":"2020-11-18T19:12:19","guid":{"rendered":"https:\/\/trimaco.wpengine.com\/industrias\/construccion\/"},"modified":"2021-12-16T14:22:07","modified_gmt":"2021-12-16T18:22:07","slug":"construccion","status":"publish","type":"page","link":"https:\/\/trimaco.com\/es\/industrias\/construccion\/","title":{"rendered":"Construcci\u00f3n"},"content":{"rendered":"<p><img decoding=\"async\" data-src=\"https:\/\/trimaco.com\/wp-content\/uploads\/2020\/04\/construction-industry-website-1024x327.jpg\" alt=\"protecci\u00f3n del sitio de construcci\u00f3n\" width=\"1024\" height=\"327\" class=\"alignnone size-large wp-image-9154 lazyload\" data-srcset=\"https:\/\/trimaco.com\/wp-content\/uploads\/2020\/04\/construction-industry-website.jpg 1024w, https:\/\/trimaco.com\/wp-content\/uploads\/2020\/04\/construction-industry-website-300x96.jpg 300w, https:\/\/trimaco.com\/wp-content\/uploads\/2020\/04\/construction-industry-website-768x245.jpg 768w, https:\/\/trimaco.com\/wp-content\/uploads\/2020\/04\/construction-industry-website-624x199.jpg 624w\" data-sizes=\"(max-width: 1024px) 100vw, 1024px\" src=\"data:image\/svg+xml;base64,PHN2ZyB3aWR0aD0iMSIgaGVpZ2h0PSIxIiB4bWxucz0iaHR0cDovL3d3dy53My5vcmcvMjAwMC9zdmciPjwvc3ZnPg==\" style=\"--smush-placeholder-width: 1024px; --smush-placeholder-aspect-ratio: 1024\/327;\" \/><\/p>\n<p>\nLa industria de la construcci\u00f3n incluye una amplia gama de tipos de trabajo. Existen cuatro tipos principales de proyectos de construcci\u00f3n, incluyendo comerciales, residenciales, industriales y de infraestructura. Trimaco proporciona soluciones de protecci\u00f3n de sitios de construcci\u00f3n como protecci\u00f3n de superficies, sistemas de contenci\u00f3n de polvo y EPI para mantener al personal seguro en el trabajo.\n<\/p>\n<h2>Construcci\u00f3n Residencial<\/h2>\n<p>\nLa construcci\u00f3n residencial es algo que normalmente vemos a diario. Este sector incluye la construcci\u00f3n de viviendas, barrios, remodelaciones o cualquier otro proyecto que trate con el domicilio de un residente. Trimaco ofrece <a href=\"https:\/\/trimaco.com\/es\/productos\/papel-de-suelo\/\">papel de protecci\u00f3n<\/a> para el suelo de alta calidad, como <a href=\"https:\/\/trimaco.com\/es\/productos\/papel-de-suelo\/papel-de-suelo-de-resina-rojo-y-cafe\/\">papel de colofonia roja.<\/a>\n<\/p>\n<h2>Construcci\u00f3n Comercial<\/h2>\n<p>\nLos sitios de construcci\u00f3n comercial incluyen una amplia gama de proyectos, incluyendo trabajos en edificios de oficinas, espacios comerciales, instalaciones de fabricaci\u00f3n, centros m\u00e9dicos y m\u00e1s. Al igual que la construcci\u00f3n residencial, Trimaco ofrece soluciones para la protecci\u00f3n en el lugar de trabajo que incluyen <a href=\"https:\/\/trimaco.com\/es\/productos\/proteccion-de-superficies-de-servicio-pesado\/\">protecci\u00f3n temporal de pisos<\/a> y <a href=\"https:\/\/trimaco.com\/es\/productos\/prendas-de-proteccion\/\">productos de protecci\u00f3n personal<\/a> que ayudan a las personas durante el trabajo. <\/p>\n<h2>Construcci\u00f3n Industrial<\/h2>\n<p>\nEsta \u00e1rea de construcci\u00f3n es un poco m\u00e1s especializada que la residencial y comercial. Estos proyectos de construcci\u00f3n normalmente requieren un mayor nivel de experiencia y capacitaci\u00f3n. <\/p>\n<p>\u00bfCu\u00e1l es la diferencia entre la construcci\u00f3n industrial y comercial? La construcci\u00f3n industrial incluye el dise\u00f1o, planificaci\u00f3n y construcci\u00f3n de grandes f\u00e1bricas, plantas de fabricaci\u00f3n y plantas de energ\u00eda. Dado que estos proyectos son m\u00e1s <a href=\"https:\/\/trimaco.com\/es\/productos\/prendas-de-proteccion\/overoles-anaranjados-de-alta-visibilidad-tyvek-500-de-dupont\/\">especializados<\/a>, Trimaco tiene una lista minuciosa de productos de protecci\u00f3n que son relevantes para estos trabajos, pero que son igual de importantes, incluyendo cubiertas especiales y protectores de <a href=\"https:\/\/trimaco.com\/es\/productos\/proteccion-de-superficies-de-servicio-pesado\/proteccion-de-superficie-retardante-de-llamas-aqua-shield\/\">suelo antideslizantes.<\/a>\n<\/p>\n<h2>Construcci\u00f3n de infraestructuras<\/h2>\n<p>\nLas empresas de ingenier\u00eda civil manejan principalmente este tipo de trabajo. Desde la construcci\u00f3n de carreteras y puentes hasta oleoductos y ferrocarriles a gran escala, estos proyectos nos proporcionan un sistema organizado que se necesita para vivir nuestra vida cotidiana.<\/p>\n<p>Al igual que los industriales, estos son trabajos de construcci\u00f3n a gran escala, pero especializados. Trimaco ofrece productos de protecci\u00f3n de sitios de construcci\u00f3n tales como cubiertas especiales, productos de protecci\u00f3n y otros <a href=\"https:\/\/trimaco.com\/es\/productos\/prendas-de-proteccion\/\">EPI<\/a> que son necesarios en el sitio de trabajo.\n<\/p>\n<h2>Trimaco y la industria de la construcci\u00f3n<\/h2>\n<p>\nLos productos de Trimaco son para trabajos pesados y pueden proteger a las personas que trabajan en obras de construcci\u00f3n. Ya sea que el lugar de trabajo necesite <a href=\"https:\/\/trimaco.com\/es\/productos\/proteccion-de-superficies-de-servicio-pesado\/proteccion-de-superficie-retardante-de-llamas-aqua-shield\/\">protecci\u00f3n de suelo resistente al agua<\/a> o incombustible, <a href=\"https:\/\/trimaco.com\/es\/productos\/prendas-de-proteccion\/cubiertas-de-zapatos-smartgrip\/\">cubre zapatos antideslizantes<\/a> o <a href=\"https:\/\/trimaco.com\/es\/productos\/peliculas-protectoras-de-superficie\/\">pel\u00edculas de protecci\u00f3n autoadhesivas<\/a>, Trimaco es su tienda integral para la protecci\u00f3n del sitio de construcci\u00f3n. Explore algunos de los productos de construcci\u00f3n m\u00e1s populares de Trimaco:\n<\/p>\n<ul>\n<li><a href=\"https:\/\/trimaco.com\/es\/productos\/proteccion-de-superficies-de-servicio-pesado\/proteccion-de-superficie-retardante-de-llamas-aqua-shield\/\">Protector de superficie Aqua Shield<\/a><\/li>\n<li><a href=\"https:\/\/trimaco.com\/es\/productos\/proteccion-de-superficies-de-servicio-pesado\/plastico-corrugado-x-plastic-laminas-resistentes-al-impacto\/\">Protector de superficie X-Plastic<\/a><\/li>\n<li><a href=\"https:\/\/trimaco.com\/es\/productos\/prendas-de-proteccion\/overoles-protectores-profesionales-tyvek-de-dupont\/\">Overoles Tyvek de DuPont<\/a><\/li>\n<\/ul>\n<p>Si desea obtener m\u00e1s informaci\u00f3n sobre el producto, <a href=\"https:\/\/trimaco.com\/es\/contactenos\/\">p\u00f3ngase en contacto con<\/a>.<\/p>\n","protected":false},"excerpt":{"rendered":"<p>La industria de la construcci\u00f3n incluye una amplia gama de tipos de trabajo. Existen cuatro tipos principales de proyectos de construcci\u00f3n, incluyendo comerciales, residenciales, industriales y de infraestructura. Trimaco proporciona soluciones de protecci\u00f3n de sitios<a class=\"read-more\" href=\"https:\/\/trimaco.com\/es\/industrias\/construccion\/\"> &#8230;Continue Reading<\/a><\/p>\n","protected":false},"author":9,"featured_media":20927,"parent":9846,"menu_order":2,"comment_status":"closed","ping_status":"closed","template":"page_industries-child.php","meta":{"_acf_changed":false,"footnotes":""},"class_list":["post-10324","page","type-page","status-publish","has-post-thumbnail","hentry"],"acf":[],"yoast_head":"<!-- This site is optimized with the Yoast SEO plugin v27.1.1 - https:\/\/yoast.com\/product\/yoast-seo-wordpress\/ -->\n<title>Productos de protecci\u00f3n de obra - Soluciones industriales - Trimaco<\/title>\n<meta name=\"description\" content=\"Trimaco lleva una amplia selecci\u00f3n de productos de protecci\u00f3n de sitios de construcci\u00f3n como protectores de superficie, sistemas de contenci\u00f3n de polvo, y mucho m\u00e1s!\" \/>\n<meta name=\"robots\" content=\"index, follow, max-snippet:-1, max-image-preview:large, max-video-preview:-1\" \/>\n<link rel=\"canonical\" href=\"https:\/\/trimaco.com\/es\/industrias\/construccion\/\" \/>\n<meta property=\"og:locale\" content=\"es_ES\" \/>\n<meta property=\"og:type\" content=\"article\" \/>\n<meta property=\"og:title\" content=\"Productos de protecci\u00f3n de obra - Soluciones industriales - Trimaco\" \/>\n<meta property=\"og:description\" content=\"Trimaco lleva una amplia selecci\u00f3n de productos de protecci\u00f3n de sitios de construcci\u00f3n como protectores de superficie, sistemas de contenci\u00f3n de polvo, y mucho m\u00e1s!\" \/>\n<meta property=\"og:url\" content=\"https:\/\/trimaco.com\/es\/industrias\/construccion\/\" \/>\n<meta property=\"og:site_name\" content=\"Trimaco\" \/>\n<meta property=\"article:publisher\" content=\"https:\/\/www.facebook.com\/pages\/Trimaco\/346858225385747?ref=ts\" \/>\n<meta property=\"article:modified_time\" content=\"2021-12-16T18:22:07+00:00\" \/>\n<meta property=\"og:image\" content=\"https:\/\/trimaco.com\/wp-content\/uploads\/2019\/10\/SuperTuff-Tack-Back.jpg\" \/>\n\t<meta property=\"og:image:width\" content=\"435\" \/>\n\t<meta property=\"og:image:height\" content=\"435\" \/>\n\t<meta property=\"og:image:type\" content=\"image\/jpeg\" \/>\n<meta name=\"twitter:card\" content=\"summary_large_image\" \/>\n<meta name=\"twitter:site\" content=\"@trimacoinc\" \/>\n<meta name=\"twitter:label1\" content=\"Tiempo de lectura\" \/>\n\t<meta name=\"twitter:data1\" content=\"3 minutos\" \/>\n<!-- \/ Yoast SEO plugin. -->","yoast_head_json":{"title":"Productos de protecci\u00f3n de obra - Soluciones industriales - Trimaco","description":"Trimaco lleva una amplia selecci\u00f3n de productos de protecci\u00f3n de sitios de construcci\u00f3n como protectores de superficie, sistemas de contenci\u00f3n de polvo, y mucho m\u00e1s!","robots":{"index":"index","follow":"follow","max-snippet":"max-snippet:-1","max-image-preview":"max-image-preview:large","max-video-preview":"max-video-preview:-1"},"canonical":"https:\/\/trimaco.com\/es\/industrias\/construccion\/","og_locale":"es_ES","og_type":"article","og_title":"Productos de protecci\u00f3n de obra - Soluciones industriales - Trimaco","og_description":"Trimaco lleva una amplia selecci\u00f3n de productos de protecci\u00f3n de sitios de construcci\u00f3n como protectores de superficie, sistemas de contenci\u00f3n de polvo, y mucho m\u00e1s!","og_url":"https:\/\/trimaco.com\/es\/industrias\/construccion\/","og_site_name":"Trimaco","article_publisher":"https:\/\/www.facebook.com\/pages\/Trimaco\/346858225385747?ref=ts","article_modified_time":"2021-12-16T18:22:07+00:00","og_image":[{"width":435,"height":435,"url":"https:\/\/trimaco.com\/wp-content\/uploads\/2019\/10\/SuperTuff-Tack-Back.jpg","type":"image\/jpeg"}],"twitter_card":"summary_large_image","twitter_site":"@trimacoinc","twitter_misc":{"Tiempo de lectura":"3 minutos"},"schema":{"@context":"https:\/\/schema.org","@graph":[{"@type":"WebPage","@id":"https:\/\/trimaco.com\/es\/industrias\/construccion\/","url":"https:\/\/trimaco.com\/es\/industrias\/construccion\/","name":"Productos de protecci\u00f3n de obra - Soluciones industriales - Trimaco","isPartOf":{"@id":"https:\/\/trimaco.com\/#website"},"primaryImageOfPage":{"@id":"https:\/\/trimaco.com\/es\/industrias\/construccion\/#primaryimage"},"image":{"@id":"https:\/\/trimaco.com\/es\/industrias\/construccion\/#primaryimage"},"thumbnailUrl":"https:\/\/trimaco.com\/wp-content\/uploads\/2019\/10\/SuperTuff-Tack-Back.jpg","datePublished":"2020-11-18T19:12:19+00:00","dateModified":"2021-12-16T18:22:07+00:00","description":"Trimaco lleva una amplia selecci\u00f3n de productos de protecci\u00f3n de sitios de construcci\u00f3n como protectores de superficie, sistemas de contenci\u00f3n de polvo, y mucho m\u00e1s!","breadcrumb":{"@id":"https:\/\/trimaco.com\/es\/industrias\/construccion\/#breadcrumb"},"inLanguage":"es","potentialAction":[{"@type":"ReadAction","target":["https:\/\/trimaco.com\/es\/industrias\/construccion\/"]}]},{"@type":"ImageObject","inLanguage":"es","@id":"https:\/\/trimaco.com\/es\/industrias\/construccion\/#primaryimage","url":"https:\/\/trimaco.com\/wp-content\/uploads\/2019\/10\/SuperTuff-Tack-Back.jpg","contentUrl":"https:\/\/trimaco.com\/wp-content\/uploads\/2019\/10\/SuperTuff-Tack-Back.jpg","width":435,"height":435,"caption":"walking on supertuff tack back"},{"@type":"BreadcrumbList","@id":"https:\/\/trimaco.com\/es\/industrias\/construccion\/#breadcrumb","itemListElement":[{"@type":"ListItem","position":1,"name":"Home","item":"https:\/\/trimaco.com\/"},{"@type":"ListItem","position":2,"name":"Industrias","item":"https:\/\/trimaco.com\/industries\/"},{"@type":"ListItem","position":3,"name":"Construcci\u00f3n"}]},{"@type":"WebSite","@id":"https:\/\/trimaco.com\/#website","url":"https:\/\/trimaco.com\/","name":"Trimaco","description":"Total Jobsite Protection\u2122","publisher":{"@id":"https:\/\/trimaco.com\/#organization"},"potentialAction":[{"@type":"SearchAction","target":{"@type":"EntryPoint","urlTemplate":"https:\/\/trimaco.com\/?s={search_term_string}"},"query-input":{"@type":"PropertyValueSpecification","valueRequired":true,"valueName":"search_term_string"}}],"inLanguage":"es"},{"@type":"Organization","@id":"https:\/\/trimaco.com\/#organization","name":"Trimaco","url":"https:\/\/trimaco.com\/","logo":{"@type":"ImageObject","inLanguage":"es","@id":"https:\/\/trimaco.com\/#\/schema\/logo\/image\/","url":"https:\/\/trimaco.com\/wp-content\/uploads\/2016\/08\/login-logo.png","contentUrl":"https:\/\/trimaco.com\/wp-content\/uploads\/2016\/08\/login-logo.png","width":450,"height":69,"caption":"Trimaco"},"image":{"@id":"https:\/\/trimaco.com\/#\/schema\/logo\/image\/"},"sameAs":["https:\/\/www.facebook.com\/pages\/Trimaco\/346858225385747?ref=ts","https:\/\/x.com\/trimacoinc","https:\/\/www.instagram.com\/trimaco_inc\/","https:\/\/pinterest.com\/trimaco\/","https:\/\/www.youtube.com\/c\/trimacoinc"]}]}},"_links":{"self":[{"href":"https:\/\/trimaco.com\/es\/wp-json\/wp\/v2\/pages\/10324","targetHints":{"allow":["GET"]}}],"collection":[{"href":"https:\/\/trimaco.com\/es\/wp-json\/wp\/v2\/pages"}],"about":[{"href":"https:\/\/trimaco.com\/es\/wp-json\/wp\/v2\/types\/page"}],"author":[{"embeddable":true,"href":"https:\/\/trimaco.com\/es\/wp-json\/wp\/v2\/users\/9"}],"replies":[{"embeddable":true,"href":"https:\/\/trimaco.com\/es\/wp-json\/wp\/v2\/comments?post=10324"}],"version-history":[{"count":0,"href":"https:\/\/trimaco.com\/es\/wp-json\/wp\/v2\/pages\/10324\/revisions"}],"up":[{"embeddable":true,"href":"https:\/\/trimaco.com\/es\/wp-json\/wp\/v2\/pages\/9846"}],"wp:featuredmedia":[{"embeddable":true,"href":"https:\/\/trimaco.com\/es\/wp-json\/wp\/v2\/media\/20927"}],"wp:attachment":[{"href":"https:\/\/trimaco.com\/es\/wp-json\/wp\/v2\/media?parent=10324"}],"curies":[{"name":"wp","href":"https:\/\/api.w.org\/{rel}","templated":true}]}}